{"id":8630,"date":"2025-09-17T12:10:09","date_gmt":"2025-09-17T10:10:09","guid":{"rendered":"https:\/\/boreait.com\/hu\/?post_type=product&#038;p=8630"},"modified":"2026-01-27T20:12:35","modified_gmt":"2026-01-27T19:12:35","slug":"hp-chromebook-11-11a-g8-ee-t77h644-88-qcnfa344a-eredeti-hp-vezetek-nelkuli-bluetooth-kartya","status":"publish","type":"product","link":"https:\/\/boreait.com\/hu\/termek\/hp-chromebook-11-11a-g8-ee-t77h644-88-qcnfa344a-eredeti-hp-vezetek-nelkuli-bluetooth-kartya\/","title":{"rendered":"HP Chromebook 11 11a G8 EE T77H644.88 QCNFA344A EREDETI HP VEZET\u00c9K N\u00c9LK\u00dcLI BLUETOOTH K\u00c1RTYA"},"content":{"rendered":"<p>N\u00f6velje HP Chromebook 11 11a G8 EE csatlakoztathat\u00f3s\u00e1g\u00e1t az eredeti HP vezet\u00e9k n\u00e9lk\u00fcli Bluetooth-k\u00e1rty\u00e1val (T77H644.88 QCNFA344A). A megb\u00edzhat\u00f3s\u00e1gra \u00e9s kompatibilit\u00e1sra kialak\u00edtott hiteles cserealkatr\u00e9sz z\u00f6kken\u0151mentes Bluetooth-kapcsolatot \u00e9s egyszer\u0171 telep\u00edt\u00e9st biztos\u00edt.<\/p>\n<p>F\u0151bb jellemz\u0151k:<\/p>\n<p>&#8211; Eredeti HP csere: A kompatibilit\u00e1s \u00e9s a megb\u00edzhat\u00f3s\u00e1g biztos\u00edt\u00e1sa hiteles cserealkatr\u00e9szekkel.<\/p>\n<p>&#8211; Z\u00f6kken\u0151mentes kapcsol\u00f3d\u00e1s: \u00c9lvezze a megszak\u00edt\u00e1s n\u00e9lk\u00fcli Bluetooth-kapcsolatot HP Chromebook 11 11a G8 EE k\u00e9sz\u00fcl\u00e9k\u00e9hez.<\/p>\n<p>&#8211; K\u00f6nny\u0171 telep\u00edt\u00e9s: Egyszer\u0171 telep\u00edt\u00e9ssel k\u00f6nnyed\u00e9n friss\u00edtheti eszk\u00f6z\u00e9t.<\/p>\n<p>&#8211; Tov\u00e1bbfejlesztett funkcionalit\u00e1s: B\u0151v\u00edtse Chromebookja k\u00e9pess\u00e9geit megb\u00edzhat\u00f3 Bluetooth-kapcsolattal.<\/p>\n<p>Friss\u00edtse HP Chromebook 11 11a G8 EE k\u00e9sz\u00fcl\u00e9k\u00e9t m\u00e9g ma az eredeti HP vezet\u00e9k n\u00e9lk\u00fcli Bluetooth-k\u00e1rty\u00e1val. V\u00e1s\u00e1roljon bizalommal, tudva, hogy min\u0151s\u00e9gi cserealkatr\u00e9szekbe fektet be k\u00e9sz\u00fcl\u00e9k\u00e9hez. Ha k\u00e9rd\u00e9se van, vagy seg\u00edts\u00e9gre van sz\u00fcks\u00e9ge, ne habozzon kapcsolatba l\u00e9pni vel\u00fcnk. Az\u00e9rt vagyunk itt, hogy seg\u00edts\u00fcnk Chromebookja funkci\u00f3inak fejleszt\u00e9s\u00e9ben.<\/p>\n","protected":false},"excerpt":{"rendered":"<p>Friss\u00edtse HP Chromebook 11 11a G8 EE k\u00e9sz\u00fcl\u00e9k\u00e9t ezzel az eredeti HP vezet\u00e9k n\u00e9lk\u00fcli Bluetooth-k\u00e1rty\u00e1val. Biztos\u00edtsa a z\u00f6kken\u0151mentes kapcsolatot \u00e9s kompatibilit\u00e1st. Fokozza eszk\u00f6ze funkcionalit\u00e1s\u00e1t m\u00e9g ma!<\/p>\n","protected":false},"featured_media":8685,"template":"","meta":[],"product_brand":[],"product_cat":[27],"product_tag":[25],"class_list":{"0":"post-8630","1":"product","2":"type-product","3":"status-publish","4":"has-post-thumbnail","6":"product_cat-motherboards-board-parts","7":"product_tag-hp","9":"first","10":"instock","11":"taxable","12":"shipping-taxable","13":"purchasable","14":"product-type-simple"},"_links":{"self":[{"href":"https:\/\/boreait.com\/hu\/wp-json\/wp\/v2\/product\/8630","targetHints":{"allow":["GET"]}}],"collection":[{"href":"https:\/\/boreait.com\/hu\/wp-json\/wp\/v2\/product"}],"about":[{"href":"https:\/\/boreait.com\/hu\/wp-json\/wp\/v2\/types\/product"}],"wp:featuredmedia":[{"embeddable":true,"href":"https:\/\/boreait.com\/hu\/wp-json\/wp\/v2\/media\/8685"}],"wp:attachment":[{"href":"https:\/\/boreait.com\/hu\/wp-json\/wp\/v2\/media?parent=8630"}],"wp:term":[{"taxonomy":"product_brand","embeddable":true,"href":"https:\/\/boreait.com\/hu\/wp-json\/wp\/v2\/product_brand?post=8630"},{"taxonomy":"product_cat","embeddable":true,"href":"https:\/\/boreait.com\/hu\/wp-json\/wp\/v2\/product_cat?post=8630"},{"taxonomy":"product_tag","embeddable":true,"href":"https:\/\/boreait.com\/hu\/wp-json\/wp\/v2\/product_tag?post=8630"}],"curies":[{"name":"wp","href":"https:\/\/api.w.org\/{rel}","templated":true}]}}