{"id":8629,"date":"2025-09-17T12:10:08","date_gmt":"2025-09-17T10:10:08","guid":{"rendered":"https:\/\/boreait.com\/hu\/?post_type=product&#038;p=8629"},"modified":"2026-01-27T20:12:20","modified_gmt":"2026-01-27T19:12:20","slug":"eredeti-hp-11-g8-ee-chromebook-bal-es-amp-jobb-oldali-hangszorokeszlet-dnpb184c003-vandnpb184c","status":"publish","type":"product","link":"https:\/\/boreait.com\/hu\/termek\/eredeti-hp-11-g8-ee-chromebook-bal-es-amp-jobb-oldali-hangszorokeszlet-dnpb184c003-vandnpb184c\/","title":{"rendered":"Eredeti HP 11 G8 EE Chromebook bal \u00e9s amp; Jobb oldali hangsz\u00f3r\u00f3k\u00e9szlet DNPB184C003 VANDNPB184C"},"content":{"rendered":"<p>Jav\u00edtsa HP 11 G8 EE Chromebookja hangmin\u0151s\u00e9g\u00e9t az eredeti Bal &amp; Jobb oldali hangsz\u00f3r\u00f3k\u00e9szlet, cikksz\u00e1m: DNPB184C003 VANDNPB184C. A z\u00f6kken\u0151mentes kompatibilit\u00e1s \u00e9s a megb\u00edzhat\u00f3 teljes\u00edtm\u00e9ny \u00e9rdek\u00e9ben ez az autentikus cserealkatr\u00e9sz fokozott hang\u00e9lm\u00e9nyt biztos\u00edt.<\/p>\n<p>F\u0151bb jellemz\u0151k:<\/p>\n<p>&#8211; Eredeti HP csere: A kompatibilit\u00e1s \u00e9s a megb\u00edzhat\u00f3s\u00e1g biztos\u00edt\u00e1sa hiteles cserealkatr\u00e9szekkel.<\/p>\n<p>&#8211; K\u00f6nny\u0171 telep\u00edt\u00e9s: Egyszer\u0171 telep\u00edt\u00e9ssel k\u00f6nnyed\u00e9n friss\u00edtheti Chromebookja hangj\u00e1t.<\/p>\n<p>&#8211; Tov\u00e1bbfejlesztett hang\u00e9lm\u00e9ny: \u00c9lvezze a tiszt\u00e1bb \u00e9s hangosabb hangz\u00e1st ezzel az eredeti hangsz\u00f3r\u00f3k\u00e9szlettel.<\/p>\n<p>&#8211; Tart\u00f3s konstrukci\u00f3: \u00fagy k\u00e9sz\u00fclt, hogy ellen\u00e1lljon a napi haszn\u00e1latnak, \u00edgy biztos\u00edtva a hossz\u00fa \u00e9lettartamot \u00e9s a megb\u00edzhat\u00f3s\u00e1got.<\/p>\n<p>Friss\u00edtse HP 11 G8 EE Chromebookj\u00e1t m\u00e9g ma az eredeti Left &amp; Jobb oldali hangsz\u00f3r\u00f3k\u00e9szlet. V\u00e1s\u00e1roljon bizalommal, tudva, hogy min\u0151s\u00e9gi cserealkatr\u00e9szekbe fektet be k\u00e9sz\u00fcl\u00e9k\u00e9hez. Ha k\u00e9rd\u00e9se van, vagy seg\u00edts\u00e9gre van sz\u00fcks\u00e9ge, ne habozzon kapcsolatba l\u00e9pni vel\u00fcnk. Az\u00e9rt vagyunk itt, hogy seg\u00edts\u00fcnk Chromebookja hang\u00e9lm\u00e9ny\u00e9nek jav\u00edt\u00e1s\u00e1ban.<\/p>\n","protected":false},"excerpt":{"rendered":"<p>Fokozza HP 11 G8 EE Chromebookja hangj\u00e1t ezzel az eredeti bal \u00e9s amp; Jobb oldali hangsz\u00f3r\u00f3k\u00e9szlet. K\u00f6nnyen telep\u00edthet\u0151 \u00e9s kompatibilis a DNPB184C003 VANDNPB184C cikksz\u00e1mmal. Friss\u00edtse Chromebookja hang\u00e9lm\u00e9ny\u00e9t m\u00e9g ma!<\/p>\n","protected":false},"featured_media":8684,"template":"","meta":[],"product_brand":[],"product_cat":[18],"product_tag":[25],"class_list":{"0":"post-8629","1":"product","2":"type-product","3":"status-publish","4":"has-post-thumbnail","6":"product_cat-laptop-speakers","7":"product_tag-hp","9":"first","10":"instock","11":"taxable","12":"shipping-taxable","13":"purchasable","14":"product-type-simple"},"_links":{"self":[{"href":"https:\/\/boreait.com\/hu\/wp-json\/wp\/v2\/product\/8629","targetHints":{"allow":["GET"]}}],"collection":[{"href":"https:\/\/boreait.com\/hu\/wp-json\/wp\/v2\/product"}],"about":[{"href":"https:\/\/boreait.com\/hu\/wp-json\/wp\/v2\/types\/product"}],"wp:featuredmedia":[{"embeddable":true,"href":"https:\/\/boreait.com\/hu\/wp-json\/wp\/v2\/media\/8684"}],"wp:attachment":[{"href":"https:\/\/boreait.com\/hu\/wp-json\/wp\/v2\/media?parent=8629"}],"wp:term":[{"taxonomy":"product_brand","embeddable":true,"href":"https:\/\/boreait.com\/hu\/wp-json\/wp\/v2\/product_brand?post=8629"},{"taxonomy":"product_cat","embeddable":true,"href":"https:\/\/boreait.com\/hu\/wp-json\/wp\/v2\/product_cat?post=8629"},{"taxonomy":"product_tag","embeddable":true,"href":"https:\/\/boreait.com\/hu\/wp-json\/wp\/v2\/product_tag?post=8629"}],"curies":[{"name":"wp","href":"https:\/\/api.w.org\/{rel}","templated":true}]}}