{"id":8627,"date":"2025-09-17T12:10:07","date_gmt":"2025-09-17T10:10:07","guid":{"rendered":"https:\/\/boreait.com\/hu\/?post_type=product&#038;p=8627"},"modified":"2026-01-27T20:12:06","modified_gmt":"2026-01-27T19:12:06","slug":"eredeti-hp-chromebook-11-g8-ee-tpn-q232-11a-kamerakabel-webkamera-vezetek-dd0gahcm020","status":"publish","type":"product","link":"https:\/\/boreait.com\/hu\/termek\/eredeti-hp-chromebook-11-g8-ee-tpn-q232-11a-kamerakabel-webkamera-vezetek-dd0gahcm020\/","title":{"rendered":"Eredeti HP Chromebook 11 G8 EE TPN-Q232 11a kamerak\u00e1bel webkamera vezet\u00e9k DD0GAHCM020"},"content":{"rendered":"<p>N\u00f6velje HP Chromebook 11 G8 EE f\u00e9nyk\u00e9pez\u0151g\u00e9pe funkci\u00f3it a DD0GAHCM020 cikksz\u00e1m\u00fa, eredeti kamerak\u00e1bel webkamera vezet\u00e9k\u00e9vel. A tart\u00f3ss\u00e1g \u00e9s a kompatibilit\u00e1s jegy\u00e9ben k\u00e9sz\u00fclt, ez az eredeti cserealkatr\u00e9sz megb\u00edzhat\u00f3 teljes\u00edtm\u00e9nyt \u00e9s egyszer\u0171 telep\u00edt\u00e9st biztos\u00edt.<\/p>\n<p>F\u0151bb jellemz\u0151k:<\/p>\n<p>&#8211; Eredeti HP csere: Biztos\u00edtsa a kompatibilit\u00e1st \u00e9s a megb\u00edzhat\u00f3s\u00e1got az eredeti cserealkatr\u00e9szekkel.<\/p>\n<p>&#8211; K\u00f6nny\u0171 telep\u00edt\u00e9s: Egyszer\u0171 telep\u00edt\u00e9ssel k\u00f6nnyed\u00e9n friss\u00edtheti eszk\u00f6ze kamer\u00e1j\u00e1t.<\/p>\n<p>&#8211; Tov\u00e1bbfejlesztett kamerateljes\u00edtm\u00e9ny: N\u00f6velje Chromebookja webkamer\u00e1j\u00e1nak teljes\u00edtm\u00e9ny\u00e9t a tiszt\u00e1bb videoh\u00edv\u00e1sok \u00e9s konferenci\u00e1k \u00e9rdek\u00e9ben.<\/p>\n<p>&#8211; Tart\u00f3s konstrukci\u00f3: \u00dagy tervezt\u00e9k, hogy ellen\u00e1lljon a rendszeres haszn\u00e1latnak, \u00edgy biztos\u00edtva a hossz\u00fa \u00e9lettartamot \u00e9s a megb\u00edzhat\u00f3s\u00e1got.<\/p>\n<p>Friss\u00edtse HP Chromebook 11 G8 EE k\u00e9sz\u00fcl\u00e9k\u00e9t m\u00e9g ma az eredeti Camera Cable Webcam Wire seg\u00edts\u00e9g\u00e9vel. V\u00e1s\u00e1roljon bizalommal, tudva, hogy min\u0151s\u00e9gi cserealkatr\u00e9szekbe fektet be k\u00e9sz\u00fcl\u00e9k\u00e9hez. Ha k\u00e9rd\u00e9se van, vagy seg\u00edts\u00e9gre van sz\u00fcks\u00e9ge, ne habozzon kapcsolatba l\u00e9pni vel\u00fcnk. Az\u00e9rt vagyunk itt, hogy seg\u00edts\u00fcnk Chromebookja funkci\u00f3inak fejleszt\u00e9s\u00e9ben.<\/p>\n","protected":false},"excerpt":{"rendered":"<p>Friss\u00edtse HP Chromebook 11 G8 EE f\u00e9nyk\u00e9pez\u0151g\u00e9pe funkci\u00f3it ezzel az eredeti kamerak\u00e1bel webkamera vezet\u00e9kkel. K\u00f6nnyen telep\u00edthet\u0151 \u00e9s kompatibilis a DD0GAHCM020 cikksz\u00e1mmal. Jav\u00edtsa eszk\u00f6ze webkamer\u00e1ja teljes\u00edtm\u00e9ny\u00e9t m\u00e9g ma!<\/p>\n","protected":false},"featured_media":8682,"template":"","meta":[],"product_brand":[],"product_cat":[20],"product_tag":[],"class_list":{"0":"post-8627","1":"product","2":"type-product","3":"status-publish","4":"has-post-thumbnail","6":"product_cat-cables","8":"first","9":"instock","10":"taxable","11":"shipping-taxable","12":"purchasable","13":"product-type-simple"},"_links":{"self":[{"href":"https:\/\/boreait.com\/hu\/wp-json\/wp\/v2\/product\/8627","targetHints":{"allow":["GET"]}}],"collection":[{"href":"https:\/\/boreait.com\/hu\/wp-json\/wp\/v2\/product"}],"about":[{"href":"https:\/\/boreait.com\/hu\/wp-json\/wp\/v2\/types\/product"}],"wp:featuredmedia":[{"embeddable":true,"href":"https:\/\/boreait.com\/hu\/wp-json\/wp\/v2\/media\/8682"}],"wp:attachment":[{"href":"https:\/\/boreait.com\/hu\/wp-json\/wp\/v2\/media?parent=8627"}],"wp:term":[{"taxonomy":"product_brand","embeddable":true,"href":"https:\/\/boreait.com\/hu\/wp-json\/wp\/v2\/product_brand?post=8627"},{"taxonomy":"product_cat","embeddable":true,"href":"https:\/\/boreait.com\/hu\/wp-json\/wp\/v2\/product_cat?post=8627"},{"taxonomy":"product_tag","embeddable":true,"href":"https:\/\/boreait.com\/hu\/wp-json\/wp\/v2\/product_tag?post=8627"}],"curies":[{"name":"wp","href":"https:\/\/api.w.org\/{rel}","templated":true}]}}