{"id":8626,"date":"2025-09-17T12:10:07","date_gmt":"2025-09-17T10:10:07","guid":{"rendered":"https:\/\/boreait.com\/hu\/?post_type=product&#038;p=8626"},"modified":"2026-01-27T20:11:48","modified_gmt":"2026-01-27T19:11:48","slug":"eredeti-hp-11-g8-ee-l92813-001-l92817-001-hutoborda-homodul","status":"publish","type":"product","link":"https:\/\/boreait.com\/hu\/termek\/eredeti-hp-11-g8-ee-l92813-001-l92817-001-hutoborda-homodul\/","title":{"rendered":"Eredeti HP 11 G8 EE L92813-001 L92817-001 h\u0171t\u0151borda h\u0151modul"},"content":{"rendered":"<p>N\u00f6velje HP 11 G8 EE laptopja h\u0171t\u00e9si hat\u00e9konys\u00e1g\u00e1t az eredeti h\u0171t\u0151borda h\u0151modullal, amely kompatibilis az L92813-001 \u00e9s L92817-001 cikksz\u00e1mokkal. Az optim\u00e1lis h\u0151kezel\u00e9sre tervezett eredeti cserealkatr\u00e9sz megb\u00edzhat\u00f3 teljes\u00edtm\u00e9nyt \u00e9s egyszer\u0171 telep\u00edt\u00e9st biztos\u00edt.<\/p>\n<p>F\u0151bb jellemz\u0151k:<\/p>\n<p>&#8211; Eredeti HP csere: Biztos\u00edtsa a kompatibilit\u00e1st \u00e9s a megb\u00edzhat\u00f3s\u00e1got az eredeti cserealkatr\u00e9szekkel.<\/p>\n<p>&#8211; Hat\u00e9kony h\u0151kezel\u00e9s: Jav\u00edtsa eszk\u00f6ze h\u0171t\u0151rendszer\u00e9t a jobb teljes\u00edtm\u00e9ny \u00e9rdek\u00e9ben.<\/p>\n<p>&#8211; Kompatibilit\u00e1s: Kompatibilis az L92813-001 \u00e9s L92817-001 cikksz\u00e1m\u00fa HP 11 G8 EE laptopokkal.<\/p>\n<p>&#8211; K\u00f6nny\u0171 telep\u00edt\u00e9s: Egyszer\u0171 telep\u00edt\u00e9ssel k\u00f6nnyed\u00e9n friss\u00edtheti eszk\u00f6ze h\u0151kezel\u00e9s\u00e9t.<\/p>\n<p>Friss\u00edtse HP 11 G8 EE laptopj\u00e1t m\u00e9g ma az eredeti Heatsink Thermal Module seg\u00edts\u00e9g\u00e9vel. V\u00e1s\u00e1roljon bizalommal, tudva, hogy min\u0151s\u00e9gi cserealkatr\u00e9szekbe fektet be k\u00e9sz\u00fcl\u00e9k\u00e9hez. Ha k\u00e9rd\u00e9se van, vagy seg\u00edts\u00e9gre van sz\u00fcks\u00e9ge, ne habozzon kapcsolatba l\u00e9pni vel\u00fcnk. Az\u00e9rt vagyunk itt, hogy seg\u00edts\u00fcnk eszk\u00f6ze teljes\u00edtm\u00e9ny\u00e9nek jav\u00edt\u00e1s\u00e1ban.<\/p>\n","protected":false},"excerpt":{"rendered":"<p>Fokozza HP 11 G8 EE h\u0171t\u0151rendszer\u00e9t ezzel az eredeti h\u0171t\u0151borda h\u0151modullal. Kompatibilis az L92813-001 \u00e9s L92817-001 cikksz\u00e1mokkal. Friss\u00edtse eszk\u00f6ze h\u0151kezel\u00e9s\u00e9t m\u00e9g ma!<\/p>\n","protected":false},"featured_media":8681,"template":"","meta":[],"product_brand":[],"product_cat":[33],"product_tag":[25],"class_list":{"0":"post-8626","1":"product","2":"type-product","3":"status-publish","4":"has-post-thumbnail","6":"product_cat-cpu-fans-heatsinks","7":"product_tag-hp","9":"first","10":"instock","11":"taxable","12":"shipping-taxable","13":"purchasable","14":"product-type-simple"},"_links":{"self":[{"href":"https:\/\/boreait.com\/hu\/wp-json\/wp\/v2\/product\/8626","targetHints":{"allow":["GET"]}}],"collection":[{"href":"https:\/\/boreait.com\/hu\/wp-json\/wp\/v2\/product"}],"about":[{"href":"https:\/\/boreait.com\/hu\/wp-json\/wp\/v2\/types\/product"}],"wp:featuredmedia":[{"embeddable":true,"href":"https:\/\/boreait.com\/hu\/wp-json\/wp\/v2\/media\/8681"}],"wp:attachment":[{"href":"https:\/\/boreait.com\/hu\/wp-json\/wp\/v2\/media?parent=8626"}],"wp:term":[{"taxonomy":"product_brand","embeddable":true,"href":"https:\/\/boreait.com\/hu\/wp-json\/wp\/v2\/product_brand?post=8626"},{"taxonomy":"product_cat","embeddable":true,"href":"https:\/\/boreait.com\/hu\/wp-json\/wp\/v2\/product_cat?post=8626"},{"taxonomy":"product_tag","embeddable":true,"href":"https:\/\/boreait.com\/hu\/wp-json\/wp\/v2\/product_tag?post=8626"}],"curies":[{"name":"wp","href":"https:\/\/api.w.org\/{rel}","templated":true}]}}