{"id":8625,"date":"2025-09-17T12:10:06","date_gmt":"2025-09-17T10:10:06","guid":{"rendered":"https:\/\/boreait.com\/hu\/?post_type=product&#038;p=8625"},"modified":"2025-09-17T12:11:11","modified_gmt":"2025-09-17T10:11:11","slug":"eredeti-hp-11-g8-ee-amd-chromebook-alaplap-l92813-001","status":"publish","type":"product","link":"https:\/\/boreait.com\/hu\/termek\/eredeti-hp-11-g8-ee-amd-chromebook-alaplap-l92813-001\/","title":{"rendered":"Eredeti HP 11 G8 EE (AMD) Chromebook alaplap L92813-001"},"content":{"rendered":"<p><strong>TESZTELVE \u00c9S TELJESEN M\u0170K\u00d6D\u0150!<\/strong><\/p>\n<p>Fokozza HP 11 G8 EE (AMD) Chromebookja teljes\u00edtm\u00e9ny\u00e9t az eredeti L92813-001 cikksz\u00e1m\u00fa alaplappal. A tart\u00f3ss\u00e1g \u00e9s a kompatibilit\u00e1s jegy\u00e9ben k\u00e9sz\u00fclt, ez az eredeti cserealkatr\u00e9sz megb\u00edzhat\u00f3 teljes\u00edtm\u00e9nyt \u00e9s egyszer\u0171 telep\u00edt\u00e9st biztos\u00edt. AMD A4-9120C 4 GB RAM 32 GB.<\/p>\n<p>F\u0151bb jellemz\u0151k:<\/p>\n<p>&#8211; Eredeti HP csere: A kompatibilit\u00e1s \u00e9s a megb\u00edzhat\u00f3s\u00e1g biztos\u00edt\u00e1sa hiteles cserealkatr\u00e9szekkel.<\/p>\n<p>&#8211; K\u00f6nny\u0171 telep\u00edt\u00e9s: Egyszer\u0171 telep\u00edt\u00e9ssel k\u00f6nnyed\u00e9n n\u00f6velheti Chromebookja teljes\u00edtm\u00e9ny\u00e9t.<\/p>\n<p>&#8211; Fokozott teljes\u00edtm\u00e9ny: Tapasztalja meg a megn\u00f6velt sebess\u00e9get \u00e9s funkcionalit\u00e1st egy \u00faj alaplappal.<\/p>\n<p>&#8211; Tart\u00f3s konstrukci\u00f3: \u00fagy k\u00e9sz\u00fclt, hogy ellen\u00e1lljon a napi haszn\u00e1latnak, \u00edgy biztos\u00edtva a hossz\u00fa \u00e9lettartamot \u00e9s a megb\u00edzhat\u00f3s\u00e1got.<\/p>\n<p>Friss\u00edtse HP 11 G8 EE (AMD) Chromebookj\u00e1t m\u00e9g ma az eredeti alaplappal. V\u00e1s\u00e1roljon bizalommal, tudva, hogy min\u0151s\u00e9gi cserealkatr\u00e9szekbe fektet be k\u00e9sz\u00fcl\u00e9k\u00e9hez. Ha k\u00e9rd\u00e9se van, vagy seg\u00edts\u00e9gre van sz\u00fcks\u00e9ge, ne habozzon kapcsolatba l\u00e9pni vel\u00fcnk. Az\u00e9rt vagyunk itt, hogy seg\u00edts\u00fcnk Chromebookja teljes\u00edtm\u00e9ny\u00e9nek jav\u00edt\u00e1s\u00e1ban.<\/p>\n","protected":false},"excerpt":{"rendered":"<p>Friss\u00edtse HP 11 G8 EE (AMD) Chromebookj\u00e1t ezzel az eredeti alaplappal. K\u00f6nnyen telep\u00edthet\u0151 \u00e9s kompatibilis az L92813-001 cikksz\u00e1mmal. N\u00f6velje Chromebookja teljes\u00edtm\u00e9ny\u00e9t m\u00e9g ma!<\/p>\n","protected":false},"featured_media":8680,"template":"","meta":[],"product_brand":[],"product_cat":[27],"product_tag":[25],"class_list":{"0":"post-8625","1":"product","2":"type-product","3":"status-publish","4":"has-post-thumbnail","6":"product_cat-motherboards-board-parts","7":"product_tag-hp","9":"first","10":"instock","11":"taxable","12":"shipping-taxable","13":"purchasable","14":"product-type-simple"},"_links":{"self":[{"href":"https:\/\/boreait.com\/hu\/wp-json\/wp\/v2\/product\/8625","targetHints":{"allow":["GET"]}}],"collection":[{"href":"https:\/\/boreait.com\/hu\/wp-json\/wp\/v2\/product"}],"about":[{"href":"https:\/\/boreait.com\/hu\/wp-json\/wp\/v2\/types\/product"}],"wp:featuredmedia":[{"embeddable":true,"href":"https:\/\/boreait.com\/hu\/wp-json\/wp\/v2\/media\/8680"}],"wp:attachment":[{"href":"https:\/\/boreait.com\/hu\/wp-json\/wp\/v2\/media?parent=8625"}],"wp:term":[{"taxonomy":"product_brand","embeddable":true,"href":"https:\/\/boreait.com\/hu\/wp-json\/wp\/v2\/product_brand?post=8625"},{"taxonomy":"product_cat","embeddable":true,"href":"https:\/\/boreait.com\/hu\/wp-json\/wp\/v2\/product_cat?post=8625"},{"taxonomy":"product_tag","embeddable":true,"href":"https:\/\/boreait.com\/hu\/wp-json\/wp\/v2\/product_tag?post=8625"}],"curies":[{"name":"wp","href":"https:\/\/api.w.org\/{rel}","templated":true}]}}