{"id":8623,"date":"2025-09-17T12:10:06","date_gmt":"2025-09-17T10:10:06","guid":{"rendered":"https:\/\/boreait.com\/hu\/?post_type=product&#038;p=8623"},"modified":"2026-01-27T20:11:34","modified_gmt":"2026-01-27T19:11:34","slug":"l89769-001-hp-chromebook-11-g8-ee-zsanersapka-borito-szegelyelolaphoz-szurke","status":"publish","type":"product","link":"https:\/\/boreait.com\/hu\/termek\/l89769-001-hp-chromebook-11-g8-ee-zsanersapka-borito-szegelyelolaphoz-szurke\/","title":{"rendered":"L89769-001 HP Chromebook 11 G8 EE zsan\u00e9rsapka bor\u00edt\u00f3 szeg\u00e9lyel\u0151laphoz sz\u00fcrke"},"content":{"rendered":"<p>N\u00f6velje HP Chromebook 11 G8 EE megjelen\u00e9s\u00e9t \u00e9s tart\u00f3ss\u00e1g\u00e1t a sz\u00fcrke csukl\u00f3sapka-bor\u00edt\u00f3 d\u00edszel\u0151lappal, cikksz\u00e1m: L89769-001. Ez a prec\u00edzen kidolgozott cserealkatr\u00e9sz t\u00f6k\u00e9letes illeszked\u00e9st \u00e9s megb\u00edzhat\u00f3 teljes\u00edtm\u00e9nyt biztos\u00edt.<\/p>\n<p>F\u0151bb jellemz\u0151k:<\/p>\n<p>&#8211; Eredeti HP csere: A kompatibilit\u00e1s \u00e9s a megb\u00edzhat\u00f3s\u00e1g biztos\u00edt\u00e1sa hiteles cserealkatr\u00e9szekkel.<\/p>\n<p>&#8211; K\u00f6nny\u0171 telep\u00edt\u00e9s: Egyszer\u0171 telep\u00edt\u00e9ssel k\u00f6nnyed\u00e9n friss\u00edtheti laptopj\u00e1t.<\/p>\n<p>&#8211; Tov\u00e1bbfejlesztett megjelen\u00e9s: Friss\u00edtse HP Chromebook 11 G8 EE megjelen\u00e9s\u00e9t ezzel az eleg\u00e1ns, sz\u00fcrke el\u0151lappal.<\/p>\n<p>&#8211; Tart\u00f3s konstrukci\u00f3: Ezzel az er\u0151s burkolattal v\u00e9di a csukl\u00f3p\u00e1ntot a kop\u00e1st\u00f3l \u00e9s elszakad\u00e1st\u00f3l.<\/p>\n<p>Friss\u00edtse laptopja teljes\u00edtm\u00e9ny\u00e9t:<\/p>\n<p>Tapasztalja meg a tov\u00e1bbfejlesztett eszt\u00e9tik\u00e1t \u00e9s funkcionalit\u00e1st laptopja megjelen\u00e9s\u00e9nek jav\u00edt\u00e1s\u00e1val \u00e9s a csukl\u00f3p\u00e1ntok v\u00e9delm\u00e9vel.<\/p>\n<p>Egyszer\u0171 telep\u00edt\u00e9s:<\/p>\n<p>Egyszer\u0171 telep\u00edt\u00e9ssel, professzion\u00e1lis seg\u00edts\u00e9g n\u00e9lk\u00fcl, k\u00f6nnyed\u00e9n jav\u00edthatja laptopja eszt\u00e9tik\u00e1j\u00e1t.<\/p>\n<p>Min\u0151s\u00e9gbiztos\u00edt\u00e1s:<\/p>\n<p>Biztos lehet benne, hogy egy kiv\u00e1l\u00f3 min\u0151s\u00e9g\u0171, eredeti HP cserealkatr\u00e9szbe fektet be, amelyet a megb\u00edzhat\u00f3s\u00e1g \u00e9s a hossz\u00fa \u00e9lettartam \u00e9rdek\u00e9ben terveztek.<\/p>\n<p>K\u00e9rj\u00fck, vegye figyelembe, hogy b\u00e1r a r\u00e9szletes telep\u00edt\u00e9si utas\u00edt\u00e1sokat nem adjuk meg, nyugodtan forduljon hozz\u00e1nk, ha k\u00e9rd\u00e9se van, vagy seg\u00edts\u00e9gre van sz\u00fcks\u00e9ge. A list\u00e1n szerepl\u0151 val\u00f3di term\u00e9kfot\u00f3k pontosan le\u00edrj\u00e1k, hogy mit fog kapni, t\u00fckr\u00f6zve az \u00e1tl\u00e1that\u00f3s\u00e1g \u00e9s az \u00fcgyfelek el\u00e9gedetts\u00e9ge ir\u00e1nti elk\u00f6telezetts\u00e9g\u00fcnket.<\/p>\n<p>Friss\u00edtse HP Chromebook 11 G8 EE k\u00e9sz\u00fcl\u00e9k\u00e9t m\u00e9g ma a csukl\u00f3sapka bor\u00edt\u00f3 szeg\u00e9lyl\u00e9c\u00e9vel. V\u00e1s\u00e1roljon bizalommal, tudva, hogy laptopja min\u0151s\u00e9gi cserealkatr\u00e9sz\u00e9be fektet be. Ha k\u00e9rd\u00e9se van, vagy tov\u00e1bbi seg\u00edts\u00e9gre van sz\u00fcks\u00e9ge, ne habozzon kapcsolatba l\u00e9pni vel\u00fcnk. Az\u00e9rt vagyunk itt, hogy seg\u00edts\u00fcnk jav\u00edtani eszk\u00f6ze eszt\u00e9tik\u00e1j\u00e1t.<\/p>\n","protected":false},"excerpt":{"rendered":"<p>Friss\u00edtse HP Chromebook 11 G8 EE k\u00e9sz\u00fcl\u00e9k\u00e9t ezzel a sz\u00fcrke sz\u00edn\u0171, csukl\u00f3sapkaburkolat\u00fa d\u00edszel\u0151lappal. K\u00f6nnyen telep\u00edthet\u0151 \u00e9s kompatibilis az L89769-001 cikksz\u00e1mmal. N\u00f6velje laptopja megjelen\u00e9s\u00e9t m\u00e9g ma!<\/p>\n","protected":false},"featured_media":8677,"template":"","meta":[],"product_brand":[],"product_cat":[16],"product_tag":[25],"class_list":{"0":"post-8623","1":"product","2":"type-product","3":"status-publish","4":"has-post-thumbnail","6":"product_cat-laptop-housing","7":"product_tag-hp","9":"first","10":"instock","11":"taxable","12":"shipping-taxable","13":"purchasable","14":"product-type-simple"},"_links":{"self":[{"href":"https:\/\/boreait.com\/hu\/wp-json\/wp\/v2\/product\/8623","targetHints":{"allow":["GET"]}}],"collection":[{"href":"https:\/\/boreait.com\/hu\/wp-json\/wp\/v2\/product"}],"about":[{"href":"https:\/\/boreait.com\/hu\/wp-json\/wp\/v2\/types\/product"}],"wp:featuredmedia":[{"embeddable":true,"href":"https:\/\/boreait.com\/hu\/wp-json\/wp\/v2\/media\/8677"}],"wp:attachment":[{"href":"https:\/\/boreait.com\/hu\/wp-json\/wp\/v2\/media?parent=8623"}],"wp:term":[{"taxonomy":"product_brand","embeddable":true,"href":"https:\/\/boreait.com\/hu\/wp-json\/wp\/v2\/product_brand?post=8623"},{"taxonomy":"product_cat","embeddable":true,"href":"https:\/\/boreait.com\/hu\/wp-json\/wp\/v2\/product_cat?post=8623"},{"taxonomy":"product_tag","embeddable":true,"href":"https:\/\/boreait.com\/hu\/wp-json\/wp\/v2\/product_tag?post=8623"}],"curies":[{"name":"wp","href":"https:\/\/api.w.org\/{rel}","templated":true}]}}