{"id":8622,"date":"2025-09-17T12:10:05","date_gmt":"2025-09-17T10:10:05","guid":{"rendered":"https:\/\/boreait.com\/hu\/?post_type=product&#038;p=8622"},"modified":"2026-01-27T20:11:18","modified_gmt":"2026-01-27T19:11:18","slug":"eredeti-hp-chromebook-11-g5-ee-akkumulatorvedo-konzol-l98587-001-sps-battery","status":"publish","type":"product","link":"https:\/\/boreait.com\/hu\/termek\/eredeti-hp-chromebook-11-g5-ee-akkumulatorvedo-konzol-l98587-001-sps-battery\/","title":{"rendered":"Eredeti HP Chromebook 11 G5 EE akkumul\u00e1torv\u00e9d\u0151 konzol L98587-001 SPS-BATTERY"},"content":{"rendered":"<p>Gondoskodjon HP Chromebook 11 G5 EE biztons\u00e1g\u00e1r\u00f3l \u00e9s megb\u00edzhat\u00f3s\u00e1g\u00e1r\u00f3l az eredeti L98587-001 cikksz\u00e1m\u00fa akkumul\u00e1torv\u00e9d\u0151 konzollal. Ez a kifejezetten az \u00d6n k\u00e9sz\u00fcl\u00e9k\u00e9hez tervezett eredeti cserealkatr\u00e9sz biztons\u00e1gos akkumul\u00e1torv\u00e9delmet \u00e9s egyszer\u0171 telep\u00edt\u00e9st k\u00edn\u00e1l.<\/p>\n<p>F\u0151bb jellemz\u0151k:<\/p>\n<p>&#8211; Eredeti HP csere: A kompatibilit\u00e1s \u00e9s a megb\u00edzhat\u00f3s\u00e1g biztos\u00edt\u00e1sa hiteles cserealkatr\u00e9szekkel.<\/p>\n<p>&#8211; K\u00f6nny\u0171 telep\u00edt\u00e9s: Egyszer\u0171 telep\u00edt\u00e9ssel k\u00f6nnyed\u00e9n biztos\u00edthatja eszk\u00f6ze akkumul\u00e1tor\u00e1t.<\/p>\n<p>&#8211; Fokozott v\u00e9delem: \u00d3vja Chromebookja akkumul\u00e1tor\u00e1t ezzel a tart\u00f3s v\u00e9d\u0151konzollal.<\/p>\n<p>&#8211; Kompatibilit\u00e1s: Kifejezetten a HP Chromebook 11 G5 EE-hez tervezt\u00e9k, t\u00f6k\u00e9letes illeszked\u00e9st biztos\u00edtva.<\/p>\n<p>Friss\u00edtse HP Chromebook 11 G5 EE k\u00e9sz\u00fcl\u00e9k\u00e9t m\u00e9g ma az eredeti akkumul\u00e1torv\u00e9d\u0151 konzollal. V\u00e1s\u00e1roljon bizalommal, tudva, hogy min\u0151s\u00e9gi cserealkatr\u00e9szekbe fektet be k\u00e9sz\u00fcl\u00e9k\u00e9hez. Ha k\u00e9rd\u00e9se van, vagy seg\u00edts\u00e9gre van sz\u00fcks\u00e9ge, ne habozzon kapcsolatba l\u00e9pni vel\u00fcnk. Az\u00e9rt vagyunk itt, hogy seg\u00edts\u00fcnk Chromebookja biztons\u00e1g\u00e1nak \u00e9s megb\u00edzhat\u00f3s\u00e1g\u00e1nak biztos\u00edt\u00e1s\u00e1ban.<\/p>\n","protected":false},"excerpt":{"rendered":"<p>Biztos\u00edtsa HP Chromebook 11 G5 EE akkumul\u00e1tor\u00e1t ezzel az eredeti akkumul\u00e1torv\u00e9d\u0151 konzollal. K\u00f6nnyen telep\u00edthet\u0151 \u00e9s kompatibilis az L98587-001 cikksz\u00e1mmal. Gy\u0151z\u0151dj\u00f6n meg k\u00e9sz\u00fcl\u00e9ke biztons\u00e1g\u00e1r\u00f3l \u00e9s megb\u00edzhat\u00f3s\u00e1g\u00e1r\u00f3l m\u00e9g ma!<\/p>\n","protected":false},"featured_media":8676,"template":"","meta":[],"product_brand":[],"product_cat":[16],"product_tag":[25],"class_list":{"0":"post-8622","1":"product","2":"type-product","3":"status-publish","4":"has-post-thumbnail","6":"product_cat-laptop-housing","7":"product_tag-hp","9":"first","10":"instock","11":"taxable","12":"shipping-taxable","13":"purchasable","14":"product-type-simple"},"_links":{"self":[{"href":"https:\/\/boreait.com\/hu\/wp-json\/wp\/v2\/product\/8622","targetHints":{"allow":["GET"]}}],"collection":[{"href":"https:\/\/boreait.com\/hu\/wp-json\/wp\/v2\/product"}],"about":[{"href":"https:\/\/boreait.com\/hu\/wp-json\/wp\/v2\/types\/product"}],"wp:featuredmedia":[{"embeddable":true,"href":"https:\/\/boreait.com\/hu\/wp-json\/wp\/v2\/media\/8676"}],"wp:attachment":[{"href":"https:\/\/boreait.com\/hu\/wp-json\/wp\/v2\/media?parent=8622"}],"wp:term":[{"taxonomy":"product_brand","embeddable":true,"href":"https:\/\/boreait.com\/hu\/wp-json\/wp\/v2\/product_brand?post=8622"},{"taxonomy":"product_cat","embeddable":true,"href":"https:\/\/boreait.com\/hu\/wp-json\/wp\/v2\/product_cat?post=8622"},{"taxonomy":"product_tag","embeddable":true,"href":"https:\/\/boreait.com\/hu\/wp-json\/wp\/v2\/product_tag?post=8622"}],"curies":[{"name":"wp","href":"https:\/\/api.w.org\/{rel}","templated":true}]}}