{"id":8621,"date":"2025-09-17T12:10:04","date_gmt":"2025-09-17T10:10:04","guid":{"rendered":"https:\/\/boreait.com\/hu\/?post_type=product&#038;p=8621"},"modified":"2025-09-17T12:10:57","modified_gmt":"2025-09-17T10:10:57","slug":"hp-chromebook-11-g8-ee-lcd-elulso-keretelolap-l89773-001","status":"publish","type":"product","link":"https:\/\/boreait.com\/hu\/termek\/hp-chromebook-11-g8-ee-lcd-elulso-keretelolap-l89773-001\/","title":{"rendered":"HP Chromebook 11 G8 EE LCD el\u00fcls\u0151 keretel\u0151lap l89773-001"},"content":{"rendered":"<p>N\u00f6velje HP Chromebook 11 G8 EE megjelen\u00e9s\u00e9t \u00e9s tart\u00f3ss\u00e1g\u00e1t az l89773-001 cikksz\u00e1m\u00fa LCD el\u00fcls\u0151 kerettel. A t\u00f6k\u00e9letes kompatibilit\u00e1s \u00e9s az egyszer\u0171 telep\u00edt\u00e9s \u00e9rdek\u00e9ben ez a cserealkatr\u00e9sz friss \u00e9s massz\u00edv megjelen\u00e9st k\u00f6lcs\u00f6n\u00f6z k\u00e9sz\u00fcl\u00e9k\u00e9nek.<\/p>\n<p>F\u0151bb jellemz\u0151k:<\/p>\n<p>&#8211; Cserealkatr\u00e9sz: Biztos\u00edtsa a kompatibilit\u00e1st \u00e9s a megb\u00edzhat\u00f3s\u00e1got ezzel az el\u00fcls\u0151 keret kerettel.<\/p>\n<p>&#8211; K\u00f6nny\u0171 telep\u00edt\u00e9s: Egyszer\u0171 telep\u00edt\u00e9si folyamattal k\u00f6nnyed\u00e9n friss\u00edtheti eszk\u00f6z\u00e9t.<\/p>\n<p>&#8211; Tov\u00e1bbfejlesztett megjelen\u00e9s: Ezzel a karcs\u00fa el\u0151lappal jav\u00edthatja HP \u200b\u200bChromebook 11 G8 EE megjelen\u00e9s\u00e9t.<\/p>\n<p>&#8211; Tart\u00f3s konstrukci\u00f3: Tart\u00f3sra tervezt\u00e9k, v\u00e9delmet \u00e9s hossz\u00fa \u00e9lettartamot biztos\u00edtva eszk\u00f6z\u00e9nek.<\/p>\n<p>Friss\u00edtse HP Chromebook 11 G8 EE k\u00e9sz\u00fcl\u00e9k\u00e9t m\u00e9g ma az LCD el\u00fcls\u0151 kerettel. V\u00e1s\u00e1roljon bizalommal, tudva, hogy min\u0151s\u00e9gi cserealkatr\u00e9szekbe fektet be k\u00e9sz\u00fcl\u00e9k\u00e9hez. Ha k\u00e9rd\u00e9se van, vagy seg\u00edts\u00e9gre van sz\u00fcks\u00e9ge, ne habozzon kapcsolatba l\u00e9pni vel\u00fcnk. Az\u00e9rt vagyunk itt, hogy seg\u00edts\u00fcnk Chromebookja megjelen\u00e9s\u00e9nek \u00e9s tart\u00f3ss\u00e1g\u00e1nak jav\u00edt\u00e1s\u00e1ban.<\/p>\n","protected":false},"excerpt":{"rendered":"<p>Friss\u00edtse HP Chromebook 11 G8 EE k\u00e9sz\u00fcl\u00e9k\u00e9t ezzel az LCD el\u00fcls\u0151 kerettel. K\u00f6nnyen telep\u00edthet\u0151 \u00e9s kompatibilis az l89773-001 cikksz\u00e1mmal. Jav\u00edtsa Chromebookja megjelen\u00e9s\u00e9t m\u00e9g ma!<\/p>\n","protected":false},"featured_media":8668,"template":"","meta":[],"product_brand":[],"product_cat":[16],"product_tag":[],"class_list":{"0":"post-8621","1":"product","2":"type-product","3":"status-publish","4":"has-post-thumbnail","6":"product_cat-laptop-housing","8":"first","9":"instock","10":"taxable","11":"shipping-taxable","12":"purchasable","13":"product-type-simple"},"_links":{"self":[{"href":"https:\/\/boreait.com\/hu\/wp-json\/wp\/v2\/product\/8621","targetHints":{"allow":["GET"]}}],"collection":[{"href":"https:\/\/boreait.com\/hu\/wp-json\/wp\/v2\/product"}],"about":[{"href":"https:\/\/boreait.com\/hu\/wp-json\/wp\/v2\/types\/product"}],"wp:featuredmedia":[{"embeddable":true,"href":"https:\/\/boreait.com\/hu\/wp-json\/wp\/v2\/media\/8668"}],"wp:attachment":[{"href":"https:\/\/boreait.com\/hu\/wp-json\/wp\/v2\/media?parent=8621"}],"wp:term":[{"taxonomy":"product_brand","embeddable":true,"href":"https:\/\/boreait.com\/hu\/wp-json\/wp\/v2\/product_brand?post=8621"},{"taxonomy":"product_cat","embeddable":true,"href":"https:\/\/boreait.com\/hu\/wp-json\/wp\/v2\/product_cat?post=8621"},{"taxonomy":"product_tag","embeddable":true,"href":"https:\/\/boreait.com\/hu\/wp-json\/wp\/v2\/product_tag?post=8621"}],"curies":[{"name":"wp","href":"https:\/\/api.w.org\/{rel}","templated":true}]}}