{"id":8620,"date":"2025-09-17T12:10:04","date_gmt":"2025-09-17T10:10:04","guid":{"rendered":"https:\/\/boreait.com\/hu\/?post_type=product&#038;p=8620"},"modified":"2025-09-17T12:10:53","modified_gmt":"2025-09-17T10:10:53","slug":"eredeti-hp-chromebook-11-g8-ee-csuklotamasz-billentyuzet-erintopad-egyseg","status":"publish","type":"product","link":"https:\/\/boreait.com\/hu\/termek\/eredeti-hp-chromebook-11-g8-ee-csuklotamasz-billentyuzet-erintopad-egyseg\/","title":{"rendered":"Eredeti HP Chromebook 11 G8 EE csukl\u00f3t\u00e1masz-billenty\u0171zet \u00e9rint\u0151pad-egys\u00e9g"},"content":{"rendered":"<p>Fokozza HP Chromebook 11 G8 EE funkcionalit\u00e1s\u00e1t \u00e9s megjelen\u00e9s\u00e9t az eredeti csukl\u00f3t\u00e1masz-billenty\u0171zet \u00e9s \u00e9rint\u0151pad egys\u00e9ggel. A tart\u00f3ss\u00e1gra \u00e9s a z\u00f6kken\u0151mentes kompatibilit\u00e1sra tervezett hiteles cserealkatr\u00e9sz megb\u00edzhat\u00f3 teljes\u00edtm\u00e9nyt \u00e9s jobb felhaszn\u00e1l\u00f3i \u00e9lm\u00e9nyt biztos\u00edt. \u00c9szaki elrendez\u00e9s, kompatibilis m\u00e1s orsz\u00e1gokkal!<\/p>\n<p>F\u0151bb jellemz\u0151k:<\/p>\n<p>&#8211; Eredeti HP csere: Biztos\u00edtsa a kompatibilit\u00e1st \u00e9s a megb\u00edzhat\u00f3s\u00e1got az eredeti cserealkatr\u00e9szekkel.<\/p>\n<p>&#8211; K\u00f6nny\u0171 telep\u00edt\u00e9s: Egyszer\u0171 telep\u00edt\u00e9ssel k\u00f6nnyed\u00e9n friss\u00edtheti eszk\u00f6z\u00e9t.<\/p>\n<p>&#8211; Tov\u00e1bbfejlesztett funkcionalit\u00e1s: Jav\u00edtsa Chromebookja haszn\u00e1lhat\u00f3s\u00e1g\u00e1t egy \u00faj billenty\u0171zettel \u00e9s \u00e9rint\u0151paddal.<\/p>\n<p>&#8211; Tart\u00f3s konstrukci\u00f3: \u00dagy tervezt\u00e9k, hogy ellen\u00e1lljon a napi haszn\u00e1latnak, \u00edgy biztos\u00edtva a hossz\u00fa \u00e9lettartamot \u00e9s a megb\u00edzhat\u00f3s\u00e1got.<\/p>\n<p>Friss\u00edtse HP Chromebook 11 G8 EE k\u00e9sz\u00fcl\u00e9k\u00e9t m\u00e9g ma az eredeti csukl\u00f3t\u00e1masz-billenty\u0171zet \u00e9s \u00e9rint\u0151pad egys\u00e9ggel. V\u00e1s\u00e1roljon bizalommal, tudva, hogy min\u0151s\u00e9gi cserealkatr\u00e9szekbe fektet be k\u00e9sz\u00fcl\u00e9k\u00e9hez. Ha k\u00e9rd\u00e9se van, vagy seg\u00edts\u00e9gre van sz\u00fcks\u00e9ge, ne habozzon kapcsolatba l\u00e9pni vel\u00fcnk. Az\u00e9rt vagyunk itt, hogy seg\u00edts\u00fcnk eszk\u00f6ze funkcionalit\u00e1s\u00e1nak jav\u00edt\u00e1s\u00e1ban.<\/p>\n","protected":false},"excerpt":{"rendered":"<p>Friss\u00edtse HP Chromebook 11 G8 EE k\u00e9sz\u00fcl\u00e9k\u00e9t ezzel az eredeti csukl\u00f3t\u00e1masz-billenty\u0171zet \u00e9s \u00e9rint\u0151pad egys\u00e9ggel. K\u00f6nnyen telep\u00edthet\u0151 \u00e9s z\u00f6kken\u0151mentes kompatibilit\u00e1sra tervezt\u00e9k. Fokozza eszk\u00f6ze funkcionalit\u00e1s\u00e1t \u00e9s megjelen\u00e9s\u00e9t m\u00e9g ma!<\/p>\n","protected":false},"featured_media":8666,"template":"","meta":[],"product_brand":[],"product_cat":[35],"product_tag":[25],"class_list":{"0":"post-8620","1":"product","2":"type-product","3":"status-publish","4":"has-post-thumbnail","6":"product_cat-laptop-keyboard","7":"product_tag-hp","9":"first","10":"instock","11":"taxable","12":"shipping-taxable","13":"purchasable","14":"product-type-simple"},"_links":{"self":[{"href":"https:\/\/boreait.com\/hu\/wp-json\/wp\/v2\/product\/8620","targetHints":{"allow":["GET"]}}],"collection":[{"href":"https:\/\/boreait.com\/hu\/wp-json\/wp\/v2\/product"}],"about":[{"href":"https:\/\/boreait.com\/hu\/wp-json\/wp\/v2\/types\/product"}],"wp:featuredmedia":[{"embeddable":true,"href":"https:\/\/boreait.com\/hu\/wp-json\/wp\/v2\/media\/8666"}],"wp:attachment":[{"href":"https:\/\/boreait.com\/hu\/wp-json\/wp\/v2\/media?parent=8620"}],"wp:term":[{"taxonomy":"product_brand","embeddable":true,"href":"https:\/\/boreait.com\/hu\/wp-json\/wp\/v2\/product_brand?post=8620"},{"taxonomy":"product_cat","embeddable":true,"href":"https:\/\/boreait.com\/hu\/wp-json\/wp\/v2\/product_cat?post=8620"},{"taxonomy":"product_tag","embeddable":true,"href":"https:\/\/boreait.com\/hu\/wp-json\/wp\/v2\/product_tag?post=8620"}],"curies":[{"name":"wp","href":"https:\/\/api.w.org\/{rel}","templated":true}]}}