{"id":8619,"date":"2025-09-17T12:10:01","date_gmt":"2025-09-17T10:10:01","guid":{"rendered":"https:\/\/boreait.com\/hu\/?post_type=product&#038;p=8619"},"modified":"2025-09-17T12:10:49","modified_gmt":"2025-09-17T10:10:49","slug":"eredeti-hp-11-g5-ee-chromebook-zsanerkeszlet-csere","status":"publish","type":"product","link":"https:\/\/boreait.com\/hu\/termek\/eredeti-hp-11-g5-ee-chromebook-zsanerkeszlet-csere\/","title":{"rendered":"Eredeti HP 11 G5 EE Chromebook zsan\u00e9rk\u00e9szlet csere"},"content":{"rendered":"<p>Gondoskodjon arr\u00f3l, hogy HP 11 G5 EE Chromebookja \u00fajszer\u0171 m\u00f3don m\u0171k\u00f6dj\u00f6n ezzel az eredeti zsan\u00e9rk\u00e9szlettel. A tart\u00f3ss\u00e1gra \u00e9s kompatibilit\u00e1sra tervezett zsan\u00e9rk\u00e9szlet ide\u00e1lis megold\u00e1s eszk\u00f6ze teljes funkcionalit\u00e1s\u00e1nak helyre\u00e1ll\u00edt\u00e1s\u00e1hoz.<\/p>\n<p>F\u0151bb jellemz\u0151k:<\/p>\n<p>&#8211; Eredeti HP csere: A kompatibilit\u00e1s \u00e9s a megb\u00edzhat\u00f3s\u00e1g biztos\u00edt\u00e1sa hiteles cserealkatr\u00e9szekkel.<\/p>\n<p>&#8211; K\u00f6nny\u0171 telep\u00edt\u00e9s: Egyszer\u0171 telep\u00edt\u00e9ssel k\u00f6nnyed\u00e9n friss\u00edtheti eszk\u00f6z\u00e9t.<\/p>\n<p>&#8211; Fokozott tart\u00f3ss\u00e1g: \u00e1ll\u00edtsa helyre Chromebookja zsan\u00e9rjait a sima nyit\u00e1s \u00e9s z\u00e1r\u00e1s \u00e9rdek\u00e9ben.<\/p>\n<p>&#8211; Megb\u00edzhat\u00f3 teljes\u00edtm\u00e9ny: Ezzel a tart\u00f3s zsan\u00e9rk\u00e9szlettel meg\u0151rizheti Chromebookja integrit\u00e1s\u00e1t \u00e9s teljes\u00edtm\u00e9ny\u00e9t.<\/p>\n<p>Friss\u00edtse HP 11 G5 EE Chromebookj\u00e1t m\u00e9g ma az eredeti zsan\u00e9rk\u00e9szlettel. V\u00e1s\u00e1roljon bizalommal, tudva, hogy min\u0151s\u00e9gi cserealkatr\u00e9szekbe fektet be k\u00e9sz\u00fcl\u00e9k\u00e9hez. Ha k\u00e9rd\u00e9se van, vagy seg\u00edts\u00e9gre van sz\u00fcks\u00e9ge, ne habozzon kapcsolatba l\u00e9pni vel\u00fcnk. Az\u00e9rt vagyunk itt, hogy seg\u00edts\u00fcnk vissza\u00e1ll\u00edtani eszk\u00f6ze m\u0171k\u00f6d\u00e9s\u00e9t.<\/p>\n","protected":false},"excerpt":{"rendered":"<p>Cser\u00e9lje ki HP 11 G5 EE Chromebookja zsan\u00e9rjait ezzel az eredeti zsan\u00e9rk\u00e9szlettel. K\u00f6nnyen telep\u00edthet\u0151 \u00e9s kompatibilis a k\u00e9sz\u00fcl\u00e9kkel. \u00c1ll\u00edtsa vissza Chromebookja funkci\u00f3it m\u00e9g ma!<\/p>\n","protected":false},"featured_media":8665,"template":"","meta":[],"product_brand":[],"product_cat":[19],"product_tag":[25],"class_list":{"0":"post-8619","1":"product","2":"type-product","3":"status-publish","4":"has-post-thumbnail","6":"product_cat-screen-hinge","7":"product_tag-hp","9":"first","10":"instock","11":"taxable","12":"shipping-taxable","13":"purchasable","14":"product-type-simple"},"_links":{"self":[{"href":"https:\/\/boreait.com\/hu\/wp-json\/wp\/v2\/product\/8619","targetHints":{"allow":["GET"]}}],"collection":[{"href":"https:\/\/boreait.com\/hu\/wp-json\/wp\/v2\/product"}],"about":[{"href":"https:\/\/boreait.com\/hu\/wp-json\/wp\/v2\/types\/product"}],"wp:featuredmedia":[{"embeddable":true,"href":"https:\/\/boreait.com\/hu\/wp-json\/wp\/v2\/media\/8665"}],"wp:attachment":[{"href":"https:\/\/boreait.com\/hu\/wp-json\/wp\/v2\/media?parent=8619"}],"wp:term":[{"taxonomy":"product_brand","embeddable":true,"href":"https:\/\/boreait.com\/hu\/wp-json\/wp\/v2\/product_brand?post=8619"},{"taxonomy":"product_cat","embeddable":true,"href":"https:\/\/boreait.com\/hu\/wp-json\/wp\/v2\/product_cat?post=8619"},{"taxonomy":"product_tag","embeddable":true,"href":"https:\/\/boreait.com\/hu\/wp-json\/wp\/v2\/product_tag?post=8619"}],"curies":[{"name":"wp","href":"https:\/\/api.w.org\/{rel}","templated":true}]}}