{"id":8597,"date":"2025-09-17T12:09:37","date_gmt":"2025-09-17T10:09:37","guid":{"rendered":"https:\/\/boreait.com\/hu\/?post_type=product&#038;p=8597"},"modified":"2025-09-17T12:10:38","modified_gmt":"2025-09-17T10:10:38","slug":"eredeti-asus-eee-1225b-1225c-usb-audio-jack-alaplap-60-0a3lau1000-c01-kabellel","status":"publish","type":"product","link":"https:\/\/boreait.com\/hu\/termek\/eredeti-asus-eee-1225b-1225c-usb-audio-jack-alaplap-60-0a3lau1000-c01-kabellel\/","title":{"rendered":"Eredeti ASUS Eee 1225B 1225C USB Audio Jack alaplap 60-0a3lau1000-c01 k\u00e1bellel"},"content":{"rendered":"<p>Cser\u00e9lje ki vagy friss\u00edtse ASUS Eee 1225B vagy 1225C k\u00e9sz\u00fcl\u00e9k\u00e9t az eredeti, 60-0a3lau1000-c01 cikksz\u00e1m\u00fa k\u00e1beles USB Audio Jack k\u00e1rty\u00e1ra. Ez az eredeti cserealkatr\u00e9sz megb\u00edzhat\u00f3 csatlakoz\u00e1st \u00e9s optim\u00e1lis hangteljes\u00edtm\u00e9nyt biztos\u00edt, t\u00f6k\u00e9letes a laptop teljes funkcionalit\u00e1s\u00e1nak helyre\u00e1ll\u00edt\u00e1s\u00e1hoz.<\/p>\n<p>F\u0151bb jellemz\u0151k:<\/p>\n<p>&#8211; Eredeti ASUS csere: A kompatibilit\u00e1s \u00e9s a megb\u00edzhat\u00f3s\u00e1g biztos\u00edt\u00e1sa hiteles cserealkatr\u00e9szekkel.<\/p>\n<p>&#8211; K\u00f6nny\u0171 telep\u00edt\u00e9s: Egyszer\u0171 telep\u00edt\u00e9ssel k\u00f6nnyed\u00e9n friss\u00edtheti eszk\u00f6z\u00e9t.<\/p>\n<p>&#8211; Megb\u00edzhat\u00f3 csatlakoztathat\u00f3s\u00e1g: Ezzel a kiv\u00e1l\u00f3 min\u0151s\u00e9g\u0171 k\u00e1rty\u00e1val karbantarthatja laptopja USB- \u00e9s audiofunkci\u00f3it.<\/p>\n<p>&#8211; Kompatibilit\u00e1s: Kifejezetten az ASUS Eee 1225B \u00e9s 1225C modellekhez tervezt\u00e9k.<\/p>\n<p>Friss\u00edtse ASUS Eee 1225B vagy 1225C k\u00e9sz\u00fcl\u00e9k\u00e9t m\u00e9g ma az eredeti k\u00e1bellel ell\u00e1tott USB Audio Jack k\u00e1rty\u00e1val. V\u00e1s\u00e1roljon bizalommal, tudva, hogy min\u0151s\u00e9gi cserealkatr\u00e9szekbe fektet be k\u00e9sz\u00fcl\u00e9k\u00e9hez. Ha k\u00e9rd\u00e9se van, vagy seg\u00edts\u00e9gre van sz\u00fcks\u00e9ge, ne habozzon kapcsolatba l\u00e9pni vel\u00fcnk. Az\u00e9rt vagyunk itt, hogy seg\u00edts\u00fcnk laptopja teljes\u00edtm\u00e9ny\u00e9nek n\u00f6vel\u00e9s\u00e9ben.<\/p>\n","protected":false},"excerpt":{"rendered":"<p>Cser\u00e9lje ki vagy friss\u00edtse ASUS Eee 1225B vagy 1225C k\u00e9sz\u00fcl\u00e9k\u00e9t ezzel az eredeti k\u00e1bellel ell\u00e1tott USB Audio Jack k\u00e1rty\u00e1val. Kompatibilis a 60-0a3lau1000-c01 cikksz\u00e1mmal. Biztos\u00edtson megb\u00edzhat\u00f3 kapcsolatot \u00e9s hangteljes\u00edtm\u00e9nyt m\u00e9g ma!<\/p>\n","protected":false},"featured_media":8660,"template":"","meta":[],"product_brand":[],"product_cat":[27],"product_tag":[30],"class_list":{"0":"post-8597","1":"product","2":"type-product","3":"status-publish","4":"has-post-thumbnail","6":"product_cat-motherboards-board-parts","7":"product_tag-asus","9":"first","10":"instock","11":"taxable","12":"shipping-taxable","13":"purchasable","14":"product-type-simple"},"_links":{"self":[{"href":"https:\/\/boreait.com\/hu\/wp-json\/wp\/v2\/product\/8597","targetHints":{"allow":["GET"]}}],"collection":[{"href":"https:\/\/boreait.com\/hu\/wp-json\/wp\/v2\/product"}],"about":[{"href":"https:\/\/boreait.com\/hu\/wp-json\/wp\/v2\/types\/product"}],"wp:featuredmedia":[{"embeddable":true,"href":"https:\/\/boreait.com\/hu\/wp-json\/wp\/v2\/media\/8660"}],"wp:attachment":[{"href":"https:\/\/boreait.com\/hu\/wp-json\/wp\/v2\/media?parent=8597"}],"wp:term":[{"taxonomy":"product_brand","embeddable":true,"href":"https:\/\/boreait.com\/hu\/wp-json\/wp\/v2\/product_brand?post=8597"},{"taxonomy":"product_cat","embeddable":true,"href":"https:\/\/boreait.com\/hu\/wp-json\/wp\/v2\/product_cat?post=8597"},{"taxonomy":"product_tag","embeddable":true,"href":"https:\/\/boreait.com\/hu\/wp-json\/wp\/v2\/product_tag?post=8597"}],"curies":[{"name":"wp","href":"https:\/\/api.w.org\/{rel}","templated":true}]}}