{"id":8595,"date":"2025-09-17T12:09:36","date_gmt":"2025-09-17T10:09:36","guid":{"rendered":"https:\/\/boreait.com\/hu\/?post_type=product&#038;p=8595"},"modified":"2025-09-17T12:10:29","modified_gmt":"2025-09-17T10:10:29","slug":"asus-eee-pc-1225b-kijelzo-csuklopantok-rudak-lr-lcd-csuklopantok","status":"publish","type":"product","link":"https:\/\/boreait.com\/hu\/termek\/asus-eee-pc-1225b-kijelzo-csuklopantok-rudak-lr-lcd-csuklopantok\/","title":{"rendered":"ASUS Eee PC 1225B kijelz\u0151 csukl\u00f3p\u00e1ntok rudak L+R LCD csukl\u00f3p\u00e1ntok"},"content":{"rendered":"<p>N\u00f6velje ASUS Eee PC 1225B laptopja kijelz\u0151j\u00e9nek stabilit\u00e1s\u00e1t \u00e9s funkcionalit\u00e1s\u00e1t ezzel az eredeti LCD csukl\u00f3p\u00e1nt-k\u00e9szlettel. A bal \u00e9s a jobb oldalra egyar\u00e1nt tervezett zsan\u00e9rok stabil tart\u00e1st \u00e9s egyenletes mozg\u00e1st biztos\u00edtanak laptopja k\u00e9perny\u0151j\u00e9nek.<\/p>\n<p>F\u0151bb jellemz\u0151k:<\/p>\n<p>&#8211; Eredeti ASUS csere: Biztos\u00edtsa a kompatibilit\u00e1st \u00e9s a megb\u00edzhat\u00f3s\u00e1got az eredeti cserep\u00e1ntokkal.<\/p>\n<p>&#8211; Stabil t\u00e1mogat\u00e1s: N\u00f6velje laptopja kijelz\u0151j\u00e9nek stabilit\u00e1s\u00e1t a jobb megtekint\u00e9si \u00e9lm\u00e9ny \u00e9rdek\u00e9ben.<\/p>\n<p>&#8211; Sima mozg\u00e1s: \u00c9lvezze laptopja k\u00e9perny\u0151j\u00e9nek z\u00f6kken\u0151mentes nyit\u00e1s\u00e1t \u00e9s z\u00e1r\u00e1s\u00e1t ezekkel a zsan\u00e9rokkal.<\/p>\n<p>&#8211; K\u00f6nny\u0171 telep\u00edt\u00e9s: Egyszer\u0171 telep\u00edt\u00e9ssel k\u00f6nnyed\u00e9n friss\u00edtheti kijelz\u0151p\u00e1ntjait.<\/p>\n<p>&#8211; Tart\u00f3s konstrukci\u00f3: \u00fagy k\u00e9sz\u00fclt, hogy ellen\u00e1lljon a napi haszn\u00e1latnak, \u00edgy biztos\u00edtva a hossz\u00fa \u00e9lettartamot \u00e9s a megb\u00edzhat\u00f3s\u00e1got.<\/p>\n<p>Friss\u00edtse ASUS Eee PC 1225B laptopj\u00e1t m\u00e9g ma az eredeti LCD csukl\u00f3p\u00e1ntokkal. V\u00e1s\u00e1roljon bizalommal, tudva, hogy min\u0151s\u00e9gi cserealkatr\u00e9szekbe fektet be k\u00e9sz\u00fcl\u00e9k\u00e9hez. Ha k\u00e9rd\u00e9se van, vagy seg\u00edts\u00e9gre van sz\u00fcks\u00e9ge, ne habozzon kapcsolatba l\u00e9pni vel\u00fcnk. Az\u00e9rt vagyunk itt, hogy seg\u00edts\u00fcnk laptopja kijelz\u0151j\u00e9nek funkcionalit\u00e1s\u00e1nak jav\u00edt\u00e1s\u00e1ban.<\/p>\n","protected":false},"excerpt":{"rendered":"<p>Friss\u00edtse ASUS Eee PC 1225B kijelz\u0151p\u00e1ntjait ezzel az eredeti LCD zsan\u00e9rk\u00e9szlettel. A bal \u00e9s a jobb oldallal kompatibilis zsan\u00e9rok stabil t\u00e1mogat\u00e1st biztos\u00edtanak laptopja k\u00e9perny\u0151j\u00e9nek. Friss\u00edtse kijelz\u0151p\u00e1ntjait m\u00e9g ma!<\/p>\n","protected":false},"featured_media":8647,"template":"","meta":[],"product_brand":[],"product_cat":[19],"product_tag":[30],"class_list":{"0":"post-8595","1":"product","2":"type-product","3":"status-publish","4":"has-post-thumbnail","6":"product_cat-screen-hinge","7":"product_tag-asus","9":"first","10":"instock","11":"taxable","12":"shipping-taxable","13":"purchasable","14":"product-type-simple"},"_links":{"self":[{"href":"https:\/\/boreait.com\/hu\/wp-json\/wp\/v2\/product\/8595","targetHints":{"allow":["GET"]}}],"collection":[{"href":"https:\/\/boreait.com\/hu\/wp-json\/wp\/v2\/product"}],"about":[{"href":"https:\/\/boreait.com\/hu\/wp-json\/wp\/v2\/types\/product"}],"wp:featuredmedia":[{"embeddable":true,"href":"https:\/\/boreait.com\/hu\/wp-json\/wp\/v2\/media\/8647"}],"wp:attachment":[{"href":"https:\/\/boreait.com\/hu\/wp-json\/wp\/v2\/media?parent=8595"}],"wp:term":[{"taxonomy":"product_brand","embeddable":true,"href":"https:\/\/boreait.com\/hu\/wp-json\/wp\/v2\/product_brand?post=8595"},{"taxonomy":"product_cat","embeddable":true,"href":"https:\/\/boreait.com\/hu\/wp-json\/wp\/v2\/product_cat?post=8595"},{"taxonomy":"product_tag","embeddable":true,"href":"https:\/\/boreait.com\/hu\/wp-json\/wp\/v2\/product_tag?post=8595"}],"curies":[{"name":"wp","href":"https:\/\/api.w.org\/{rel}","templated":true}]}}