{"id":8594,"date":"2025-09-17T12:09:36","date_gmt":"2025-09-17T10:09:36","guid":{"rendered":"https:\/\/boreait.com\/hu\/?post_type=product&#038;p=8594"},"modified":"2026-01-27T16:50:10","modified_gmt":"2026-01-27T15:50:10","slug":"13goa3m10p010-10-asus-muanyag-csuklos-burkolat-keszlet-1225b-sorozat-a-fokozat","status":"publish","type":"product","link":"https:\/\/boreait.com\/hu\/termek\/13goa3m10p010-10-asus-muanyag-csuklos-burkolat-keszlet-1225b-sorozat-a-fokozat\/","title":{"rendered":"13Goa3M10P010-10 ASUS m\u0171anyag csukl\u00f3s burkolat k\u00e9szlet 1225B sorozat, A fokozat"},"content":{"rendered":"<p>N\u00f6velje ASUS 1225B sorozat\u00fa laptopja megjelen\u00e9s\u00e9t a 13Goa3M10P010-10 cikksz\u00e1m\u00fa eredeti m\u0171anyag csukl\u00f3p\u00e1nt k\u00e9szlettel. A tart\u00f3ss\u00e1g \u00e9s a kompatibilit\u00e1s jegy\u00e9ben k\u00e9sz\u00fclt, ez az eredeti cserealkatr\u00e9sz megb\u00edzhat\u00f3 teljes\u00edtm\u00e9nyt \u00e9s egyszer\u0171 telep\u00edt\u00e9st biztos\u00edt.<\/p>\n<p>F\u0151bb jellemz\u0151k:<\/p>\n<p>&#8211; Eredeti ASUS csere: A kompatibilit\u00e1s \u00e9s a megb\u00edzhat\u00f3s\u00e1g biztos\u00edt\u00e1sa hiteles cserealkatr\u00e9szekkel.<\/p>\n<p>&#8211; K\u00f6nny\u0171 telep\u00edt\u00e9s: Egyszer\u0171 telep\u00edt\u00e9ssel k\u00f6nnyed\u00e9n friss\u00edtheti eszk\u00f6ze megjelen\u00e9s\u00e9t.<\/p>\n<p>&#8211; A fokozat\u00fa \u00e1llapot: Biztos lehet benne, hogy egy j\u00f3 min\u0151s\u00e9g\u0171, \u00fajszer\u0171 term\u00e9kbe fektet be.<\/p>\n<p>&#8211; Tov\u00e1bbfejlesztett megjelen\u00e9s: Alak\u00edtsa \u00e1t ASUS 1225B sorozat\u00fa laptopja megjelen\u00e9s\u00e9t ezzel az eleg\u00e1ns csukl\u00f3p\u00e1nt-burkolat-k\u00e9szlettel.<\/p>\n<p>Friss\u00edtse ASUS 1225B sorozat\u00fa laptopj\u00e1t m\u00e9g ma az eredeti m\u0171anyag csukl\u00f3p\u00e1nt k\u00e9szlettel. V\u00e1s\u00e1roljon bizalommal, tudva, hogy min\u0151s\u00e9gi cserealkatr\u00e9szekbe fektet be k\u00e9sz\u00fcl\u00e9k\u00e9hez. Ha k\u00e9rd\u00e9se van, vagy seg\u00edts\u00e9gre van sz\u00fcks\u00e9ge, ne habozzon kapcsolatba l\u00e9pni vel\u00fcnk. Az\u00e9rt vagyunk itt, hogy seg\u00edts\u00fcnk eszk\u00f6ze megjelen\u00e9s\u00e9nek \u00e9s funkcionalit\u00e1s\u00e1nak jav\u00edt\u00e1s\u00e1ban.<\/p>\n","protected":false},"excerpt":{"rendered":"<p>Friss\u00edtse ASUS 1225B sorozat\u00fa laptopj\u00e1t ezzel az eredeti m\u0171anyag csukl\u00f3p\u00e1nt k\u00e9szlettel. K\u00f6nnyen telep\u00edthet\u0151 \u00e9s A kateg\u00f3ri\u00e1s \u00e1llapotban. Jav\u00edtsa eszk\u00f6ze megjelen\u00e9s\u00e9t m\u00e9g ma!<\/p>\n","protected":false},"featured_media":8646,"template":"","meta":[],"product_brand":[],"product_cat":[16],"product_tag":[30],"class_list":{"0":"post-8594","1":"product","2":"type-product","3":"status-publish","4":"has-post-thumbnail","6":"product_cat-laptop-housing","7":"product_tag-asus","9":"first","10":"instock","11":"taxable","12":"shipping-taxable","13":"purchasable","14":"product-type-simple"},"_links":{"self":[{"href":"https:\/\/boreait.com\/hu\/wp-json\/wp\/v2\/product\/8594","targetHints":{"allow":["GET"]}}],"collection":[{"href":"https:\/\/boreait.com\/hu\/wp-json\/wp\/v2\/product"}],"about":[{"href":"https:\/\/boreait.com\/hu\/wp-json\/wp\/v2\/types\/product"}],"wp:featuredmedia":[{"embeddable":true,"href":"https:\/\/boreait.com\/hu\/wp-json\/wp\/v2\/media\/8646"}],"wp:attachment":[{"href":"https:\/\/boreait.com\/hu\/wp-json\/wp\/v2\/media?parent=8594"}],"wp:term":[{"taxonomy":"product_brand","embeddable":true,"href":"https:\/\/boreait.com\/hu\/wp-json\/wp\/v2\/product_brand?post=8594"},{"taxonomy":"product_cat","embeddable":true,"href":"https:\/\/boreait.com\/hu\/wp-json\/wp\/v2\/product_cat?post=8594"},{"taxonomy":"product_tag","embeddable":true,"href":"https:\/\/boreait.com\/hu\/wp-json\/wp\/v2\/product_tag?post=8594"}],"curies":[{"name":"wp","href":"https:\/\/api.w.org\/{rel}","templated":true}]}}