{"id":8593,"date":"2025-09-17T12:09:36","date_gmt":"2025-09-17T10:09:36","guid":{"rendered":"https:\/\/boreait.com\/hu\/?post_type=product&#038;p=8593"},"modified":"2026-01-27T16:49:50","modified_gmt":"2026-01-27T15:49:50","slug":"asus-eee-pc-1225b-hdd-caddy-merevlemez-meghajto-kerettarto","status":"publish","type":"product","link":"https:\/\/boreait.com\/hu\/termek\/asus-eee-pc-1225b-hdd-caddy-merevlemez-meghajto-kerettarto\/","title":{"rendered":"ASUS EEE PC 1225B HDD Caddy merevlemez-meghajt\u00f3 kerettart\u00f3"},"content":{"rendered":"<p>N\u00f6velje ASUS EEE PC 1225B t\u00e1rol\u00f3kapacit\u00e1s\u00e1t a HDD Caddy merevlemez-keretre szerelhet\u0151 kerettel. A tart\u00f3ss\u00e1gra \u00e9s kompatibilit\u00e1sra tervezett konzol megb\u00edzhat\u00f3 teljes\u00edtm\u00e9nyt \u00e9s egyszer\u0171 telep\u00edt\u00e9st biztos\u00edt.<\/p>\n<p>F\u0151bb jellemz\u0151k:<\/p>\n<p>&#8211; Kompatibilis az ASUS EEE PC 1225B-vel: Gy\u0151z\u0151dj\u00f6n meg arr\u00f3l, hogy kompatibilis az eszk\u00f6zzel.<\/p>\n<p>&#8211; K\u00f6nny\u0171 telep\u00edt\u00e9s: Egyszer\u0171 telep\u00edt\u00e9ssel k\u00f6nnyed\u00e9n b\u0151v\u00edtheti eszk\u00f6ze t\u00e1rol\u00f3kapacit\u00e1s\u00e1t.<\/p>\n<p>&#8211; Tov\u00e1bbfejlesztett t\u00e1rhely: N\u00f6velje laptopja t\u00e1rol\u00f3kapacit\u00e1s\u00e1t a jobb funkcionalit\u00e1s \u00e9rdek\u00e9ben.<\/p>\n<p>&#8211; Tart\u00f3s konstrukci\u00f3: \u00fagy k\u00e9sz\u00fclt, hogy ellen\u00e1lljon a haszn\u00e1latnak, biztos\u00edtva a hossz\u00fa \u00e9lettartamot \u00e9s a megb\u00edzhat\u00f3s\u00e1got.<\/p>\n<p>Friss\u00edtse ASUS EEE PC 1225B-j\u00e9t m\u00e9g ma a HDD Caddy merevlemez-meghajt\u00f3 keretre szerelhet\u0151 konzollal. V\u00e1s\u00e1roljon bizalommal, tudva, hogy min\u0151s\u00e9gi tartoz\u00e9kba fektet be k\u00e9sz\u00fcl\u00e9k\u00e9hez. Ha k\u00e9rd\u00e9se van, vagy seg\u00edts\u00e9gre van sz\u00fcks\u00e9ge, forduljon hozz\u00e1nk bizalommal. Az\u00e9rt vagyunk itt, hogy seg\u00edts\u00fcnk eszk\u00f6ze t\u00e1rol\u00e1si k\u00e9pess\u00e9geinek b\u0151v\u00edt\u00e9s\u00e9ben.<\/p>\n","protected":false},"excerpt":{"rendered":"<p>B\u0151v\u00edtse ASUS EEE PC 1225B t\u00e1rhely\u00e9t ezzel a HDD Caddy merevlemez-keretre szerelhet\u0151 kerettel. K\u00f6nnyen telep\u00edthet\u0151 \u00e9s kompatibilis a k\u00fcl\u00f6nb\u00f6z\u0151 merevlemezekkel. N\u00f6velje eszk\u00f6ze t\u00e1rol\u00f3kapacit\u00e1s\u00e1t m\u00e9g ma!<\/p>\n","protected":false},"featured_media":8645,"template":"","meta":[],"product_brand":[],"product_cat":[16],"product_tag":[30],"class_list":{"0":"post-8593","1":"product","2":"type-product","3":"status-publish","4":"has-post-thumbnail","6":"product_cat-laptop-housing","7":"product_tag-asus","9":"first","10":"instock","11":"taxable","12":"shipping-taxable","13":"purchasable","14":"product-type-simple"},"_links":{"self":[{"href":"https:\/\/boreait.com\/hu\/wp-json\/wp\/v2\/product\/8593","targetHints":{"allow":["GET"]}}],"collection":[{"href":"https:\/\/boreait.com\/hu\/wp-json\/wp\/v2\/product"}],"about":[{"href":"https:\/\/boreait.com\/hu\/wp-json\/wp\/v2\/types\/product"}],"wp:featuredmedia":[{"embeddable":true,"href":"https:\/\/boreait.com\/hu\/wp-json\/wp\/v2\/media\/8645"}],"wp:attachment":[{"href":"https:\/\/boreait.com\/hu\/wp-json\/wp\/v2\/media?parent=8593"}],"wp:term":[{"taxonomy":"product_brand","embeddable":true,"href":"https:\/\/boreait.com\/hu\/wp-json\/wp\/v2\/product_brand?post=8593"},{"taxonomy":"product_cat","embeddable":true,"href":"https:\/\/boreait.com\/hu\/wp-json\/wp\/v2\/product_cat?post=8593"},{"taxonomy":"product_tag","embeddable":true,"href":"https:\/\/boreait.com\/hu\/wp-json\/wp\/v2\/product_tag?post=8593"}],"curies":[{"name":"wp","href":"https:\/\/api.w.org\/{rel}","templated":true}]}}