{"id":8592,"date":"2025-09-17T12:09:36","date_gmt":"2025-09-17T10:09:36","guid":{"rendered":"https:\/\/boreait.com\/hu\/?post_type=product&#038;p=8592"},"modified":"2026-01-27T16:49:35","modified_gmt":"2026-01-27T15:49:35","slug":"eredeti-asus-eee-pc-1225b-webkamera","status":"publish","type":"product","link":"https:\/\/boreait.com\/hu\/termek\/eredeti-asus-eee-pc-1225b-webkamera\/","title":{"rendered":"Eredeti Asus Eee PC 1225B webkamera"},"content":{"rendered":"<p>Friss\u00edtse Asus Eee PC 1225B funkcionalit\u00e1s\u00e1t ezzel az eredeti webkamer\u00e1val. Ez a prec\u00edzen \u00e9s megb\u00edzhat\u00f3an kialak\u00edtott hiteles cserealkatr\u00e9sz optim\u00e1lis teljes\u00edtm\u00e9nyt biztos\u00edt videoh\u00edv\u00e1sokhoz \u00e9s konferenci\u00e1khoz.<\/p>\n<p>F\u0151bb jellemz\u0151k:<\/p>\n<p>&#8211; Eredeti Asus csere: A kompatibilit\u00e1s \u00e9s a megb\u00edzhat\u00f3s\u00e1g biztos\u00edt\u00e1sa hiteles cserealkatr\u00e9szekkel.<\/p>\n<p>&#8211; K\u00f6nny\u0171 telep\u00edt\u00e9s: professzion\u00e1lis seg\u00edts\u00e9g n\u00e9lk\u00fcl, k\u00f6nnyed\u00e9n friss\u00edtheti eszk\u00f6z\u00e9t.<\/p>\n<p>&#8211; Jobb vide\u00f3min\u0151s\u00e9g: \u00c9lvezze az \u00e9les \u00e9s tiszta videoh\u00edv\u00e1sokat ezzel a kiv\u00e1l\u00f3 min\u0151s\u00e9g\u0171 webkamer\u00e1val.<\/p>\n<p>&#8211; Kompatibilit\u00e1s: Kifejezetten az Asus Eee PC 1225B-hez tervezt\u00e9k, t\u00f6k\u00e9letes illeszked\u00e9st \u00e9s teljes\u00edtm\u00e9nyt biztos\u00edtva.<\/p>\n<p>K\u00e9rj\u00fck, vegye figyelembe, hogy b\u00e1r a r\u00e9szletes telep\u00edt\u00e9si utas\u00edt\u00e1sokat nem adjuk meg, nyugodtan forduljon hozz\u00e1nk, ha k\u00e9rd\u00e9se van, vagy seg\u00edts\u00e9gre van sz\u00fcks\u00e9ge. A list\u00e1n szerepl\u0151 val\u00f3di term\u00e9kfot\u00f3k pontosan le\u00edrj\u00e1k, hogy mit fog kapni, t\u00fckr\u00f6zve az \u00e1tl\u00e1that\u00f3s\u00e1g \u00e9s az \u00fcgyfelek el\u00e9gedetts\u00e9ge ir\u00e1nti elk\u00f6telezetts\u00e9g\u00fcnket.<\/p>\n<p>Friss\u00edtse Asus Eee PC 1225B k\u00e9sz\u00fcl\u00e9k\u00e9t m\u00e9g ma az eredeti webkamer\u00e1val. V\u00e1s\u00e1roljon bizalommal, tudva, hogy min\u0151s\u00e9gi cserealkatr\u00e9szekbe fektet be k\u00e9sz\u00fcl\u00e9k\u00e9hez. Ha k\u00e9rd\u00e9se van, vagy tov\u00e1bbi seg\u00edts\u00e9gre van sz\u00fcks\u00e9ge, ne habozzon kapcsolatba l\u00e9pni vel\u00fcnk. Az\u00e9rt vagyunk itt, hogy seg\u00edts\u00fcnk eszk\u00f6ze funkcionalit\u00e1s\u00e1nak jav\u00edt\u00e1s\u00e1ban.<\/p>\n","protected":false},"excerpt":{"rendered":"<p>Fokozza Asus Eee PC 1225B funkcionalit\u00e1s\u00e1t ezzel az eredeti webkamer\u00e1val. Z\u00f6kken\u0151mentes kompatibilit\u00e1sra \u00e9s optim\u00e1lis teljes\u00edtm\u00e9nyre tervezt\u00e9k. Friss\u00edtse k\u00e9sz\u00fcl\u00e9k\u00e9t m\u00e9g ma!<\/p>\n","protected":false},"featured_media":8644,"template":"","meta":[],"product_brand":[],"product_cat":[23],"product_tag":[30],"class_list":{"0":"post-8592","1":"product","2":"type-product","3":"status-publish","4":"has-post-thumbnail","6":"product_cat-laptop-camera","7":"product_tag-asus","9":"first","10":"instock","11":"taxable","12":"shipping-taxable","13":"purchasable","14":"product-type-simple"},"_links":{"self":[{"href":"https:\/\/boreait.com\/hu\/wp-json\/wp\/v2\/product\/8592","targetHints":{"allow":["GET"]}}],"collection":[{"href":"https:\/\/boreait.com\/hu\/wp-json\/wp\/v2\/product"}],"about":[{"href":"https:\/\/boreait.com\/hu\/wp-json\/wp\/v2\/types\/product"}],"wp:featuredmedia":[{"embeddable":true,"href":"https:\/\/boreait.com\/hu\/wp-json\/wp\/v2\/media\/8644"}],"wp:attachment":[{"href":"https:\/\/boreait.com\/hu\/wp-json\/wp\/v2\/media?parent=8592"}],"wp:term":[{"taxonomy":"product_brand","embeddable":true,"href":"https:\/\/boreait.com\/hu\/wp-json\/wp\/v2\/product_brand?post=8592"},{"taxonomy":"product_cat","embeddable":true,"href":"https:\/\/boreait.com\/hu\/wp-json\/wp\/v2\/product_cat?post=8592"},{"taxonomy":"product_tag","embeddable":true,"href":"https:\/\/boreait.com\/hu\/wp-json\/wp\/v2\/product_tag?post=8592"}],"curies":[{"name":"wp","href":"https:\/\/api.w.org\/{rel}","templated":true}]}}