{"id":8591,"date":"2025-09-17T12:09:36","date_gmt":"2025-09-17T10:09:36","guid":{"rendered":"https:\/\/boreait.com\/hu\/?post_type=product&#038;p=8591"},"modified":"2026-01-27T16:49:18","modified_gmt":"2026-01-27T15:49:18","slug":"eredeti-asus-eee-pc-1225b-belso-hangszoro-hangsugarzok-bal-es-jobb-oldali-keszlet-parja","status":"publish","type":"product","link":"https:\/\/boreait.com\/hu\/termek\/eredeti-asus-eee-pc-1225b-belso-hangszoro-hangsugarzok-bal-es-jobb-oldali-keszlet-parja\/","title":{"rendered":"Eredeti Asus Eee PC 1225B bels\u0151 hangsz\u00f3r\u00f3 hangsug\u00e1rz\u00f3k bal \u00e9s jobb oldali k\u00e9szlet p\u00e1rja"},"content":{"rendered":"<p>N\u00f6velje Asus Eee PC 1225B hang\u00e9lm\u00e9ny\u00e9t az eredeti bels\u0151 hangsz\u00f3r\u00f3 hangsug\u00e1rz\u00f3kkal, bal \u00e9s amp; Jobb k\u00e9szlet p\u00e1r. A kompatibilit\u00e1s \u00e9s az autentikus hangmin\u0151s\u00e9g \u00e9rdek\u00e9ben kialak\u00edtott hangsz\u00f3r\u00f3k\u00e9szlet m\u00e9g jobb hallgat\u00e1si \u00e9lm\u00e9nyt biztos\u00edt.<\/p>\n<p>F\u0151bb jellemz\u0151k:<\/p>\n<p>&#8211; Eredeti Asus csere: Biztos\u00edtsa a hiteless\u00e9get \u00e9s a kompatibilit\u00e1st az eredeti cserealkatr\u00e9szekkel.<\/p>\n<p>&#8211; Tov\u00e1bbfejlesztett hang\u00e9lm\u00e9ny: \u00c9lvezze a kiv\u00e1l\u00f3 hangmin\u0151s\u00e9get \u00e9s tisztas\u00e1got ezekkel a bels\u0151 hangsz\u00f3r\u00f3kkal.<\/p>\n<p>&#8211; K\u00f6nny\u0171 telep\u00edt\u00e9s: Egyszer\u0171 telep\u00edt\u00e9ssel k\u00f6nnyed\u00e9n friss\u00edtheti eszk\u00f6ze hangj\u00e1t.<\/p>\n<p>&#8211; Eredeti alkatr\u00e9szek: Biztos lehet benne, hogy a megb\u00edzhat\u00f3 teljes\u00edtm\u00e9ny \u00e9rdek\u00e9ben eredeti Asus alkatr\u00e9szekbe fektet be.<\/p>\n<p>Friss\u00edtse Asus Eee PC 1225B k\u00e9sz\u00fcl\u00e9k\u00e9t m\u00e9g ma az eredeti bels\u0151 hangsz\u00f3r\u00f3 hangsug\u00e1rz\u00f3kkal, bal \u00e9s amp; Jobb k\u00e9szlet p\u00e1r. V\u00e1s\u00e1roljon bizalommal, tudva, hogy min\u0151s\u00e9gi cserealkatr\u00e9szekbe fektet be k\u00e9sz\u00fcl\u00e9k\u00e9hez. Ha k\u00e9rd\u00e9se van, vagy seg\u00edts\u00e9gre van sz\u00fcks\u00e9ge, ne habozzon kapcsolatba l\u00e9pni vel\u00fcnk. Az\u00e9rt vagyunk itt, hogy seg\u00edts\u00fcnk jav\u00edtani a hang\u00e9lm\u00e9nyt.<\/p>\n","protected":false},"excerpt":{"rendered":"<p>Friss\u00edtse Asus Eee PC 1225B hangz\u00e1s\u00e1t ezzel az eredeti bels\u0151 hangsz\u00f3r\u00f3 hangsug\u00e1rz\u00f3kkal, bal \u00e9s amp; Jobb k\u00e9szlet p\u00e1r. Biztos\u00edtsa az eredeti hangmin\u0151s\u00e9get \u00e9s kompatibilit\u00e1st az eszk\u00f6zzel. Fokozza hang\u00e9lm\u00e9ny\u00e9t m\u00e9g ma!<\/p>\n","protected":false},"featured_media":8643,"template":"","meta":[],"product_brand":[],"product_cat":[18],"product_tag":[30],"class_list":{"0":"post-8591","1":"product","2":"type-product","3":"status-publish","4":"has-post-thumbnail","6":"product_cat-laptop-speakers","7":"product_tag-asus","9":"first","10":"instock","11":"taxable","12":"shipping-taxable","13":"purchasable","14":"product-type-simple"},"_links":{"self":[{"href":"https:\/\/boreait.com\/hu\/wp-json\/wp\/v2\/product\/8591","targetHints":{"allow":["GET"]}}],"collection":[{"href":"https:\/\/boreait.com\/hu\/wp-json\/wp\/v2\/product"}],"about":[{"href":"https:\/\/boreait.com\/hu\/wp-json\/wp\/v2\/types\/product"}],"wp:featuredmedia":[{"embeddable":true,"href":"https:\/\/boreait.com\/hu\/wp-json\/wp\/v2\/media\/8643"}],"wp:attachment":[{"href":"https:\/\/boreait.com\/hu\/wp-json\/wp\/v2\/media?parent=8591"}],"wp:term":[{"taxonomy":"product_brand","embeddable":true,"href":"https:\/\/boreait.com\/hu\/wp-json\/wp\/v2\/product_brand?post=8591"},{"taxonomy":"product_cat","embeddable":true,"href":"https:\/\/boreait.com\/hu\/wp-json\/wp\/v2\/product_cat?post=8591"},{"taxonomy":"product_tag","embeddable":true,"href":"https:\/\/boreait.com\/hu\/wp-json\/wp\/v2\/product_tag?post=8591"}],"curies":[{"name":"wp","href":"https:\/\/api.w.org\/{rel}","templated":true}]}}