{"id":8590,"date":"2025-09-17T12:09:36","date_gmt":"2025-09-17T10:09:36","guid":{"rendered":"https:\/\/boreait.com\/hu\/?post_type=product&#038;p=8590"},"modified":"2026-01-27T16:49:03","modified_gmt":"2026-01-27T15:49:03","slug":"eredeti-bcm94313hmg-802-11b-g-draft-n-wifi-adapter-hp-6460b-2560b-8560p-g72-mini110-keszulekhez","status":"publish","type":"product","link":"https:\/\/boreait.com\/hu\/termek\/eredeti-bcm94313hmg-802-11b-g-draft-n-wifi-adapter-hp-6460b-2560b-8560p-g72-mini110-keszulekhez\/","title":{"rendered":"Eredeti BCM94313HMG 802.11b\/g\/draft-n WiFi adapter HP 6460b 2560b 8560p g72 Mini110 k\u00e9sz\u00fcl\u00e9khez"},"content":{"rendered":"<p>Fokozza HP laptopja vezet\u00e9k n\u00e9lk\u00fcli kapcsolat\u00e1t az eredeti BCM94313HMG 802.11b\/g\/draft-n WiFi Adapterrel. A HP 6460b, 2560b, 8560p, g72 \u00e9s Mini110 modellekkel val\u00f3 kompatibilit\u00e1sra tervezett hiteles cserealkatr\u00e9sz megb\u00edzhat\u00f3 teljes\u00edtm\u00e9nyt \u00e9s z\u00f6kken\u0151mentes telep\u00edt\u00e9st biztos\u00edt.<\/p>\n<p>F\u0151bb jellemz\u0151k:<\/p>\n<p>&#8211; Eredeti HP csere: A kompatibilit\u00e1s \u00e9s a megb\u00edzhat\u00f3s\u00e1g biztos\u00edt\u00e1sa hiteles cserealkatr\u00e9szekkel.<\/p>\n<p>&#8211; Tov\u00e1bbfejlesztett vezet\u00e9k n\u00e9lk\u00fcli teljes\u00edtm\u00e9ny: A gyorsabb \u00e9s stabilabb internet-hozz\u00e1f\u00e9r\u00e9s \u00e9rdek\u00e9ben friss\u00edtse eszk\u00f6ze vezet\u00e9k n\u00e9lk\u00fcli kapcsolat\u00e1t.<\/p>\n<p>&#8211; K\u00f6nny\u0171 telep\u00edt\u00e9s: K\u00f6nnyed\u00e9n telep\u00edtheti a WiFi adaptert an\u00e9lk\u00fcl, hogy professzion\u00e1lis seg\u00edts\u00e9gre lenne sz\u00fcks\u00e9ge.<\/p>\n<p>&#8211; Kompatibilit\u00e1s: Sz\u00e1mos HP laptopmodellel kompatibilis, sokoldal\u00fas\u00e1got biztos\u00edtva az \u00d6n ig\u00e9nyeinek.<\/p>\n<p>Friss\u00edtse HP laptopj\u00e1t m\u00e9g ma az eredeti BCM94313HMG 802.11b\/g\/draft-n WiFi-adapterrel. V\u00e1s\u00e1roljon bizalommal, tudva, hogy min\u0151s\u00e9gi cserealkatr\u00e9szekbe fektet be k\u00e9sz\u00fcl\u00e9k\u00e9hez. Ha k\u00e9rd\u00e9se van, vagy seg\u00edts\u00e9gre van sz\u00fcks\u00e9ge, ne habozzon kapcsolatba l\u00e9pni vel\u00fcnk. Az\u00e9rt vagyunk itt, hogy seg\u00edts\u00fcnk eszk\u00f6ze vezet\u00e9k n\u00e9lk\u00fcli k\u00e9pess\u00e9geinek fejleszt\u00e9s\u00e9ben.<\/p>\n","protected":false},"excerpt":{"rendered":"<p>B\u0151v\u00edtse HP laptopja csatlakoztathat\u00f3s\u00e1g\u00e1t ezzel az eredeti BCM94313HMG 802.11b\/g\/draft-n WiFi-adapterrel. Kompatibilis a HP 6460b, 2560b, 8560p, g72 \u00e9s Mini110 modellekkel. Jav\u00edtsa eszk\u00f6ze vezet\u00e9k n\u00e9lk\u00fcli teljes\u00edtm\u00e9ny\u00e9t m\u00e9g ma!<\/p>\n","protected":false},"featured_media":8641,"template":"","meta":[],"product_brand":[],"product_cat":[27],"product_tag":[],"class_list":{"0":"post-8590","1":"product","2":"type-product","3":"status-publish","4":"has-post-thumbnail","6":"product_cat-motherboards-board-parts","8":"first","9":"instock","10":"taxable","11":"shipping-taxable","12":"purchasable","13":"product-type-simple"},"_links":{"self":[{"href":"https:\/\/boreait.com\/hu\/wp-json\/wp\/v2\/product\/8590","targetHints":{"allow":["GET"]}}],"collection":[{"href":"https:\/\/boreait.com\/hu\/wp-json\/wp\/v2\/product"}],"about":[{"href":"https:\/\/boreait.com\/hu\/wp-json\/wp\/v2\/types\/product"}],"wp:featuredmedia":[{"embeddable":true,"href":"https:\/\/boreait.com\/hu\/wp-json\/wp\/v2\/media\/8641"}],"wp:attachment":[{"href":"https:\/\/boreait.com\/hu\/wp-json\/wp\/v2\/media?parent=8590"}],"wp:term":[{"taxonomy":"product_brand","embeddable":true,"href":"https:\/\/boreait.com\/hu\/wp-json\/wp\/v2\/product_brand?post=8590"},{"taxonomy":"product_cat","embeddable":true,"href":"https:\/\/boreait.com\/hu\/wp-json\/wp\/v2\/product_cat?post=8590"},{"taxonomy":"product_tag","embeddable":true,"href":"https:\/\/boreait.com\/hu\/wp-json\/wp\/v2\/product_tag?post=8590"}],"curies":[{"name":"wp","href":"https:\/\/api.w.org\/{rel}","templated":true}]}}