{"id":8589,"date":"2025-09-17T12:09:35","date_gmt":"2025-09-17T10:09:35","guid":{"rendered":"https:\/\/boreait.com\/hu\/?post_type=product&#038;p=8589"},"modified":"2025-09-17T12:10:23","modified_gmt":"2025-09-17T10:10:23","slug":"eredeti-asus-1225b-ventilator-es-hutoborda-13na-3ma0y01","status":"publish","type":"product","link":"https:\/\/boreait.com\/hu\/termek\/eredeti-asus-1225b-ventilator-es-hutoborda-13na-3ma0y01\/","title":{"rendered":"Eredeti Asus 1225B ventil\u00e1tor \u00e9s h\u0171t\u0151borda 13NA-3MA0Y01"},"content":{"rendered":"<p>N\u00f6velje Asus 1225B laptopja h\u0171t\u00e9si teljes\u00edtm\u00e9ny\u00e9t a 13NA-3MA0Y01 cikksz\u00e1m\u00fa eredeti ventil\u00e1torral \u00e9s h\u0171t\u0151bord\u00e1val. Az optim\u00e1lis l\u00e9g\u00e1raml\u00e1sra \u00e9s h\u0151elvezet\u00e9sre tervezett eredeti cserealkatr\u00e9sz biztos\u00edtja, hogy laptopja h\u0171v\u00f6s maradjon intenz\u00edv haszn\u00e1lat mellett is.<\/p>\n<p>F\u0151bb jellemz\u0151k:<\/p>\n<p>&#8211; Eredeti Asus csere: A kompatibilit\u00e1s \u00e9s a megb\u00edzhat\u00f3s\u00e1g biztos\u00edt\u00e1sa hiteles cserealkatr\u00e9szekkel.<\/p>\n<p>&#8211; Tov\u00e1bbfejlesztett h\u0171t\u00e9si teljes\u00edtm\u00e9ny: A tov\u00e1bbfejlesztett h\u0171t\u00e9ssel a laptop z\u00f6kken\u0151mentesen \u00e9s hat\u00e9konyan m\u0171k\u00f6dhet.<\/p>\n<p>&#8211; K\u00f6nny\u0171 telep\u00edt\u00e9s: Egyszer\u0171 telep\u00edt\u00e9ssel k\u00f6nnyed\u00e9n friss\u00edtheti laptopja h\u0171t\u0151rendszer\u00e9t.<\/p>\n<p>&#8211; Tart\u00f3s konstrukci\u00f3: \u00dagy tervezt\u00e9k, hogy ellen\u00e1lljon a haszn\u00e1latnak, \u00e9s hossz\u00fa \u00e9lettartamot biztos\u00edtson laptopja sz\u00e1m\u00e1ra.<\/p>\n<p>Friss\u00edtse Asus 1225B laptopj\u00e1t m\u00e9g ma az eredeti ventil\u00e1torral \u00e9s h\u0171t\u0151bord\u00e1val. V\u00e1s\u00e1roljon bizalommal, tudva, hogy min\u0151s\u00e9gi cserealkatr\u00e9szekbe fektet be k\u00e9sz\u00fcl\u00e9k\u00e9hez. Ha k\u00e9rd\u00e9se van, vagy seg\u00edts\u00e9gre van sz\u00fcks\u00e9ge, ne habozzon kapcsolatba l\u00e9pni vel\u00fcnk. Az\u00e9rt vagyunk itt, hogy seg\u00edts\u00fcnk laptopja teljes\u00edtm\u00e9ny\u00e9nek n\u00f6vel\u00e9s\u00e9ben.<\/p>\n","protected":false},"excerpt":{"rendered":"<p>Fokozza Asus 1225B h\u0171t\u0151rendszer\u00e9t ezzel az eredeti ventil\u00e1torral \u00e9s h\u0171t\u0151bord\u00e1val. Kompatibilis a 13NA-3MA0Y01 cikksz\u00e1mmal. Laptopja z\u00f6kken\u0151mentesen \u00e9s hat\u00e9konyan m\u0171k\u00f6dj\u00f6n!<\/p>\n","protected":false},"featured_media":8639,"template":"","meta":[],"product_brand":[],"product_cat":[33],"product_tag":[30],"class_list":{"0":"post-8589","1":"product","2":"type-product","3":"status-publish","4":"has-post-thumbnail","6":"product_cat-cpu-fans-heatsinks","7":"product_tag-asus","9":"first","10":"instock","11":"taxable","12":"shipping-taxable","13":"purchasable","14":"product-type-simple"},"_links":{"self":[{"href":"https:\/\/boreait.com\/hu\/wp-json\/wp\/v2\/product\/8589","targetHints":{"allow":["GET"]}}],"collection":[{"href":"https:\/\/boreait.com\/hu\/wp-json\/wp\/v2\/product"}],"about":[{"href":"https:\/\/boreait.com\/hu\/wp-json\/wp\/v2\/types\/product"}],"wp:featuredmedia":[{"embeddable":true,"href":"https:\/\/boreait.com\/hu\/wp-json\/wp\/v2\/media\/8639"}],"wp:attachment":[{"href":"https:\/\/boreait.com\/hu\/wp-json\/wp\/v2\/media?parent=8589"}],"wp:term":[{"taxonomy":"product_brand","embeddable":true,"href":"https:\/\/boreait.com\/hu\/wp-json\/wp\/v2\/product_brand?post=8589"},{"taxonomy":"product_cat","embeddable":true,"href":"https:\/\/boreait.com\/hu\/wp-json\/wp\/v2\/product_cat?post=8589"},{"taxonomy":"product_tag","embeddable":true,"href":"https:\/\/boreait.com\/hu\/wp-json\/wp\/v2\/product_tag?post=8589"}],"curies":[{"name":"wp","href":"https:\/\/api.w.org\/{rel}","templated":true}]}}