{"id":8588,"date":"2025-09-17T12:09:35","date_gmt":"2025-09-17T10:09:35","guid":{"rendered":"https:\/\/boreait.com\/hu\/?post_type=product&#038;p=8588"},"modified":"2025-09-17T12:10:20","modified_gmt":"2025-09-17T10:10:20","slug":"eredeti-asus-1225b-lcd-videokabel-1422-017b000","status":"publish","type":"product","link":"https:\/\/boreait.com\/hu\/termek\/eredeti-asus-1225b-lcd-videokabel-1422-017b000\/","title":{"rendered":"Eredeti Asus 1225B LCD videok\u00e1bel 1422-017B000"},"content":{"rendered":"<p>Jav\u00edtsa Asus 1225B laptopja megjelen\u00edt\u00e9si min\u0151s\u00e9g\u00e9t az eredeti, 1422-017B000 cikksz\u00e1m\u00fa LCD videok\u00e1bellel. A tart\u00f3ss\u00e1g \u00e9s a kompatibilit\u00e1s jegy\u00e9ben k\u00e9sz\u00fclt, ez az eredeti cserealkatr\u00e9sz megb\u00edzhat\u00f3 teljes\u00edtm\u00e9nyt \u00e9s egyszer\u0171 telep\u00edt\u00e9st biztos\u00edt.<\/p>\n<p>F\u0151bb jellemz\u0151k:<\/p>\n<p>&#8211; Eredeti Asus csere: A kompatibilit\u00e1s \u00e9s a megb\u00edzhat\u00f3s\u00e1g biztos\u00edt\u00e1sa hiteles cserealkatr\u00e9szekkel.<\/p>\n<p>&#8211; K\u00f6nny\u0171 telep\u00edt\u00e9s: Egyszer\u0171 telep\u00edt\u00e9ssel k\u00f6nnyed\u00e9n friss\u00edtheti laptopja kijelz\u0151j\u00e9t.<\/p>\n<p>&#8211; Tov\u00e1bbfejlesztett megjelen\u00edt\u00e9si min\u0151s\u00e9g: Jav\u00edtsa laptopja kijelz\u0151j\u00e9t a tiszt\u00e1bb \u00e9s \u00e9lesebb k\u00e9p \u00e9rdek\u00e9ben.<\/p>\n<p>&#8211; Tart\u00f3s konstrukci\u00f3: \u00fagy k\u00e9sz\u00fclt, hogy ellen\u00e1lljon a haszn\u00e1latnak, biztos\u00edtva a hossz\u00fa \u00e9lettartamot \u00e9s a megb\u00edzhat\u00f3s\u00e1got.<\/p>\n<p>Friss\u00edtse Asus 1225B laptopj\u00e1t m\u00e9g ma az eredeti LCD videok\u00e1bellel. V\u00e1s\u00e1roljon bizalommal, tudva, hogy min\u0151s\u00e9gi cserealkatr\u00e9szekbe fektet be k\u00e9sz\u00fcl\u00e9k\u00e9hez. Ha k\u00e9rd\u00e9se van, vagy seg\u00edts\u00e9gre van sz\u00fcks\u00e9ge, ne habozzon kapcsolatba l\u00e9pni vel\u00fcnk. Az\u00e9rt vagyunk itt, hogy seg\u00edts\u00fcnk laptopja megjelen\u00edt\u00e9si min\u0151s\u00e9g\u00e9nek jav\u00edt\u00e1s\u00e1ban.<\/p>\n","protected":false},"excerpt":{"rendered":"<p>Friss\u00edtse Asus 1225B kijelz\u0151j\u00e9t ezzel az eredeti LCD videok\u00e1bellel. K\u00f6nnyen telep\u00edthet\u0151 \u00e9s kompatibilis a 1422-017B000 cikksz\u00e1mmal. Jav\u00edtsa laptopja megjelen\u00edt\u00e9si min\u0151s\u00e9g\u00e9t m\u00e9g ma!<\/p>\n","protected":false},"featured_media":8638,"template":"","meta":[],"product_brand":[],"product_cat":[20],"product_tag":[30],"class_list":{"0":"post-8588","1":"product","2":"type-product","3":"status-publish","4":"has-post-thumbnail","6":"product_cat-cables","7":"product_tag-asus","9":"first","10":"instock","11":"taxable","12":"shipping-taxable","13":"purchasable","14":"product-type-simple"},"_links":{"self":[{"href":"https:\/\/boreait.com\/hu\/wp-json\/wp\/v2\/product\/8588","targetHints":{"allow":["GET"]}}],"collection":[{"href":"https:\/\/boreait.com\/hu\/wp-json\/wp\/v2\/product"}],"about":[{"href":"https:\/\/boreait.com\/hu\/wp-json\/wp\/v2\/types\/product"}],"wp:featuredmedia":[{"embeddable":true,"href":"https:\/\/boreait.com\/hu\/wp-json\/wp\/v2\/media\/8638"}],"wp:attachment":[{"href":"https:\/\/boreait.com\/hu\/wp-json\/wp\/v2\/media?parent=8588"}],"wp:term":[{"taxonomy":"product_brand","embeddable":true,"href":"https:\/\/boreait.com\/hu\/wp-json\/wp\/v2\/product_brand?post=8588"},{"taxonomy":"product_cat","embeddable":true,"href":"https:\/\/boreait.com\/hu\/wp-json\/wp\/v2\/product_cat?post=8588"},{"taxonomy":"product_tag","embeddable":true,"href":"https:\/\/boreait.com\/hu\/wp-json\/wp\/v2\/product_tag?post=8588"}],"curies":[{"name":"wp","href":"https:\/\/api.w.org\/{rel}","templated":true}]}}