{"id":8585,"date":"2025-09-17T12:09:35","date_gmt":"2025-09-17T10:09:35","guid":{"rendered":"https:\/\/boreait.com\/hu\/?post_type=product&#038;p=8585"},"modified":"2025-09-17T12:09:58","modified_gmt":"2025-09-17T10:09:58","slug":"eredeti-asus-1225b-csuklotamasz-es-erintopad-13goa3m1ap050-10","status":"publish","type":"product","link":"https:\/\/boreait.com\/hu\/termek\/eredeti-asus-1225b-csuklotamasz-es-erintopad-13goa3m1ap050-10\/","title":{"rendered":"Eredeti Asus 1225B csukl\u00f3t\u00e1masz \u00e9s \u00e9rint\u0151pad 13GOA3M1AP050-10"},"content":{"rendered":"<p>N\u00f6velje Asus 1225B laptopja haszn\u00e1lhat\u00f3s\u00e1g\u00e1t az eredeti Palmrest &amp; \u00c9rint\u0151pad, cikksz\u00e1m: 13GOA3M1AP050-10. A tart\u00f3ss\u00e1g \u00e9s a kompatibilit\u00e1s jegy\u00e9ben k\u00e9sz\u00fclt, ez az eredeti cserealkatr\u00e9sz megb\u00edzhat\u00f3 teljes\u00edtm\u00e9nyt \u00e9s egyszer\u0171 telep\u00edt\u00e9st biztos\u00edt.<\/p>\n<p>F\u0151bb jellemz\u0151k:<\/p>\n<p>&#8211; Eredeti Asus csere: A kompatibilit\u00e1s \u00e9s a megb\u00edzhat\u00f3s\u00e1g biztos\u00edt\u00e1sa hiteles cserealkatr\u00e9szekkel.<\/p>\n<p>&#8211; K\u00f6nny\u0171 telep\u00edt\u00e9s: Egyszer\u0171 telep\u00edt\u00e9ssel k\u00f6nnyed\u00e9n jav\u00edthatja eszk\u00f6ze haszn\u00e1lhat\u00f3s\u00e1g\u00e1t.<\/p>\n<p>&#8211; Tov\u00e1bbfejlesztett funkcionalit\u00e1s: A megb\u00edzhat\u00f3 csukl\u00f3t\u00e1masz \u00e9s \u00e9rint\u0151pad seg\u00edts\u00e9g\u00e9vel jav\u00edthatja laptopja haszn\u00e1lhat\u00f3s\u00e1g\u00e1t.<\/p>\n<p>&#8211; Tart\u00f3s konstrukci\u00f3: \u00dagy tervezt\u00e9k, hogy ellen\u00e1lljon a rendszeres haszn\u00e1latnak, \u00edgy biztos\u00edtva a hossz\u00fa \u00e9lettartamot \u00e9s a megb\u00edzhat\u00f3s\u00e1got.<\/p>\n<p>Friss\u00edtse Asus 1225B laptopj\u00e1t m\u00e9g ma az eredeti Palmrest &amp; \u00c9rint\u0151pad. V\u00e1s\u00e1roljon bizalommal, tudva, hogy min\u0151s\u00e9gi cserealkatr\u00e9szekbe fektet be k\u00e9sz\u00fcl\u00e9k\u00e9hez. Ha k\u00e9rd\u00e9se van, vagy seg\u00edts\u00e9gre van sz\u00fcks\u00e9ge, ne habozzon kapcsolatba l\u00e9pni vel\u00fcnk. Az\u00e9rt vagyunk itt, hogy seg\u00edts\u00fcnk eszk\u00f6ze funkcionalit\u00e1s\u00e1nak jav\u00edt\u00e1s\u00e1ban.<\/p>\n","protected":false},"excerpt":{"rendered":"<p>N\u00f6velje Asus 1225B haszn\u00e1lhat\u00f3s\u00e1g\u00e1t ezzel az eredeti csukl\u00f3t\u00e1masz \u00e9s amp; \u00c9rint\u0151pad. K\u00f6nnyen telep\u00edthet\u0151 \u00e9s kompatibilis a 13GOA3M1AP050-10 cikksz\u00e1mmal. Jav\u00edtsa eszk\u00f6ze funkcionalit\u00e1s\u00e1t m\u00e9g ma!<\/p>\n","protected":false},"featured_media":8617,"template":"","meta":[],"product_brand":[],"product_cat":[35],"product_tag":[30],"class_list":{"0":"post-8585","1":"product","2":"type-product","3":"status-publish","4":"has-post-thumbnail","6":"product_cat-laptop-keyboard","7":"product_tag-asus","9":"first","10":"instock","11":"taxable","12":"shipping-taxable","13":"purchasable","14":"product-type-simple"},"_links":{"self":[{"href":"https:\/\/boreait.com\/hu\/wp-json\/wp\/v2\/product\/8585","targetHints":{"allow":["GET"]}}],"collection":[{"href":"https:\/\/boreait.com\/hu\/wp-json\/wp\/v2\/product"}],"about":[{"href":"https:\/\/boreait.com\/hu\/wp-json\/wp\/v2\/types\/product"}],"wp:featuredmedia":[{"embeddable":true,"href":"https:\/\/boreait.com\/hu\/wp-json\/wp\/v2\/media\/8617"}],"wp:attachment":[{"href":"https:\/\/boreait.com\/hu\/wp-json\/wp\/v2\/media?parent=8585"}],"wp:term":[{"taxonomy":"product_brand","embeddable":true,"href":"https:\/\/boreait.com\/hu\/wp-json\/wp\/v2\/product_brand?post=8585"},{"taxonomy":"product_cat","embeddable":true,"href":"https:\/\/boreait.com\/hu\/wp-json\/wp\/v2\/product_cat?post=8585"},{"taxonomy":"product_tag","embeddable":true,"href":"https:\/\/boreait.com\/hu\/wp-json\/wp\/v2\/product_tag?post=8585"}],"curies":[{"name":"wp","href":"https:\/\/api.w.org\/{rel}","templated":true}]}}