{"id":8566,"date":"2025-09-17T12:09:12","date_gmt":"2025-09-17T10:09:12","guid":{"rendered":"https:\/\/boreait.com\/hu\/?post_type=product&#038;p=8566"},"modified":"2025-09-17T12:09:55","modified_gmt":"2025-09-17T10:09:55","slug":"eredeti-asus-1225c-also-tok-13goa3m1ap021-10","status":"publish","type":"product","link":"https:\/\/boreait.com\/hu\/termek\/eredeti-asus-1225c-also-tok-13goa3m1ap021-10\/","title":{"rendered":"Eredeti Asus 1225C als\u00f3 tok 13goa3m1ap021-10"},"content":{"rendered":"<p>N\u00f6velje Asus 1225C laptopja tart\u00f3ss\u00e1g\u00e1t \u00e9s v\u00e9delm\u00e9t az eredeti als\u00f3 tokkal, cikksz\u00e1m: 13goa3m1ap021-10. A kompatibilit\u00e1s \u00e9s a megb\u00edzhat\u00f3s\u00e1g jegy\u00e9ben k\u00e9sz\u00fclt, ez az eredeti cserealkatr\u00e9sz egyszer\u0171 telep\u00edt\u00e9st \u00e9s megb\u00edzhat\u00f3 teljes\u00edtm\u00e9nyt biztos\u00edt.<\/p>\n<p>F\u0151bb jellemz\u0151k:<\/p>\n<p>&#8211; Eredeti Asus csere: A kompatibilit\u00e1s \u00e9s a megb\u00edzhat\u00f3s\u00e1g biztos\u00edt\u00e1sa hiteles cserealkatr\u00e9szekkel.<\/p>\n<p>&#8211; K\u00f6nny\u0171 telep\u00edt\u00e9s: Egyszer\u0171 telep\u00edt\u00e9ssel k\u00f6nnyed\u00e9n friss\u00edtheti eszk\u00f6ze v\u00e9delm\u00e9t.<\/p>\n<p>&#8211; Fokozott tart\u00f3ss\u00e1g: N\u00f6velje laptopja tart\u00f3ss\u00e1g\u00e1t a hosszabb \u00e9lettartam \u00e9rdek\u00e9ben.<\/p>\n<p>&#8211; Min\u0151s\u00e9gi konstrukci\u00f3: \u00dagy tervezt\u00e9k, hogy ellen\u00e1lljon a napi haszn\u00e1latnak, megb\u00edzhat\u00f3 v\u00e9delmet biztos\u00edtva.<\/p>\n<p>Friss\u00edtse Asus 1225C laptopj\u00e1t m\u00e9g ma az eredeti als\u00f3 tokkal. V\u00e1s\u00e1roljon bizalommal, tudva, hogy min\u0151s\u00e9gi cserealkatr\u00e9szekbe fektet be k\u00e9sz\u00fcl\u00e9k\u00e9hez. Ha k\u00e9rd\u00e9se van, vagy seg\u00edts\u00e9gre van sz\u00fcks\u00e9ge, ne habozzon kapcsolatba l\u00e9pni vel\u00fcnk. Az\u00e9rt vagyunk itt, hogy seg\u00edts\u00fcnk eszk\u00f6ze tart\u00f3ss\u00e1g\u00e1nak \u00e9s v\u00e9delm\u00e9nek n\u00f6vel\u00e9s\u00e9ben.<\/p>\n","protected":false},"excerpt":{"rendered":"<p>N\u00f6velje Asus 1225C tart\u00f3ss\u00e1g\u00e1t ezzel az eredeti als\u00f3 tokkal. K\u00f6nnyen telep\u00edthet\u0151 \u00e9s kompatibilis a 13goa3m1ap021-10 cikksz\u00e1mmal. Friss\u00edtse eszk\u00f6ze v\u00e9delm\u00e9t m\u00e9g ma!<\/p>\n","protected":false},"featured_media":8615,"template":"","meta":[],"product_brand":[],"product_cat":[16],"product_tag":[30],"class_list":{"0":"post-8566","1":"product","2":"type-product","3":"status-publish","4":"has-post-thumbnail","6":"product_cat-laptop-housing","7":"product_tag-asus","9":"first","10":"instock","11":"taxable","12":"shipping-taxable","13":"purchasable","14":"product-type-simple"},"_links":{"self":[{"href":"https:\/\/boreait.com\/hu\/wp-json\/wp\/v2\/product\/8566","targetHints":{"allow":["GET"]}}],"collection":[{"href":"https:\/\/boreait.com\/hu\/wp-json\/wp\/v2\/product"}],"about":[{"href":"https:\/\/boreait.com\/hu\/wp-json\/wp\/v2\/types\/product"}],"wp:featuredmedia":[{"embeddable":true,"href":"https:\/\/boreait.com\/hu\/wp-json\/wp\/v2\/media\/8615"}],"wp:attachment":[{"href":"https:\/\/boreait.com\/hu\/wp-json\/wp\/v2\/media?parent=8566"}],"wp:term":[{"taxonomy":"product_brand","embeddable":true,"href":"https:\/\/boreait.com\/hu\/wp-json\/wp\/v2\/product_brand?post=8566"},{"taxonomy":"product_cat","embeddable":true,"href":"https:\/\/boreait.com\/hu\/wp-json\/wp\/v2\/product_cat?post=8566"},{"taxonomy":"product_tag","embeddable":true,"href":"https:\/\/boreait.com\/hu\/wp-json\/wp\/v2\/product_tag?post=8566"}],"curies":[{"name":"wp","href":"https:\/\/api.w.org\/{rel}","templated":true}]}}