{"id":8564,"date":"2025-09-17T12:09:12","date_gmt":"2025-09-17T10:09:12","guid":{"rendered":"https:\/\/boreait.com\/hu\/?post_type=product&#038;p=8564"},"modified":"2026-01-27T16:48:47","modified_gmt":"2026-01-27T15:48:47","slug":"ac-dc-power-djack-port-kabel-ibm-lenovo-thinkpad-x61-x60-x60s-x61s-93p4367-hez","status":"publish","type":"product","link":"https:\/\/boreait.com\/hu\/termek\/ac-dc-power-djack-port-kabel-ibm-lenovo-thinkpad-x61-x60-x60s-x61s-93p4367-hez\/","title":{"rendered":"AC DC POWER DJACK PORT K\u00c1BEL IBM Lenovo Thinkpad X61 X60 X60s X61s 93P4367-hez"},"content":{"rendered":"<p>\u00c1ll\u00edtsa vissza az \u00e1ramell\u00e1t\u00e1st IBM Lenovo Thinkpad X61 X60 X60s X61s laptopj\u00e1hoz az eredeti, 93P4367 modellsz\u00e1m\u00fa, AC DC t\u00e1pcsatlakoz\u00f3 csatlakoz\u00f3k\u00e1bellel. A tart\u00f3ss\u00e1g \u00e9s a kompatibilit\u00e1s jegy\u00e9ben k\u00e9sz\u00fclt ez az eredeti cserealkatr\u00e9sz megb\u00edzhat\u00f3 t\u00e1pell\u00e1t\u00e1st \u00e9s egyszer\u0171 telep\u00edt\u00e9st biztos\u00edt.<\/p>\n<p>F\u0151bb jellemz\u0151k:<\/p>\n<p>&#8211; Eredeti csere: A kompatibilit\u00e1s \u00e9s a megb\u00edzhat\u00f3s\u00e1g biztos\u00edt\u00e1sa eredeti cserealkatr\u00e9szekkel.<\/p>\n<p>&#8211; K\u00f6nny\u0171 telep\u00edt\u00e9s: Egyszer\u0171 telep\u00edt\u00e9ssel k\u00f6nnyed\u00e9n cser\u00e9lheti ki laptopja t\u00e1pcsatlakoz\u00f3-k\u00e1bel\u00e9t.<\/p>\n<p>&#8211; Az \u00e1ramell\u00e1t\u00e1s vissza\u00e1ll\u00edt\u00e1sa: Oldja meg az \u00e1ramell\u00e1t\u00e1si probl\u00e9m\u00e1kat, \u00e9s \u00e1ll\u00edtsa vissza az eszk\u00f6z m\u0171k\u00f6d\u00e9s\u00e9t.<\/p>\n<p>&#8211; Tart\u00f3s konstrukci\u00f3: \u00fagy k\u00e9sz\u00fclt, hogy ellen\u00e1lljon a mindennapi haszn\u00e1latnak, \u00edgy biztos\u00edtva a hossz\u00fa \u00e9lettartamot \u00e9s a megb\u00edzhat\u00f3s\u00e1got.<\/p>\n<p>Friss\u00edtse IBM Lenovo Thinkpad X61 X60 X60s X61s laptopj\u00e1t m\u00e9g ma az eredeti AC DC t\u00e1pcsatlakoz\u00f3 csatlakoz\u00f3k\u00e1bellel. V\u00e1s\u00e1roljon bizalommal, tudva, hogy min\u0151s\u00e9gi cserealkatr\u00e9szekbe fektet be k\u00e9sz\u00fcl\u00e9k\u00e9hez. Ha k\u00e9rd\u00e9se van, vagy seg\u00edts\u00e9gre van sz\u00fcks\u00e9ge, ne habozzon kapcsolatba l\u00e9pni vel\u00fcnk. Az\u00e9rt vagyunk itt, hogy seg\u00edts\u00fcnk vissza\u00e1ll\u00edtani eszk\u00f6ze m\u0171k\u00f6d\u00e9s\u00e9t.<\/p>\n","protected":false},"excerpt":{"rendered":"<p>Cser\u00e9lje ki az IBM Lenovo Thinkpad X61 X60 X60s X61s t\u00e1pcsatlakoz\u00f3 csatlakoz\u00f3k\u00e1bel\u00e9t erre az eredeti cserealkatr\u00e9szre, 93P4367 modellsz\u00e1m. K\u00f6nnyed\u00e9n \u00e1ll\u00edtsa vissza k\u00e9sz\u00fcl\u00e9ke t\u00e1pell\u00e1t\u00e1s\u00e1t!<\/p>\n","protected":false},"featured_media":8612,"template":"","meta":[],"product_brand":[],"product_cat":[20],"product_tag":[26],"class_list":{"0":"post-8564","1":"product","2":"type-product","3":"status-publish","4":"has-post-thumbnail","6":"product_cat-cables","7":"product_tag-lenovo","9":"first","10":"instock","11":"taxable","12":"shipping-taxable","13":"purchasable","14":"product-type-simple"},"_links":{"self":[{"href":"https:\/\/boreait.com\/hu\/wp-json\/wp\/v2\/product\/8564","targetHints":{"allow":["GET"]}}],"collection":[{"href":"https:\/\/boreait.com\/hu\/wp-json\/wp\/v2\/product"}],"about":[{"href":"https:\/\/boreait.com\/hu\/wp-json\/wp\/v2\/types\/product"}],"wp:featuredmedia":[{"embeddable":true,"href":"https:\/\/boreait.com\/hu\/wp-json\/wp\/v2\/media\/8612"}],"wp:attachment":[{"href":"https:\/\/boreait.com\/hu\/wp-json\/wp\/v2\/media?parent=8564"}],"wp:term":[{"taxonomy":"product_brand","embeddable":true,"href":"https:\/\/boreait.com\/hu\/wp-json\/wp\/v2\/product_brand?post=8564"},{"taxonomy":"product_cat","embeddable":true,"href":"https:\/\/boreait.com\/hu\/wp-json\/wp\/v2\/product_cat?post=8564"},{"taxonomy":"product_tag","embeddable":true,"href":"https:\/\/boreait.com\/hu\/wp-json\/wp\/v2\/product_tag?post=8564"}],"curies":[{"name":"wp","href":"https:\/\/api.w.org\/{rel}","templated":true}]}}