{"id":8562,"date":"2025-09-17T12:09:12","date_gmt":"2025-09-17T10:09:12","guid":{"rendered":"https:\/\/boreait.com\/hu\/?post_type=product&#038;p=8562"},"modified":"2026-01-27T16:48:32","modified_gmt":"2026-01-27T15:48:32","slug":"eredeti-lenovo-thinkpad-t61-bluetooth-kartya-39t0497","status":"publish","type":"product","link":"https:\/\/boreait.com\/hu\/termek\/eredeti-lenovo-thinkpad-t61-bluetooth-kartya-39t0497\/","title":{"rendered":"Eredeti Lenovo Thinkpad T61 Bluetooth k\u00e1rtya 39T0497"},"content":{"rendered":"<p>Fokozza Lenovo Thinkpad T61 laptopja csatlakoztathat\u00f3s\u00e1g\u00e1t a 39T0497 cikksz\u00e1m\u00fa eredeti Bluetooth k\u00e1rty\u00e1val. A kompatibilit\u00e1s \u00e9s a megb\u00edzhat\u00f3s\u00e1g jegy\u00e9ben k\u00e9sz\u00fclt, ez az eredeti cserealkatr\u00e9sz z\u00f6kken\u0151mentes Bluetooth-funkci\u00f3t \u00e9s egyszer\u0171 telep\u00edt\u00e9st biztos\u00edt.<\/p>\n<p>F\u0151bb jellemz\u0151k:<\/p>\n<p>&#8211; Eredeti Lenovo csere: A kompatibilit\u00e1s \u00e9s a megb\u00edzhat\u00f3s\u00e1g biztos\u00edt\u00e1sa hiteles cserealkatr\u00e9szekkel.<\/p>\n<p>&#8211; K\u00f6nny\u0171 telep\u00edt\u00e9s: Egyszer\u0171 telep\u00edt\u00e9ssel k\u00f6nnyed\u00e9n friss\u00edtheti laptopja csatlakoztathat\u00f3s\u00e1g\u00e1t.<\/p>\n<p>&#8211; Tov\u00e1bbfejlesztett Bluetooth-funkcionalit\u00e1s: \u00c9lvezze a z\u00f6kken\u0151mentes Bluetooth-kapcsolatot a tov\u00e1bbfejlesztett sokoldal\u00fas\u00e1g \u00e9rdek\u00e9ben.<\/p>\n<p>&#8211; Kompatibilit\u00e1s: \u00dagy tervezt\u00e9k, hogy z\u00f6kken\u0151mentesen m\u0171k\u00f6dj\u00f6n a Lenovo Thinkpad T61 modellel.<\/p>\n<p>&#8211; Min\u0151s\u00e9gbiztos\u00edt\u00e1s: A Lenovo magas min\u0151s\u00e9gi szabv\u00e1nyai szerint k\u00e9sz\u00fclt, ami biztos\u00edtja a hossz\u00fa \u00e9lettartamot \u00e9s a megb\u00edzhat\u00f3s\u00e1got.<\/p>\n<p>Friss\u00edtse Lenovo Thinkpad T61 laptopj\u00e1t m\u00e9g ma az eredeti Bluetooth k\u00e1rty\u00e1val. V\u00e1s\u00e1roljon bizalommal, tudva, hogy min\u0151s\u00e9gi cserealkatr\u00e9szekbe fektet be k\u00e9sz\u00fcl\u00e9k\u00e9hez. Ha k\u00e9rd\u00e9se van, vagy seg\u00edts\u00e9gre van sz\u00fcks\u00e9ge, ne habozzon kapcsolatba l\u00e9pni vel\u00fcnk. Az\u00e9rt vagyunk itt, hogy seg\u00edts\u00fcnk laptopja funkcionalit\u00e1s\u00e1nak jav\u00edt\u00e1s\u00e1ban.<\/p>\n","protected":false},"excerpt":{"rendered":"<p>Friss\u00edtse Lenovo Thinkpad T61 k\u00e9sz\u00fcl\u00e9k\u00e9t ezzel az eredeti Bluetooth k\u00e1rty\u00e1val. K\u00f6nnyen telep\u00edthet\u0151 \u00e9s kompatibilis a 39T0497 cikksz\u00e1mmal. Fokozza laptopja csatlakoztathat\u00f3s\u00e1g\u00e1t m\u00e9g ma!<\/p>\n","protected":false},"featured_media":8610,"template":"","meta":[],"product_brand":[],"product_cat":[27],"product_tag":[26],"class_list":{"0":"post-8562","1":"product","2":"type-product","3":"status-publish","4":"has-post-thumbnail","6":"product_cat-motherboards-board-parts","7":"product_tag-lenovo","9":"first","10":"instock","11":"taxable","12":"shipping-taxable","13":"purchasable","14":"product-type-simple"},"_links":{"self":[{"href":"https:\/\/boreait.com\/hu\/wp-json\/wp\/v2\/product\/8562","targetHints":{"allow":["GET"]}}],"collection":[{"href":"https:\/\/boreait.com\/hu\/wp-json\/wp\/v2\/product"}],"about":[{"href":"https:\/\/boreait.com\/hu\/wp-json\/wp\/v2\/types\/product"}],"wp:featuredmedia":[{"embeddable":true,"href":"https:\/\/boreait.com\/hu\/wp-json\/wp\/v2\/media\/8610"}],"wp:attachment":[{"href":"https:\/\/boreait.com\/hu\/wp-json\/wp\/v2\/media?parent=8562"}],"wp:term":[{"taxonomy":"product_brand","embeddable":true,"href":"https:\/\/boreait.com\/hu\/wp-json\/wp\/v2\/product_brand?post=8562"},{"taxonomy":"product_cat","embeddable":true,"href":"https:\/\/boreait.com\/hu\/wp-json\/wp\/v2\/product_cat?post=8562"},{"taxonomy":"product_tag","embeddable":true,"href":"https:\/\/boreait.com\/hu\/wp-json\/wp\/v2\/product_tag?post=8562"}],"curies":[{"name":"wp","href":"https:\/\/api.w.org\/{rel}","templated":true}]}}