{"id":8561,"date":"2025-09-17T12:09:11","date_gmt":"2025-09-17T10:09:11","guid":{"rendered":"https:\/\/boreait.com\/hu\/?post_type=product&#038;p=8561"},"modified":"2026-01-27T16:48:18","modified_gmt":"2026-01-27T15:48:18","slug":"kingston-9905295-077-a00lf-ktl-tp667-2g-ddr2-pc2-5300-667mhz-ram","status":"publish","type":"product","link":"https:\/\/boreait.com\/hu\/termek\/kingston-9905295-077-a00lf-ktl-tp667-2g-ddr2-pc2-5300-667mhz-ram\/","title":{"rendered":"Kingston 9905295-077.A00LF KTL-TP667\/2G DDR2 PC2-5300 (667MHz) RAM"},"content":{"rendered":"<p>Fokozza eszk\u00f6ze teljes\u00edtm\u00e9ny\u00e9t az eredeti Kingston 9905295-077.A00LF KTL-TP667\/2G DDR2 PC2-5300 (667MHz) RAM-mal. Ez a z\u00f6kken\u0151mentes kompatibilit\u00e1sra \u00e9s optim\u00e1lis sebess\u00e9gre tervezett mem\u00f3riamodul megb\u00edzhat\u00f3 v\u00e1laszt\u00e1s eszk\u00f6ze friss\u00edt\u00e9s\u00e9hez.<\/p>\n<p>F\u0151bb jellemz\u0151k:<\/p>\n<p>&#8211; Eredeti Kingston csere: A kompatibilit\u00e1s \u00e9s a megb\u00edzhat\u00f3s\u00e1g biztos\u00edt\u00e1sa hiteles cserealkatr\u00e9szekkel.<\/p>\n<p>&#8211; K\u00f6nny\u0171 telep\u00edt\u00e9s: Egyszer\u0171 telep\u00edt\u00e9ssel k\u00f6nnyed\u00e9n b\u0151v\u00edtheti eszk\u00f6ze mem\u00f3ri\u00e1j\u00e1t.<\/p>\n<p>&#8211; Fokozott teljes\u00edtm\u00e9ny: Tapasztalja meg a nagyobb sebess\u00e9get \u00e9s a fokozott v\u00e1laszk\u00e9szs\u00e9get ezzel a DDR2 RAM-mal.<\/p>\n<p>&#8211; Kompatibilit\u00e1s: \u00dagy tervezt\u00e9k, hogy z\u00f6kken\u0151mentesen m\u0171k\u00f6dj\u00f6n k\u00fcl\u00f6nf\u00e9le eszk\u00f6zmodellekkel a nagyobb k\u00e9nyelem \u00e9rdek\u00e9ben.<\/p>\n<p>&#8211; Tart\u00f3s konstrukci\u00f3: A szigor\u00fa ig\u00e9nybev\u00e9telnek ellen\u00e1ll\u00f3, hossz\u00fa \u00e9lettartamot \u00e9s megb\u00edzhat\u00f3s\u00e1got biztos\u00edtva.<\/p>\n<p>B\u0151v\u00edtse eszk\u00f6ze mem\u00f3ri\u00e1j\u00e1t m\u00e9g ma az eredeti Kingston DDR2 PC2-5300 (667 MHz) RAM-mal. V\u00e1s\u00e1roljon bizalommal, tudva, hogy min\u0151s\u00e9gi cserealkatr\u00e9szekbe fektet be k\u00e9sz\u00fcl\u00e9k\u00e9hez. Ha k\u00e9rd\u00e9se van, vagy seg\u00edts\u00e9gre van sz\u00fcks\u00e9ge, ne habozzon kapcsolatba l\u00e9pni vel\u00fcnk. Az\u00e9rt vagyunk itt, hogy seg\u00edts\u00fcnk eszk\u00f6ze teljes\u00edtm\u00e9ny\u00e9nek jav\u00edt\u00e1s\u00e1ban.<\/p>\n","protected":false},"excerpt":{"rendered":"<p>N\u00f6velje eszk\u00f6ze teljes\u00edtm\u00e9ny\u00e9t ezzel az eredeti Kingston DDR2 PC2-5300 (667MHz) RAM-mal. K\u00f6nnyen telep\u00edthet\u0151 \u00e9s kompatibilis a k\u00fcl\u00f6nb\u00f6z\u0151 modellekkel. N\u00f6velje eszk\u00f6ze sebess\u00e9g\u00e9t \u00e9s v\u00e1laszk\u00e9szs\u00e9g\u00e9t m\u00e9g ma!<\/p>\n","protected":false},"featured_media":8609,"template":"","meta":[],"product_brand":[],"product_cat":[41,36],"product_tag":[],"class_list":{"0":"post-8561","1":"product","2":"type-product","3":"status-publish","4":"has-post-thumbnail","6":"product_cat-ddr2","7":"product_cat-ram-memory","9":"first","10":"instock","11":"taxable","12":"shipping-taxable","13":"purchasable","14":"product-type-simple"},"_links":{"self":[{"href":"https:\/\/boreait.com\/hu\/wp-json\/wp\/v2\/product\/8561","targetHints":{"allow":["GET"]}}],"collection":[{"href":"https:\/\/boreait.com\/hu\/wp-json\/wp\/v2\/product"}],"about":[{"href":"https:\/\/boreait.com\/hu\/wp-json\/wp\/v2\/types\/product"}],"wp:featuredmedia":[{"embeddable":true,"href":"https:\/\/boreait.com\/hu\/wp-json\/wp\/v2\/media\/8609"}],"wp:attachment":[{"href":"https:\/\/boreait.com\/hu\/wp-json\/wp\/v2\/media?parent=8561"}],"wp:term":[{"taxonomy":"product_brand","embeddable":true,"href":"https:\/\/boreait.com\/hu\/wp-json\/wp\/v2\/product_brand?post=8561"},{"taxonomy":"product_cat","embeddable":true,"href":"https:\/\/boreait.com\/hu\/wp-json\/wp\/v2\/product_cat?post=8561"},{"taxonomy":"product_tag","embeddable":true,"href":"https:\/\/boreait.com\/hu\/wp-json\/wp\/v2\/product_tag?post=8561"}],"curies":[{"name":"wp","href":"https:\/\/api.w.org\/{rel}","templated":true}]}}