{"id":8553,"date":"2025-09-17T12:08:48","date_gmt":"2025-09-17T10:08:48","guid":{"rendered":"https:\/\/boreait.com\/hu\/?post_type=product&#038;p=8553"},"modified":"2026-01-27T16:48:02","modified_gmt":"2026-01-27T15:48:02","slug":"laptop-ram-512mb-2rx16-pc2-5300s-555-12","status":"publish","type":"product","link":"https:\/\/boreait.com\/hu\/termek\/laptop-ram-512mb-2rx16-pc2-5300s-555-12\/","title":{"rendered":"Laptop RAM 512MB 2RX16 PC2-5300S-555-12"},"content":{"rendered":"<p>N\u00f6velje laptopja mem\u00f3riakapacit\u00e1s\u00e1t ezzel az 512 MB-os DDR2 RAM modullal, amely 2RX16 PC2-5300S-555-12 specifik\u00e1ci\u00f3kkal rendelkezik. Ez a megb\u00edzhat\u00f3s\u00e1g \u00e9s kompatibilit\u00e1s jegy\u00e9ben kialak\u00edtott mem\u00f3riab\u0151v\u00edt\u00e9s sim\u00e1bb t\u00f6bbfeladatos munkav\u00e9gz\u00e9st \u00e9s jobb teljes\u00edtm\u00e9nyt biztos\u00edt eszk\u00f6ze sz\u00e1m\u00e1ra.<\/p>\n<p>F\u0151bb jellemz\u0151k:<\/p>\n<p>&#8211; Mem\u00f3ria m\u00e9rete: 512 MB<\/p>\n<p>&#8211; T\u00edpus: DDR2<\/p>\n<p>&#8211; Sebess\u00e9g: PC2-5300S-555-12<\/p>\n<p>&#8211; Kompatibilit\u00e1s: laptopmodellek sz\u00e9les sk\u00e1l\u00e1j\u00e1hoz tesztelve<\/p>\n<p>&#8211; K\u00f6nny\u0171 telep\u00edt\u00e9s: Egyszer\u0171 telep\u00edt\u00e9si utas\u00edt\u00e1sok seg\u00edts\u00e9g\u00e9vel k\u00f6nnyed\u00e9n b\u0151v\u00edtheti laptopja mem\u00f3riakapacit\u00e1s\u00e1t.<\/p>\n<p>&#8211; Fokozott teljes\u00edtm\u00e9ny: Ezzel a mem\u00f3riab\u0151v\u00edt\u00e9ssel sim\u00e1bb t\u00f6bbfeladatos munkav\u00e9gz\u00e9st \u00e9s nagyobb \u00e1ltal\u00e1nos teljes\u00edtm\u00e9nyt \u00e9lvezhet.<\/p>\n<p>Friss\u00edtse laptopj\u00e1t m\u00e9g ma az 512 MB-os DDR2 RAM modullal \u2013 intelligens befektet\u00e9s a jobb teljes\u00edtm\u00e9ny \u00e9s hat\u00e9konys\u00e1g \u00e9rdek\u00e9ben. Ha b\u00e1rmilyen k\u00e9rd\u00e9se van, vagy seg\u00edts\u00e9gre van sz\u00fcks\u00e9ge, forduljon hozz\u00e1nk bizalommal. Az\u00e9rt vagyunk itt, hogy seg\u00edts\u00fcnk \u00d6nnek a sz\u00e1m\u00edt\u00e1stechnikai \u00e9lm\u00e9ny jav\u00edt\u00e1s\u00e1ban.<\/p>\n","protected":false},"excerpt":{"rendered":"<p>B\u0151v\u00edtse laptopja mem\u00f3ri\u00e1j\u00e1t ezzel az 512 MB DDR2 RAM modullal. Z\u00f6kken\u0151mentes kompatibilit\u00e1sra \u00e9s optim\u00e1lis teljes\u00edtm\u00e9nyre tervezt\u00e9k. Fokozza eszk\u00f6ze t\u00f6bbfeladatos k\u00e9pess\u00e9geit m\u00e9g ma!<\/p>\n","protected":false},"featured_media":8608,"template":"","meta":[],"product_brand":[],"product_cat":[41,36],"product_tag":[],"class_list":{"0":"post-8553","1":"product","2":"type-product","3":"status-publish","4":"has-post-thumbnail","6":"product_cat-ddr2","7":"product_cat-ram-memory","9":"first","10":"instock","11":"taxable","12":"shipping-taxable","13":"purchasable","14":"product-type-simple"},"_links":{"self":[{"href":"https:\/\/boreait.com\/hu\/wp-json\/wp\/v2\/product\/8553","targetHints":{"allow":["GET"]}}],"collection":[{"href":"https:\/\/boreait.com\/hu\/wp-json\/wp\/v2\/product"}],"about":[{"href":"https:\/\/boreait.com\/hu\/wp-json\/wp\/v2\/types\/product"}],"wp:featuredmedia":[{"embeddable":true,"href":"https:\/\/boreait.com\/hu\/wp-json\/wp\/v2\/media\/8608"}],"wp:attachment":[{"href":"https:\/\/boreait.com\/hu\/wp-json\/wp\/v2\/media?parent=8553"}],"wp:term":[{"taxonomy":"product_brand","embeddable":true,"href":"https:\/\/boreait.com\/hu\/wp-json\/wp\/v2\/product_brand?post=8553"},{"taxonomy":"product_cat","embeddable":true,"href":"https:\/\/boreait.com\/hu\/wp-json\/wp\/v2\/product_cat?post=8553"},{"taxonomy":"product_tag","embeddable":true,"href":"https:\/\/boreait.com\/hu\/wp-json\/wp\/v2\/product_tag?post=8553"}],"curies":[{"name":"wp","href":"https:\/\/api.w.org\/{rel}","templated":true}]}}