{"id":8550,"date":"2025-09-17T12:08:48","date_gmt":"2025-09-17T10:08:48","guid":{"rendered":"https:\/\/boreait.com\/hu\/?post_type=product&#038;p=8550"},"modified":"2026-01-27T13:32:43","modified_gmt":"2026-01-27T12:32:43","slug":"eredeti-lenovo-thinkpad-x60s-vezetek-nelkuli-lan-antennakabel-keszlet-91p6975","status":"publish","type":"product","link":"https:\/\/boreait.com\/hu\/termek\/eredeti-lenovo-thinkpad-x60s-vezetek-nelkuli-lan-antennakabel-keszlet-91p6975\/","title":{"rendered":"Eredeti Lenovo ThinkPad X60s vezet\u00e9k n\u00e9lk\u00fcli LAN antennak\u00e1bel k\u00e9szlet 91P6975"},"content":{"rendered":"<p>Fokozza Lenovo ThinkPad X60s vezet\u00e9k n\u00e9lk\u00fcli kapcsolat\u00e1t a 91P6975 cikksz\u00e1m\u00fa, eredeti vezet\u00e9k n\u00e9lk\u00fcli LAN antennak\u00e1belk\u00e9szlettel. Az optim\u00e1lis teljes\u00edtm\u00e9nyre \u00e9s megb\u00edzhat\u00f3s\u00e1gra tervezett eredeti cserealkatr\u00e9sz er\u0151s \u00e9s stabil vezet\u00e9k n\u00e9lk\u00fcli kapcsolatot biztos\u00edt.<\/p>\n<p>F\u0151bb jellemz\u0151k:<\/p>\n<p>&#8211; Eredeti Lenovo csere: A kompatibilit\u00e1s \u00e9s a megb\u00edzhat\u00f3s\u00e1g biztos\u00edt\u00e1sa hiteles cserealkatr\u00e9szekkel.<\/p>\n<p>&#8211; K\u00f6nny\u0171 telep\u00edt\u00e9s: Egyszer\u0171 telep\u00edt\u00e9ssel k\u00f6nnyed\u00e9n friss\u00edtheti eszk\u00f6ze vezet\u00e9k n\u00e9lk\u00fcli k\u00e9pess\u00e9geit.<\/p>\n<p>&#8211; Tov\u00e1bbfejlesztett vezet\u00e9k n\u00e9lk\u00fcli kapcsolat: N\u00f6velje laptopja vezet\u00e9k n\u00e9lk\u00fcli jel\u00e9nek er\u0151ss\u00e9g\u00e9t \u00e9s stabilit\u00e1s\u00e1t.<\/p>\n<p>&#8211; Tart\u00f3s konstrukci\u00f3: Tart\u00f3sra tervezve, hossz\u00fa \u00e9lettartamot \u00e9s egyenletes teljes\u00edtm\u00e9nyt biztos\u00edtva.<\/p>\n<p>Friss\u00edtse Lenovo ThinkPad X60s k\u00e9sz\u00fcl\u00e9k\u00e9t m\u00e9g ma az eredeti vezet\u00e9k n\u00e9lk\u00fcli LAN antennak\u00e1belk\u00e9szlettel. V\u00e1s\u00e1roljon bizalommal, tudva, hogy min\u0151s\u00e9gi cserealkatr\u00e9szekbe fektet be k\u00e9sz\u00fcl\u00e9k\u00e9hez. Ha k\u00e9rd\u00e9se van, vagy seg\u00edts\u00e9gre van sz\u00fcks\u00e9ge, ne habozzon kapcsolatba l\u00e9pni vel\u00fcnk. Az\u00e9rt vagyunk itt, hogy seg\u00edts\u00fcnk eszk\u00f6ze funkcionalit\u00e1s\u00e1nak jav\u00edt\u00e1s\u00e1ban.<\/p>\n","protected":false},"excerpt":{"rendered":"<p>Friss\u00edtse Lenovo ThinkPad X60s k\u00e9sz\u00fcl\u00e9k\u00e9t ezzel az eredeti vezet\u00e9k n\u00e9lk\u00fcli LAN antennak\u00e1bel-k\u00e9szlettel. K\u00f6nnyen telep\u00edthet\u0151 \u00e9s kompatibilis a 91P6975 cikksz\u00e1mmal. Fokozza laptopja vezet\u00e9k n\u00e9lk\u00fcli kapcsolat\u00e1t m\u00e9g ma!<\/p>\n","protected":false},"featured_media":8605,"template":"","meta":[],"product_brand":[],"product_cat":[20],"product_tag":[26],"class_list":{"0":"post-8550","1":"product","2":"type-product","3":"status-publish","4":"has-post-thumbnail","6":"product_cat-cables","7":"product_tag-lenovo","9":"first","10":"instock","11":"taxable","12":"shipping-taxable","13":"purchasable","14":"product-type-simple"},"_links":{"self":[{"href":"https:\/\/boreait.com\/hu\/wp-json\/wp\/v2\/product\/8550","targetHints":{"allow":["GET"]}}],"collection":[{"href":"https:\/\/boreait.com\/hu\/wp-json\/wp\/v2\/product"}],"about":[{"href":"https:\/\/boreait.com\/hu\/wp-json\/wp\/v2\/types\/product"}],"wp:featuredmedia":[{"embeddable":true,"href":"https:\/\/boreait.com\/hu\/wp-json\/wp\/v2\/media\/8605"}],"wp:attachment":[{"href":"https:\/\/boreait.com\/hu\/wp-json\/wp\/v2\/media?parent=8550"}],"wp:term":[{"taxonomy":"product_brand","embeddable":true,"href":"https:\/\/boreait.com\/hu\/wp-json\/wp\/v2\/product_brand?post=8550"},{"taxonomy":"product_cat","embeddable":true,"href":"https:\/\/boreait.com\/hu\/wp-json\/wp\/v2\/product_cat?post=8550"},{"taxonomy":"product_tag","embeddable":true,"href":"https:\/\/boreait.com\/hu\/wp-json\/wp\/v2\/product_tag?post=8550"}],"curies":[{"name":"wp","href":"https:\/\/api.w.org\/{rel}","templated":true}]}}