{"id":8548,"date":"2025-09-17T12:08:48","date_gmt":"2025-09-17T10:08:48","guid":{"rendered":"https:\/\/boreait.com\/hu\/?post_type=product&#038;p=8548"},"modified":"2026-01-27T13:32:00","modified_gmt":"2026-01-27T12:32:00","slug":"eredeti-lenovo-thinkpad-x60-x60s-x61-x61s-hdd-merevlemez-fedolemez-42x4316","status":"publish","type":"product","link":"https:\/\/boreait.com\/hu\/termek\/eredeti-lenovo-thinkpad-x60-x60s-x61-x61s-hdd-merevlemez-fedolemez-42x4316\/","title":{"rendered":"Eredeti Lenovo ThinkPad X60 X60s X61 X61s HDD merevlemez fed\u0151lemez 42X4316"},"content":{"rendered":"<p>\u00d3vja meg Lenovo ThinkPad X60, X60s, X61 \u00e9s X61s merevlemez\u00e9t a 42X4316 cikksz\u00e1m\u00fa eredeti HDD fed\u0151lemezzel. A t\u00f6k\u00e9letes illeszked\u00e9sre \u00e9s megb\u00edzhat\u00f3 v\u00e9delemre tervezett eredeti cserealkatr\u00e9sz biztos\u00edtja, hogy laptopja merevlemeze biztons\u00e1gos \u00e9s m\u0171k\u00f6d\u0151k\u00e9pes maradjon.<\/p>\n<p>F\u0151bb jellemz\u0151k:<\/p>\n<p>&#8211; Eredeti Lenovo csere: A kompatibilit\u00e1s \u00e9s a megb\u00edzhat\u00f3s\u00e1g biztos\u00edt\u00e1sa hiteles cserealkatr\u00e9szekkel.<\/p>\n<p>&#8211; K\u00f6nny\u0171 telep\u00edt\u00e9s: Az egyszer\u0171 telep\u00edt\u00e9ssel k\u00f6nnyed\u00e9n v\u00e9dheti merevlemez\u00e9t.<\/p>\n<p>&#8211; Fokozott v\u00e9delem: \u00d3vja merevlemez\u00e9t a port\u00f3l, t\u00f6rmel\u00e9kt\u0151l \u00e9s esetleges s\u00e9r\u00fcl\u00e9sekt\u0151l.<\/p>\n<p>&#8211; T\u00f6k\u00e9letes illeszked\u00e9s: kifejezetten a Lenovo ThinkPad X60, X60s, X61 \u00e9s X61s modellekhez tervezt\u00e9k.<\/p>\n<p>Friss\u00edtse laptopja teljes\u00edtm\u00e9ny\u00e9t:<\/p>\n<p>Fenntartja laptopja teljes\u00edtm\u00e9ny\u00e9t azzal, hogy biztons\u00e1gosan \u00e9s v\u00e9dve tartja a merevlemezt ezzel az eredeti fedlappal.<\/p>\n<p>Egyszer\u0171 telep\u00edt\u00e9s:<\/p>\n<p>K\u00f6nnyen szerelje fel ezt a fed\u0151lemezt, hogy meg\u00f3vja merevlemez\u00e9t an\u00e9lk\u00fcl, hogy szakmai seg\u00edts\u00e9gre lenne sz\u00fcks\u00e9ge.<\/p>\n<p>Min\u0151s\u00e9gbiztos\u00edt\u00e1s:<\/p>\n<p>Biztos lehet benne, hogy egy kiv\u00e1l\u00f3 min\u0151s\u00e9g\u0171, eredeti Lenovo cserealkatr\u00e9szbe fektet be, amelyet a megb\u00edzhat\u00f3s\u00e1g \u00e9s a hossz\u00fa \u00e9lettartam \u00e9rdek\u00e9ben terveztek.<\/p>\n<p>Friss\u00edtse Lenovo ThinkPad X60, X60s, X61 vagy X61s laptopj\u00e1t m\u00e9g ma az eredeti HDD fed\u0151lemezzel. V\u00e1s\u00e1roljon bizalommal, tudva, hogy min\u0151s\u00e9gi cserealkatr\u00e9szekbe fektet be k\u00e9sz\u00fcl\u00e9k\u00e9hez. Ha k\u00e9rd\u00e9se van, vagy seg\u00edts\u00e9gre van sz\u00fcks\u00e9ge, ne habozzon kapcsolatba l\u00e9pni vel\u00fcnk. Az\u00e9rt vagyunk itt, hogy seg\u00edts\u00fcnk laptopja tart\u00f3ss\u00e1g\u00e1nak \u00e9s teljes\u00edtm\u00e9ny\u00e9nek n\u00f6vel\u00e9s\u00e9ben.<\/p>\n","protected":false},"excerpt":{"rendered":"<p>V\u00e9dje Lenovo ThinkPad X60, X60s, X61 \u00e9s X61s merevlemez\u00e9t ezzel az eredeti HDD fed\u0151lemezzel. K\u00f6nnyen telep\u00edthet\u0151 \u00e9s kompatibilis a 42X4316 cikksz\u00e1mmal. N\u00f6velje laptopja tart\u00f3ss\u00e1g\u00e1t m\u00e9g ma!<\/p>\n","protected":false},"featured_media":8603,"template":"","meta":[],"product_brand":[],"product_cat":[16],"product_tag":[26],"class_list":{"0":"post-8548","1":"product","2":"type-product","3":"status-publish","4":"has-post-thumbnail","6":"product_cat-laptop-housing","7":"product_tag-lenovo","9":"first","10":"instock","11":"taxable","12":"shipping-taxable","13":"purchasable","14":"product-type-simple"},"_links":{"self":[{"href":"https:\/\/boreait.com\/hu\/wp-json\/wp\/v2\/product\/8548","targetHints":{"allow":["GET"]}}],"collection":[{"href":"https:\/\/boreait.com\/hu\/wp-json\/wp\/v2\/product"}],"about":[{"href":"https:\/\/boreait.com\/hu\/wp-json\/wp\/v2\/types\/product"}],"wp:featuredmedia":[{"embeddable":true,"href":"https:\/\/boreait.com\/hu\/wp-json\/wp\/v2\/media\/8603"}],"wp:attachment":[{"href":"https:\/\/boreait.com\/hu\/wp-json\/wp\/v2\/media?parent=8548"}],"wp:term":[{"taxonomy":"product_brand","embeddable":true,"href":"https:\/\/boreait.com\/hu\/wp-json\/wp\/v2\/product_brand?post=8548"},{"taxonomy":"product_cat","embeddable":true,"href":"https:\/\/boreait.com\/hu\/wp-json\/wp\/v2\/product_cat?post=8548"},{"taxonomy":"product_tag","embeddable":true,"href":"https:\/\/boreait.com\/hu\/wp-json\/wp\/v2\/product_tag?post=8548"}],"curies":[{"name":"wp","href":"https:\/\/api.w.org\/{rel}","templated":true}]}}