{"id":8543,"date":"2025-09-17T12:08:46","date_gmt":"2025-09-17T10:08:46","guid":{"rendered":"https:\/\/boreait.com\/hu\/?post_type=product&#038;p=8543"},"modified":"2025-09-17T12:09:30","modified_gmt":"2025-09-17T10:09:30","slug":"eredeti-lcd-csuklopantok-ibm-thinkpad-x60-x60s-x61-x61s-hez","status":"publish","type":"product","link":"https:\/\/boreait.com\/hu\/termek\/eredeti-lcd-csuklopantok-ibm-thinkpad-x60-x60s-x61-x61s-hez\/","title":{"rendered":"Eredeti LCD csukl\u00f3p\u00e1ntok IBM ThinkPad X60 X60s X61 X61s-hez"},"content":{"rendered":"<p>Biztos\u00edtsa az IBM ThinkPad stabilit\u00e1s\u00e1t \u00e9s funkcionalit\u00e1s\u00e1t ezekkel az eredeti LCD csukl\u00f3p\u00e1ntokkal, amelyek kompatibilisek az X60, X60s, X61 \u00e9s X61s modellekkel. A tart\u00f3ss\u00e1gra \u00e9s t\u00f6k\u00e9letes illeszked\u00e9sre kialak\u00edtott zsan\u00e9rok seg\u00edtenek meg\u0151rizni laptopja teljes\u00edtm\u00e9ny\u00e9t \u00e9s haszn\u00e1lhat\u00f3s\u00e1g\u00e1t.<\/p>\n<p>F\u0151bb jellemz\u0151k:<\/p>\n<p>&#8211; Eredeti IBM csere: Garant\u00e1lja a kompatibilit\u00e1st \u00e9s a megb\u00edzhat\u00f3s\u00e1got az eredeti cserealkatr\u00e9szekkel.<\/p>\n<p>&#8211; K\u00f6nny\u0171 telep\u00edt\u00e9s: Az egyszer\u0171 telep\u00edt\u00e9ssel k\u00f6nnyed\u00e9n vissza\u00e1ll\u00edthatja laptopja funkcionalit\u00e1s\u00e1t.<\/p>\n<p>&#8211; T\u00f6k\u00e9letes illeszked\u00e9s: Kifejezetten az IBM ThinkPad X60, X60s, X61 \u00e9s X61s modellekhez tervezt\u00e9k a pontos illeszked\u00e9s \u00e9rdek\u00e9ben.<\/p>\n<p>&#8211; Tart\u00f3s konstrukci\u00f3: \u00dagy tervezt\u00e9k, hogy ellen\u00e1lljon a rendszeres haszn\u00e1latnak, \u00edgy hosszan tart\u00f3 teljes\u00edtm\u00e9nyt ny\u00fajt.<\/p>\n<p>Friss\u00edtse IBM ThinkPadj\u00e9t m\u00e9g ma az eredeti LCD csukl\u00f3p\u00e1ntokkal. V\u00e1s\u00e1roljon bizalommal, tudva, hogy laptopja min\u0151s\u00e9gi cserealkatr\u00e9szeibe fektet be. Ha b\u00e1rmilyen k\u00e9rd\u00e9se van, vagy seg\u00edts\u00e9gre van sz\u00fcks\u00e9ge, forduljon hozz\u00e1nk bizalommal. Az\u00e9rt vagyunk itt, hogy seg\u00edts\u00fcnk meg\u0151rizni eszk\u00f6ze m\u0171k\u00f6d\u0151k\u00e9pess\u00e9g\u00e9t.<\/p>\n","protected":false},"excerpt":{"rendered":"<p>Cser\u00e9lje le t\u00f6r\u00f6tt vagy elhaszn\u00e1l\u00f3dott zsan\u00e9rjait ezekkel az eredeti LCD zsan\u00e9rokkal az IBM ThinkPad X60, X60s, X61 \u00e9s X61s k\u00e9sz\u00fcl\u00e9kekhez. K\u00f6nnyen felszerelhet\u0151, t\u00f6k\u00e9letes illeszked\u00e9st \u00e9s tart\u00f3ss\u00e1got biztos\u00edt. Friss\u00edtse laptopja funkcionalit\u00e1s\u00e1t m\u00e9g ma!<\/p>\n","protected":false},"featured_media":8582,"template":"","meta":[],"product_brand":[],"product_cat":[19],"product_tag":[26],"class_list":{"0":"post-8543","1":"product","2":"type-product","3":"status-publish","4":"has-post-thumbnail","6":"product_cat-screen-hinge","7":"product_tag-lenovo","9":"first","10":"instock","11":"taxable","12":"shipping-taxable","13":"purchasable","14":"product-type-simple"},"_links":{"self":[{"href":"https:\/\/boreait.com\/hu\/wp-json\/wp\/v2\/product\/8543","targetHints":{"allow":["GET"]}}],"collection":[{"href":"https:\/\/boreait.com\/hu\/wp-json\/wp\/v2\/product"}],"about":[{"href":"https:\/\/boreait.com\/hu\/wp-json\/wp\/v2\/types\/product"}],"wp:featuredmedia":[{"embeddable":true,"href":"https:\/\/boreait.com\/hu\/wp-json\/wp\/v2\/media\/8582"}],"wp:attachment":[{"href":"https:\/\/boreait.com\/hu\/wp-json\/wp\/v2\/media?parent=8543"}],"wp:term":[{"taxonomy":"product_brand","embeddable":true,"href":"https:\/\/boreait.com\/hu\/wp-json\/wp\/v2\/product_brand?post=8543"},{"taxonomy":"product_cat","embeddable":true,"href":"https:\/\/boreait.com\/hu\/wp-json\/wp\/v2\/product_cat?post=8543"},{"taxonomy":"product_tag","embeddable":true,"href":"https:\/\/boreait.com\/hu\/wp-json\/wp\/v2\/product_tag?post=8543"}],"curies":[{"name":"wp","href":"https:\/\/api.w.org\/{rel}","templated":true}]}}