{"id":8526,"date":"2025-09-17T12:08:20","date_gmt":"2025-09-17T10:08:20","guid":{"rendered":"https:\/\/boreait.com\/hu\/?post_type=product&#038;p=8526"},"modified":"2025-09-17T12:09:25","modified_gmt":"2025-09-17T10:09:25","slug":"ibm-lenovo-thinkpad-dvd-cdrw-ultrabay-slim-combo-drive-ii-fru-39t2687-hez","status":"publish","type":"product","link":"https:\/\/boreait.com\/hu\/termek\/ibm-lenovo-thinkpad-dvd-cdrw-ultrabay-slim-combo-drive-ii-fru-39t2687-hez\/","title":{"rendered":"IBM Lenovo ThinkPad DVD-CDRW Ultrabay Slim Combo Drive II FRU 39T2687-hez"},"content":{"rendered":"<p>Friss\u00edtse IBM Lenovo ThinkPad funkcionalit\u00e1s\u00e1t a DVD-CDRW Ultrabay Slim Combo Drive II meghajt\u00f3val, amely kompatibilis a 39T2687 FRU-val. Ez a megb\u00edzhat\u00f3s\u00e1gra \u00e9s teljes\u00edtm\u00e9nyre tervezett hiteles meghajt\u00f3 z\u00f6kken\u0151mentes m\u0171k\u00f6d\u00e9st \u00e9s egyszer\u0171 telep\u00edt\u00e9st biztos\u00edt.<\/p>\n<p>F\u0151bb jellemz\u0151k:<\/p>\n<p>&#8211; Eredeti IBM Lenovo csere: A kompatibilit\u00e1s \u00e9s a megb\u00edzhat\u00f3s\u00e1g biztos\u00edt\u00e1sa hiteles cseremeghajt\u00f3val.<\/p>\n<p>&#8211; K\u00f6nny\u0171 telep\u00edt\u00e9s: Egyszer\u0171 telep\u00edt\u00e9ssel k\u00f6nnyed\u00e9n friss\u00edtheti eszk\u00f6ze funkci\u00f3it.<\/p>\n<p>&#8211; Tov\u00e1bbfejlesztett k\u00e9pess\u00e9gek: \u00c9lvezze a DVD- \u00e9s CD-\u00edr\u00e1si lehet\u0151s\u00e9gek ny\u00fajtotta k\u00e9nyelmet ezzel a sokoldal\u00fa kombin\u00e1lt meghajt\u00f3val.<\/p>\n<p>&#8211; Kompatibilit\u00e1s: \u00dagy tervezt\u00e9k, hogy z\u00f6kken\u0151mentesen m\u0171k\u00f6dj\u00f6n egy\u00fctt az IBM Lenovo ThinkPaddel a tov\u00e1bbfejlesztett funkcionalit\u00e1s \u00e9rdek\u00e9ben.<\/p>\n<p>Friss\u00edtse IBM Lenovo ThinkPadj\u00e9t m\u00e9g ma a DVD-CDRW Ultrabay Slim Combo Drive II seg\u00edts\u00e9g\u00e9vel. V\u00e1s\u00e1roljon bizalommal, tudva, hogy min\u0151s\u00e9gi cserealkatr\u00e9szekbe fektet be k\u00e9sz\u00fcl\u00e9k\u00e9hez. Ha k\u00e9rd\u00e9se van, vagy seg\u00edts\u00e9gre van sz\u00fcks\u00e9ge, ne habozzon kapcsolatba l\u00e9pni vel\u00fcnk. Az\u00e9rt vagyunk itt, hogy seg\u00edts\u00fcnk eszk\u00f6ze k\u00e9pess\u00e9geinek fejleszt\u00e9s\u00e9ben.<\/p>\n","protected":false},"excerpt":{"rendered":"<p>Fokozza az IBM Lenovo ThinkPad k\u00e9pess\u00e9geit ezzel a DVD-CDRW Ultrabay Slim Combo Drive II meghajt\u00f3val. Kompatibilis az FRU-val: 39T2687. Friss\u00edtse eszk\u00f6ze funkci\u00f3it m\u00e9g ma!<\/p>\n","protected":false},"featured_media":8578,"template":"","meta":[],"product_brand":[],"product_cat":[27],"product_tag":[26],"class_list":{"0":"post-8526","1":"product","2":"type-product","3":"status-publish","4":"has-post-thumbnail","6":"product_cat-motherboards-board-parts","7":"product_tag-lenovo","9":"first","10":"instock","11":"taxable","12":"shipping-taxable","13":"purchasable","14":"product-type-simple"},"_links":{"self":[{"href":"https:\/\/boreait.com\/hu\/wp-json\/wp\/v2\/product\/8526","targetHints":{"allow":["GET"]}}],"collection":[{"href":"https:\/\/boreait.com\/hu\/wp-json\/wp\/v2\/product"}],"about":[{"href":"https:\/\/boreait.com\/hu\/wp-json\/wp\/v2\/types\/product"}],"wp:featuredmedia":[{"embeddable":true,"href":"https:\/\/boreait.com\/hu\/wp-json\/wp\/v2\/media\/8578"}],"wp:attachment":[{"href":"https:\/\/boreait.com\/hu\/wp-json\/wp\/v2\/media?parent=8526"}],"wp:term":[{"taxonomy":"product_brand","embeddable":true,"href":"https:\/\/boreait.com\/hu\/wp-json\/wp\/v2\/product_brand?post=8526"},{"taxonomy":"product_cat","embeddable":true,"href":"https:\/\/boreait.com\/hu\/wp-json\/wp\/v2\/product_cat?post=8526"},{"taxonomy":"product_tag","embeddable":true,"href":"https:\/\/boreait.com\/hu\/wp-json\/wp\/v2\/product_tag?post=8526"}],"curies":[{"name":"wp","href":"https:\/\/api.w.org\/{rel}","templated":true}]}}