{"id":8523,"date":"2025-09-17T12:08:19","date_gmt":"2025-09-17T10:08:19","guid":{"rendered":"https:\/\/boreait.com\/hu\/?post_type=product&#038;p=8523"},"modified":"2025-09-17T12:09:22","modified_gmt":"2025-09-17T10:09:22","slug":"26r9631-ibm-hutoborda-ventilatorral-thinkpad-t60-hoz","status":"publish","type":"product","link":"https:\/\/boreait.com\/hu\/termek\/26r9631-ibm-hutoborda-ventilatorral-thinkpad-t60-hoz\/","title":{"rendered":"26R9631 IBM h\u0171t\u0151borda ventil\u00e1torral ThinkPad T60-hoz"},"content":{"rendered":"<p>N\u00f6velje ThinkPad T60 h\u0171t\u00e9si teljes\u00edtm\u00e9ny\u00e9t az eredeti IBM h\u0171t\u0151bord\u00e1val ventil\u00e1torral, cikksz\u00e1m: 26R9631. A tart\u00f3ss\u00e1g \u00e9s a kompatibilit\u00e1s \u00e9rdek\u00e9ben ez az eredeti cserealkatr\u00e9sz megb\u00edzhat\u00f3 h\u0171t\u00e9st \u00e9s egyszer\u0171 telep\u00edt\u00e9st biztos\u00edt.<\/p>\n<p>F\u0151bb jellemz\u0151k:<\/p>\n<p>&#8211; Eredeti IBM csere: A kompatibilit\u00e1s \u00e9s a megb\u00edzhat\u00f3s\u00e1g biztos\u00edt\u00e1sa hiteles cserealkatr\u00e9szekkel.<\/p>\n<p>&#8211; K\u00f6nny\u0171 telep\u00edt\u00e9s: Egyszer\u0171 telep\u00edt\u00e9ssel k\u00f6nnyed\u00e9n friss\u00edtheti laptopja h\u0171t\u0151rendszer\u00e9t.<\/p>\n<p>&#8211; Fokozott h\u0171t\u00e9si teljes\u00edtm\u00e9ny: Tartsa h\u0171v\u00f6sen laptopj\u00e1t az optim\u00e1lis teljes\u00edtm\u00e9ny \u00e9s hossz\u00fa \u00e9lettartam \u00e9rdek\u00e9ben.<\/p>\n<p>&#8211; Tart\u00f3s konstrukci\u00f3: \u00fagy k\u00e9sz\u00fclt, hogy ellen\u00e1lljon a haszn\u00e1latnak, \u00edgy biztos\u00edtva a hossz\u00fa \u00e9lettartamot \u00e9s a megb\u00edzhat\u00f3s\u00e1got.<\/p>\n<p>Friss\u00edtse ThinkPad T60-\u00e1t m\u00e9g ma az eredeti IBM h\u0171t\u0151bord\u00e1val ventil\u00e1torral. V\u00e1s\u00e1roljon bizalommal, tudva, hogy laptopja min\u0151s\u00e9gi cserealkatr\u00e9sz\u00e9be fektet be. Ha k\u00e9rd\u00e9se van, vagy seg\u00edts\u00e9gre van sz\u00fcks\u00e9ge, ne habozzon kapcsolatba l\u00e9pni vel\u00fcnk. Az\u00e9rt vagyunk itt, hogy seg\u00edts\u00fcnk eszk\u00f6ze teljes\u00edtm\u00e9ny\u00e9nek jav\u00edt\u00e1s\u00e1ban.<\/p>\n","protected":false},"excerpt":{"rendered":"<p>Friss\u00edtse ThinkPad T60 h\u0171t\u0151rendszer\u00e9t ezzel az eredeti IBM h\u0171t\u0151bord\u00e1val ventil\u00e1torral. K\u00f6nnyen telep\u00edthet\u0151 \u00e9s kompatibilis a 26R9631 cikksz\u00e1mmal. Tartsa hidegen laptopj\u00e1t az optim\u00e1lis teljes\u00edtm\u00e9ny \u00e9rdek\u00e9ben!<\/p>\n","protected":false},"featured_media":8574,"template":"","meta":[],"product_brand":[],"product_cat":[33],"product_tag":[26],"class_list":{"0":"post-8523","1":"product","2":"type-product","3":"status-publish","4":"has-post-thumbnail","6":"product_cat-cpu-fans-heatsinks","7":"product_tag-lenovo","9":"first","10":"instock","11":"taxable","12":"shipping-taxable","13":"purchasable","14":"product-type-simple"},"_links":{"self":[{"href":"https:\/\/boreait.com\/hu\/wp-json\/wp\/v2\/product\/8523","targetHints":{"allow":["GET"]}}],"collection":[{"href":"https:\/\/boreait.com\/hu\/wp-json\/wp\/v2\/product"}],"about":[{"href":"https:\/\/boreait.com\/hu\/wp-json\/wp\/v2\/types\/product"}],"wp:featuredmedia":[{"embeddable":true,"href":"https:\/\/boreait.com\/hu\/wp-json\/wp\/v2\/media\/8574"}],"wp:attachment":[{"href":"https:\/\/boreait.com\/hu\/wp-json\/wp\/v2\/media?parent=8523"}],"wp:term":[{"taxonomy":"product_brand","embeddable":true,"href":"https:\/\/boreait.com\/hu\/wp-json\/wp\/v2\/product_brand?post=8523"},{"taxonomy":"product_cat","embeddable":true,"href":"https:\/\/boreait.com\/hu\/wp-json\/wp\/v2\/product_cat?post=8523"},{"taxonomy":"product_tag","embeddable":true,"href":"https:\/\/boreait.com\/hu\/wp-json\/wp\/v2\/product_tag?post=8523"}],"curies":[{"name":"wp","href":"https:\/\/api.w.org\/{rel}","templated":true}]}}