{"id":8522,"date":"2025-09-17T12:08:19","date_gmt":"2025-09-17T10:08:19","guid":{"rendered":"https:\/\/boreait.com\/hu\/?post_type=product&#038;p=8522"},"modified":"2026-01-27T13:30:34","modified_gmt":"2026-01-27T12:30:34","slug":"ibm-lenovo-thinkpad-t60-t61-r60-r61-x60-x61-bluetooth-kartyakartya-modul-39t0497","status":"publish","type":"product","link":"https:\/\/boreait.com\/hu\/termek\/ibm-lenovo-thinkpad-t60-t61-r60-r61-x60-x61-bluetooth-kartyakartya-modul-39t0497\/","title":{"rendered":"IBM Lenovo ThinkPad T60 T61 R60 R61 X60 X61 Bluetooth k\u00e1rtyak\u00e1rtya modul 39T0497"},"content":{"rendered":"<p>N\u00f6velje IBM Lenovo ThinkPad T60, T61, R60, R61, X60 vagy X61 laptopja csatlakoztathat\u00f3s\u00e1g\u00e1t a 39T0497 cikksz\u00e1m\u00fa, eredeti Bluetooth Card Board modullal. A kompatibilit\u00e1s \u00e9s a megb\u00edzhat\u00f3s\u00e1g jegy\u00e9ben k\u00e9sz\u00fclt ez az eredeti cserealkatr\u00e9sz z\u00f6kken\u0151mentes Bluetooth-kapcsolatot \u00e9s egyszer\u0171 telep\u00edt\u00e9st biztos\u00edt.<\/p>\n<p>F\u0151bb jellemz\u0151k:<\/p>\n<p>&#8211; Eredeti IBM Lenovo csere: A kompatibilit\u00e1s \u00e9s a megb\u00edzhat\u00f3s\u00e1g biztos\u00edt\u00e1sa hiteles cserealkatr\u00e9szekkel.<\/p>\n<p>&#8211; K\u00f6nny\u0171 telep\u00edt\u00e9s: Egyszer\u0171 telep\u00edt\u00e9ssel k\u00f6nnyed\u00e9n friss\u00edtheti laptopja csatlakoztathat\u00f3s\u00e1g\u00e1t.<\/p>\n<p>&#8211; Z\u00f6kken\u0151mentes Bluetooth-kapcsolat: \u00c9lvezze a tov\u00e1bbfejlesztett kapcsolatot a megb\u00edzhat\u00f3 Bluetooth-funkci\u00f3kkal.<\/p>\n<p>&#8211; Kompatibilit\u00e1s: Kifejezetten az IBM Lenovo ThinkPad T60, T61, R60, R61, X60 \u00e9s X61 modellekhez tervezt\u00e9k.<\/p>\n<p>&#8211; Tart\u00f3s konstrukci\u00f3: \u00fagy k\u00e9sz\u00fclt, hogy ellen\u00e1lljon a mindennapi haszn\u00e1latnak, \u00edgy biztos\u00edtva a hossz\u00fa \u00e9lettartamot \u00e9s a megb\u00edzhat\u00f3s\u00e1got.<\/p>\n<p>Friss\u00edtse IBM Lenovo ThinkPad laptopj\u00e1t m\u00e9g ma az eredeti Bluetooth Card Board modullal. V\u00e1s\u00e1roljon bizalommal, tudva, hogy min\u0151s\u00e9gi cserealkatr\u00e9szekbe fektet be k\u00e9sz\u00fcl\u00e9k\u00e9hez. Ha k\u00e9rd\u00e9se van, vagy seg\u00edts\u00e9gre van sz\u00fcks\u00e9ge, ne habozzon kapcsolatba l\u00e9pni vel\u00fcnk. Az\u00e9rt vagyunk itt, hogy seg\u00edts\u00fcnk laptopja csatlakoztathat\u00f3s\u00e1g\u00e1nak jav\u00edt\u00e1s\u00e1ban.<\/p>\n","protected":false},"excerpt":{"rendered":"<p>Friss\u00edtse IBM Lenovo ThinkPad T60, T61, R60, R61, X60 vagy X61 k\u00e9sz\u00fcl\u00e9k\u00e9t ezzel az eredeti Bluetooth Card Board modullal. Kompatibilis a 39T0497 cikksz\u00e1mmal. Fokozza laptopja csatlakoztathat\u00f3s\u00e1g\u00e1t m\u00e9g ma!<\/p>\n","protected":false},"featured_media":8573,"template":"","meta":[],"product_brand":[],"product_cat":[27],"product_tag":[26],"class_list":{"0":"post-8522","1":"product","2":"type-product","3":"status-publish","4":"has-post-thumbnail","6":"product_cat-motherboards-board-parts","7":"product_tag-lenovo","9":"first","10":"instock","11":"taxable","12":"shipping-taxable","13":"purchasable","14":"product-type-simple"},"_links":{"self":[{"href":"https:\/\/boreait.com\/hu\/wp-json\/wp\/v2\/product\/8522","targetHints":{"allow":["GET"]}}],"collection":[{"href":"https:\/\/boreait.com\/hu\/wp-json\/wp\/v2\/product"}],"about":[{"href":"https:\/\/boreait.com\/hu\/wp-json\/wp\/v2\/types\/product"}],"wp:featuredmedia":[{"embeddable":true,"href":"https:\/\/boreait.com\/hu\/wp-json\/wp\/v2\/media\/8573"}],"wp:attachment":[{"href":"https:\/\/boreait.com\/hu\/wp-json\/wp\/v2\/media?parent=8522"}],"wp:term":[{"taxonomy":"product_brand","embeddable":true,"href":"https:\/\/boreait.com\/hu\/wp-json\/wp\/v2\/product_brand?post=8522"},{"taxonomy":"product_cat","embeddable":true,"href":"https:\/\/boreait.com\/hu\/wp-json\/wp\/v2\/product_cat?post=8522"},{"taxonomy":"product_tag","embeddable":true,"href":"https:\/\/boreait.com\/hu\/wp-json\/wp\/v2\/product_tag?post=8522"}],"curies":[{"name":"wp","href":"https:\/\/api.w.org\/{rel}","templated":true}]}}