{"id":8521,"date":"2025-09-17T12:08:19","date_gmt":"2025-09-17T10:08:19","guid":{"rendered":"https:\/\/boreait.com\/hu\/?post_type=product&#038;p=8521"},"modified":"2026-01-27T13:23:50","modified_gmt":"2026-01-27T12:23:50","slug":"tapcsatlakozo-tapfeszultseg-dc-bemeneti-kabel-lenovo-thinkpad-t60-t61-r60-r61-notebookhoz","status":"publish","type":"product","link":"https:\/\/boreait.com\/hu\/termek\/tapcsatlakozo-tapfeszultseg-dc-bemeneti-kabel-lenovo-thinkpad-t60-t61-r60-r61-notebookhoz\/","title":{"rendered":"T\u00e1pcsatlakoz\u00f3 t\u00e1pfesz\u00fclts\u00e9g DC bemeneti k\u00e1bel Lenovo Thinkpad T60 T61 R60 R61 notebookhoz"},"content":{"rendered":"<p>Gy\u0151z\u0151dj\u00f6n meg arr\u00f3l, hogy Lenovo Thinkpad T60, T61, R60 vagy R61 notebookja megb\u00edzhat\u00f3 t\u00e1pell\u00e1t\u00e1st kap a Power Female Power DC In Jack k\u00e1bellel. Ezt az eredeti cserealkatr\u00e9szt a z\u00f6kken\u0151mentes kompatibilit\u00e1s \u00e9s az egyszer\u0171 telep\u00edt\u00e9s \u00e9rdek\u00e9ben tervezt\u00e9k.<\/p>\n<p>F\u0151bb jellemz\u0151k:<\/p>\n<p>&#8211; Eredeti Lenovo csere: A kompatibilit\u00e1s \u00e9s a megb\u00edzhat\u00f3s\u00e1g biztos\u00edt\u00e1sa hiteles cserealkatr\u00e9szekkel.<\/p>\n<p>&#8211; K\u00f6nny\u0171 telep\u00edt\u00e9s: Egyszer\u0171 telep\u00edt\u00e9ssel k\u00f6nnyed\u00e9n b\u0151v\u00edtheti laptopja t\u00e1pell\u00e1t\u00e1s\u00e1t.<\/p>\n<p>&#8211; Megb\u00edzhat\u00f3 \u00e1ramell\u00e1t\u00e1s: \u00c1ll\u00edtsa vissza notebookja megb\u00edzhat\u00f3 t\u00e1pell\u00e1t\u00e1s\u00e1t a megszak\u00edt\u00e1s n\u00e9lk\u00fcli haszn\u00e1lat \u00e9rdek\u00e9ben.<\/p>\n<p>&#8211; Kompatibilit\u00e1s: Lenovo Thinkpad T60, T61, R60 \u00e9s R61 notebookokkal val\u00f3 haszn\u00e1latra tervezt\u00e9k.<\/p>\n<p>Friss\u00edtse Lenovo Thinkpad notebookj\u00e1t m\u00e9g ma az eredeti Power Female Power DC In Jack k\u00e1bellel. V\u00e1s\u00e1roljon bizalommal, tudva, hogy min\u0151s\u00e9gi cserealkatr\u00e9szekbe fektet be k\u00e9sz\u00fcl\u00e9k\u00e9hez. Ha k\u00e9rd\u00e9se van, vagy seg\u00edts\u00e9gre van sz\u00fcks\u00e9ge, ne habozzon kapcsolatba l\u00e9pni vel\u00fcnk. Az\u00e9rt vagyunk itt, hogy seg\u00edts\u00fcnk \u00d6nnek fenntartani notebookja funkcionalit\u00e1s\u00e1t.<\/p>\n","protected":false},"excerpt":{"rendered":"<p>Cser\u00e9lje ki a Lenovo Thinkpad T60, T61, R60 vagy R61 notebook t\u00e1pk\u00e1bel\u00e9t. Biztos\u00edtsa a megb\u00edzhat\u00f3 t\u00e1pell\u00e1t\u00e1st ezzel az eredeti cserealkatr\u00e9szrel. Friss\u00edtse laptopja t\u00e1pell\u00e1t\u00e1s\u00e1t m\u00e9g ma!<\/p>\n","protected":false},"featured_media":8572,"template":"","meta":[],"product_brand":[],"product_cat":[20],"product_tag":[26],"class_list":{"0":"post-8521","1":"product","2":"type-product","3":"status-publish","4":"has-post-thumbnail","6":"product_cat-cables","7":"product_tag-lenovo","9":"first","10":"instock","11":"taxable","12":"shipping-taxable","13":"purchasable","14":"product-type-simple"},"_links":{"self":[{"href":"https:\/\/boreait.com\/hu\/wp-json\/wp\/v2\/product\/8521","targetHints":{"allow":["GET"]}}],"collection":[{"href":"https:\/\/boreait.com\/hu\/wp-json\/wp\/v2\/product"}],"about":[{"href":"https:\/\/boreait.com\/hu\/wp-json\/wp\/v2\/types\/product"}],"wp:featuredmedia":[{"embeddable":true,"href":"https:\/\/boreait.com\/hu\/wp-json\/wp\/v2\/media\/8572"}],"wp:attachment":[{"href":"https:\/\/boreait.com\/hu\/wp-json\/wp\/v2\/media?parent=8521"}],"wp:term":[{"taxonomy":"product_brand","embeddable":true,"href":"https:\/\/boreait.com\/hu\/wp-json\/wp\/v2\/product_brand?post=8521"},{"taxonomy":"product_cat","embeddable":true,"href":"https:\/\/boreait.com\/hu\/wp-json\/wp\/v2\/product_cat?post=8521"},{"taxonomy":"product_tag","embeddable":true,"href":"https:\/\/boreait.com\/hu\/wp-json\/wp\/v2\/product_tag?post=8521"}],"curies":[{"name":"wp","href":"https:\/\/api.w.org\/{rel}","templated":true}]}}