{"id":8520,"date":"2025-09-17T12:08:19","date_gmt":"2025-09-17T10:08:19","guid":{"rendered":"https:\/\/boreait.com\/hu\/?post_type=product&#038;p=8520"},"modified":"2026-01-27T13:23:33","modified_gmt":"2026-01-27T12:23:33","slug":"intel-prowireless-3945-abg-mini-pcie-vezetek-nelkuli-kartya-802-11abg-24-ghz-54-mbps-wm3945abg","status":"publish","type":"product","link":"https:\/\/boreait.com\/hu\/termek\/intel-prowireless-3945-abg-mini-pcie-vezetek-nelkuli-kartya-802-11abg-24-ghz-54-mbps-wm3945abg\/","title":{"rendered":"Intel PROWireless 3945 ABG Mini PCIe vezet\u00e9k n\u00e9lk\u00fcli k\u00e1rtya 802.11abg 2,4 GHz 54 Mbps WM3945ABG"},"content":{"rendered":"<p>Fokozza laptopja vezet\u00e9k n\u00e9lk\u00fcli kapcsolat\u00e1t az Intel PRO\/Wireless 3945 ABG Mini PCIe vezet\u00e9k n\u00e9lk\u00fcli k\u00e1rty\u00e1val. Ez az eredeti cserek\u00e1rtya megb\u00edzhat\u00f3 802.11a\/b\/g csatlakoz\u00e1st biztos\u00edt 2,4 GHz-en, ak\u00e1r 54 Mbps sebess\u00e9ggel, z\u00f6kken\u0151mentes b\u00f6ng\u00e9sz\u00e9st \u00e9s h\u00e1l\u00f3zati \u00e9lm\u00e9nyt biztos\u00edtva.<\/p>\n<p>F\u0151bb jellemz\u0151k:<\/p>\n<p>&#8211; Eredeti Intel csere: A kompatibilit\u00e1s \u00e9s a megb\u00edzhat\u00f3s\u00e1g biztos\u00edt\u00e1sa hiteles cserek\u00e1rty\u00e1val.<\/p>\n<p>&#8211; Tov\u00e1bbfejlesztett kapcsolat: \u00c9lvezze a megb\u00edzhat\u00f3 802.11a\/b\/g vezet\u00e9k n\u00e9lk\u00fcli kapcsolatot a z\u00f6kken\u0151mentes b\u00f6ng\u00e9sz\u00e9s \u00e9s h\u00e1l\u00f3zat\u00e9p\u00edt\u00e9s \u00e9rdek\u00e9ben.<\/p>\n<p>&#8211; Sebess\u00e9g \u00e9s teljes\u00edtm\u00e9ny: Tapasztalja meg az ak\u00e1r 54 Mb\/s sebess\u00e9get a hat\u00e9kony adat\u00e1tvitel \u00e9s internetes b\u00f6ng\u00e9sz\u00e9s \u00e9rdek\u00e9ben.<\/p>\n<p>&#8211; K\u00f6nny\u0171 telep\u00edt\u00e9s: Egyszer\u0171 telep\u00edt\u00e9ssel k\u00f6nnyed\u00e9n friss\u00edtheti laptopja vezet\u00e9k n\u00e9lk\u00fcli k\u00e1rty\u00e1j\u00e1t.<\/p>\n<p>&#8211; Kompatibilit\u00e1s: Kompatibilis a Mini PCIe vezet\u00e9k n\u00e9lk\u00fcli k\u00e1rty\u00e1kat t\u00e1mogat\u00f3 laptopok sz\u00e9les sk\u00e1l\u00e1j\u00e1val.<\/p>\n<p>Friss\u00edtse laptopja vezet\u00e9k n\u00e9lk\u00fcli k\u00e9pess\u00e9geit m\u00e9g ma az Intel PRO\/Wireless 3945 ABG Mini PCIe vezet\u00e9k n\u00e9lk\u00fcli k\u00e1rty\u00e1val. V\u00e1s\u00e1roljon bizalommal, tudva, hogy eredeti Intel cserealkatr\u00e9szbe fektet be eszk\u00f6z\u00e9hez. Ha k\u00e9rd\u00e9se van, vagy seg\u00edts\u00e9gre van sz\u00fcks\u00e9ge, ne habozzon kapcsolatba l\u00e9pni vel\u00fcnk. Az\u00e9rt vagyunk itt, hogy seg\u00edts\u00fcnk a b\u00f6ng\u00e9sz\u00e9si \u00e9s h\u00e1l\u00f3zati \u00e9lm\u00e9ny fokoz\u00e1s\u00e1ban.<\/p>\n","protected":false},"excerpt":{"rendered":"<p>B\u0151v\u00edtse laptopja vezet\u00e9k n\u00e9lk\u00fcli kapcsolat\u00e1t az Intel PRO\/Wireless 3945 ABG Mini PCIe vezet\u00e9k n\u00e9lk\u00fcli k\u00e1rty\u00e1val. \u00c9lvezze a megb\u00edzhat\u00f3 802.11a\/b\/g kapcsolatot 2,4 GHz-en, ak\u00e1r 54 Mbps sebess\u00e9ggel. N\u00f6velje b\u00f6ng\u00e9sz\u00e9si \u00e9s h\u00e1l\u00f3zati \u00e9lm\u00e9ny\u00e9t m\u00e9g ma!<\/p>\n","protected":false},"featured_media":8571,"template":"","meta":[],"product_brand":[],"product_cat":[27],"product_tag":[26],"class_list":{"0":"post-8520","1":"product","2":"type-product","3":"status-publish","4":"has-post-thumbnail","6":"product_cat-motherboards-board-parts","7":"product_tag-lenovo","9":"first","10":"instock","11":"taxable","12":"shipping-taxable","13":"purchasable","14":"product-type-simple"},"_links":{"self":[{"href":"https:\/\/boreait.com\/hu\/wp-json\/wp\/v2\/product\/8520","targetHints":{"allow":["GET"]}}],"collection":[{"href":"https:\/\/boreait.com\/hu\/wp-json\/wp\/v2\/product"}],"about":[{"href":"https:\/\/boreait.com\/hu\/wp-json\/wp\/v2\/types\/product"}],"wp:featuredmedia":[{"embeddable":true,"href":"https:\/\/boreait.com\/hu\/wp-json\/wp\/v2\/media\/8571"}],"wp:attachment":[{"href":"https:\/\/boreait.com\/hu\/wp-json\/wp\/v2\/media?parent=8520"}],"wp:term":[{"taxonomy":"product_brand","embeddable":true,"href":"https:\/\/boreait.com\/hu\/wp-json\/wp\/v2\/product_brand?post=8520"},{"taxonomy":"product_cat","embeddable":true,"href":"https:\/\/boreait.com\/hu\/wp-json\/wp\/v2\/product_cat?post=8520"},{"taxonomy":"product_tag","embeddable":true,"href":"https:\/\/boreait.com\/hu\/wp-json\/wp\/v2\/product_tag?post=8520"}],"curies":[{"name":"wp","href":"https:\/\/api.w.org\/{rel}","templated":true}]}}