{"id":8519,"date":"2025-09-17T12:08:19","date_gmt":"2025-09-17T10:08:19","guid":{"rendered":"https:\/\/boreait.com\/hu\/?post_type=product&#038;p=8519"},"modified":"2026-01-27T13:23:14","modified_gmt":"2026-01-27T12:23:14","slug":"eredeti-ibm-thinkpad-t60p-14-hutoborda-vedolemezes-laptop-26r9633","status":"publish","type":"product","link":"https:\/\/boreait.com\/hu\/termek\/eredeti-ibm-thinkpad-t60p-14-hutoborda-vedolemezes-laptop-26r9633\/","title":{"rendered":"Eredeti IBM Thinkpad T60P 14&#8243; h\u0171t\u0151borda v\u00e9d\u0151lemezes laptop 26R9633"},"content":{"rendered":"<p>Friss\u00edtse IBM Thinkpad T60P h\u0171t\u0151rendszer\u00e9t k\u00f6nnyed\u00e9n a 26R9633 cikksz\u00e1m\u00fa eredeti Heatsink Shield seg\u00edts\u00e9g\u00e9vel. Az optim\u00e1lis h\u0171t\u00e9si hat\u00e9konys\u00e1g \u00e9s megb\u00edzhat\u00f3s\u00e1g \u00e9rdek\u00e9ben ez az eredeti cserealkatr\u00e9sz biztos\u00edtja, hogy laptopja h\u0171v\u00f6s maradjon intenz\u00edv haszn\u00e1lat mellett is.<\/p>\n<p>F\u0151bb jellemz\u0151k:<\/p>\n<p>&#8211; Eredeti IBM csere: A kompatibilit\u00e1s \u00e9s a megb\u00edzhat\u00f3s\u00e1g biztos\u00edt\u00e1sa hiteles cserealkatr\u00e9szekkel.<\/p>\n<p>&#8211; K\u00f6nny\u0171 telep\u00edt\u00e9s: Egyszer\u0171 telep\u00edt\u00e9ssel k\u00f6nnyed\u00e9n jav\u00edthatja laptopja h\u0171t\u0151rendszer\u00e9t.<\/p>\n<p>&#8211; Fokozott h\u0171t\u00e9si hat\u00e9konys\u00e1g: A jobb teljes\u00edtm\u00e9ny \u00e9rdek\u00e9ben tartsa h\u0171v\u00f6sen \u00e9s hat\u00e9konyan a laptopj\u00e1t.<\/p>\n<p>&#8211; Tart\u00f3s konstrukci\u00f3: \u00dagy tervezt\u00e9k, hogy ellen\u00e1lljon a nagy ig\u00e9nybev\u00e9telnek, \u00edgy biztos\u00edtva a hossz\u00fa \u00e9lettartamot \u00e9s a megb\u00edzhat\u00f3s\u00e1got.<\/p>\n<p>Friss\u00edtse IBM Thinkpad T60P-j\u00e9t m\u00e9g ma az eredeti Heatsink Shield seg\u00edts\u00e9g\u00e9vel. V\u00e1s\u00e1roljon bizalommal, tudva, hogy laptopja h\u0171t\u0151rendszer\u00e9nek min\u0151s\u00e9gi cserealkatr\u00e9sz\u00e9be fektet be. Ha k\u00e9rd\u00e9se van, vagy seg\u00edts\u00e9gre van sz\u00fcks\u00e9ge, ne habozzon kapcsolatba l\u00e9pni vel\u00fcnk. Az\u00e9rt vagyunk itt, hogy seg\u00edts\u00fcnk laptopja z\u00f6kken\u0151mentes m\u0171k\u00f6d\u00e9s\u00e9ben.<\/p>\n","protected":false},"excerpt":{"rendered":"<p>Fokozza az IBM Thinkpad T60P h\u0171t\u0151rendszer\u00e9t ezzel az eredeti Heatsink Shield-el. K\u00f6nnyen telep\u00edthet\u0151 \u00e9s kompatibilis a 26R9633 cikksz\u00e1mmal. Tartsa laptopj\u00e1t h\u0171v\u00f6sen \u00e9s hat\u00e9konyan!<\/p>\n","protected":false},"featured_media":8570,"template":"","meta":[],"product_brand":[],"product_cat":[33],"product_tag":[26],"class_list":{"0":"post-8519","1":"product","2":"type-product","3":"status-publish","4":"has-post-thumbnail","6":"product_cat-cpu-fans-heatsinks","7":"product_tag-lenovo","9":"first","10":"instock","11":"taxable","12":"shipping-taxable","13":"purchasable","14":"product-type-simple"},"_links":{"self":[{"href":"https:\/\/boreait.com\/hu\/wp-json\/wp\/v2\/product\/8519","targetHints":{"allow":["GET"]}}],"collection":[{"href":"https:\/\/boreait.com\/hu\/wp-json\/wp\/v2\/product"}],"about":[{"href":"https:\/\/boreait.com\/hu\/wp-json\/wp\/v2\/types\/product"}],"wp:featuredmedia":[{"embeddable":true,"href":"https:\/\/boreait.com\/hu\/wp-json\/wp\/v2\/media\/8570"}],"wp:attachment":[{"href":"https:\/\/boreait.com\/hu\/wp-json\/wp\/v2\/media?parent=8519"}],"wp:term":[{"taxonomy":"product_brand","embeddable":true,"href":"https:\/\/boreait.com\/hu\/wp-json\/wp\/v2\/product_brand?post=8519"},{"taxonomy":"product_cat","embeddable":true,"href":"https:\/\/boreait.com\/hu\/wp-json\/wp\/v2\/product_cat?post=8519"},{"taxonomy":"product_tag","embeddable":true,"href":"https:\/\/boreait.com\/hu\/wp-json\/wp\/v2\/product_tag?post=8519"}],"curies":[{"name":"wp","href":"https:\/\/api.w.org\/{rel}","templated":true}]}}