{"id":8518,"date":"2025-09-17T12:08:19","date_gmt":"2025-09-17T10:08:19","guid":{"rendered":"https:\/\/boreait.com\/hu\/?post_type=product&#038;p=8518"},"modified":"2026-01-27T13:22:49","modified_gmt":"2026-01-27T12:22:49","slug":"eredeti-ibm-lenovo-14-t60-sztereo-hangszoro-betolto-hangszoro-42w7419-42w7427","status":"publish","type":"product","link":"https:\/\/boreait.com\/hu\/termek\/eredeti-ibm-lenovo-14-t60-sztereo-hangszoro-betolto-hangszoro-42w7419-42w7427\/","title":{"rendered":"Eredeti IBM Lenovo 14&#8243; T60 sztere\u00f3 hangsz\u00f3r\u00f3 bet\u00f6lt\u0151 hangsz\u00f3r\u00f3 42W7419 42W7427"},"content":{"rendered":"<p>Jav\u00edtsa IBM Lenovo 14&#8243; T60 laptopja hang\u00e9lm\u00e9ny\u00e9t az eredeti sztere\u00f3 hangsz\u00f3r\u00f3 bet\u00f6lt\u0151vel, amely kompatibilis a 42W7419 \u00e9s 42W7427 cikksz\u00e1mokkal. A min\u0151s\u00e9g \u00e9s a kompatibilit\u00e1s \u00e9rdek\u00e9ben ez az eredeti cserealkatr\u00e9sz tiszta \u00e9s mag\u00e1val ragad\u00f3 hangz\u00e1st biztos\u00edt.<\/p>\n<p>F\u0151bb jellemz\u0151k:<\/p>\n<p>&#8211; Eredeti IBM Lenovo csere: Biztos\u00edtsa a kompatibilit\u00e1st \u00e9s a megb\u00edzhat\u00f3s\u00e1got az eredeti cserealkatr\u00e9szekkel.<\/p>\n<p>&#8211; K\u00f6nny\u0171 telep\u00edt\u00e9s: Egyszer\u0171 telep\u00edt\u00e9ssel k\u00f6nnyed\u00e9n friss\u00edtheti laptopja hangj\u00e1t.<\/p>\n<p>&#8211; Tov\u00e1bbfejlesztett hangmin\u0151s\u00e9g: \u00c9lvezze a tiszta \u00e9s mag\u00e1val ragad\u00f3 hangz\u00e1st a tov\u00e1bbfejlesztett multim\u00e9di\u00e1s \u00e9lm\u00e9ny \u00e9rdek\u00e9ben.<\/p>\n<p>&#8211; Kompatibilit\u00e1s: Kifejezetten az IBM Lenovo 14&#8243; T60-hoz tervezt\u00e9k, z\u00f6kken\u0151mentes integr\u00e1ci\u00f3t biztos\u00edtva.<\/p>\n<p>Friss\u00edtse IBM Lenovo 14&#8243; T60 laptopj\u00e1t m\u00e9g ma az eredeti Stereo Speaker Loadspeakerrel. V\u00e1s\u00e1roljon bizalommal, tudva, hogy min\u0151s\u00e9gi cserealkatr\u00e9szre fektet be eszk\u00f6z\u00e9hez. Ha k\u00e9rd\u00e9se van, vagy seg\u00edts\u00e9gre van sz\u00fcks\u00e9ge, forduljon hozz\u00e1nk bizalommal. Sz\u00edvesen seg\u00edt\u00fcnk laptopja audiok\u00e9pess\u00e9g\u00e9nek fejleszt\u00e9s\u00e9ben.<\/p>\n","protected":false},"excerpt":{"rendered":"<p>Fokozza az IBM Lenovo 14&#8243; T60 hang\u00e9lm\u00e9ny\u00e9t ezzel az eredeti sztere\u00f3 hangsz\u00f3r\u00f3 bet\u00f6lt\u0151 hangsz\u00f3r\u00f3val. K\u00f6nnyen telep\u00edthet\u0151 \u00e9s kompatibilis a 42W7419 \u00e9s 42W7427 cikksz\u00e1mokkal. Jav\u00edtsa laptopja hangmin\u0151s\u00e9g\u00e9t m\u00e9g ma!<\/p>\n","protected":false},"featured_media":8569,"template":"","meta":[],"product_brand":[],"product_cat":[18],"product_tag":[26],"class_list":{"0":"post-8518","1":"product","2":"type-product","3":"status-publish","4":"has-post-thumbnail","6":"product_cat-laptop-speakers","7":"product_tag-lenovo","9":"first","10":"instock","11":"taxable","12":"shipping-taxable","13":"purchasable","14":"product-type-simple"},"_links":{"self":[{"href":"https:\/\/boreait.com\/hu\/wp-json\/wp\/v2\/product\/8518","targetHints":{"allow":["GET"]}}],"collection":[{"href":"https:\/\/boreait.com\/hu\/wp-json\/wp\/v2\/product"}],"about":[{"href":"https:\/\/boreait.com\/hu\/wp-json\/wp\/v2\/types\/product"}],"wp:featuredmedia":[{"embeddable":true,"href":"https:\/\/boreait.com\/hu\/wp-json\/wp\/v2\/media\/8569"}],"wp:attachment":[{"href":"https:\/\/boreait.com\/hu\/wp-json\/wp\/v2\/media?parent=8518"}],"wp:term":[{"taxonomy":"product_brand","embeddable":true,"href":"https:\/\/boreait.com\/hu\/wp-json\/wp\/v2\/product_brand?post=8518"},{"taxonomy":"product_cat","embeddable":true,"href":"https:\/\/boreait.com\/hu\/wp-json\/wp\/v2\/product_cat?post=8518"},{"taxonomy":"product_tag","embeddable":true,"href":"https:\/\/boreait.com\/hu\/wp-json\/wp\/v2\/product_tag?post=8518"}],"curies":[{"name":"wp","href":"https:\/\/api.w.org\/{rel}","templated":true}]}}