{"id":8517,"date":"2025-09-17T12:08:19","date_gmt":"2025-09-17T10:08:19","guid":{"rendered":"https:\/\/boreait.com\/hu\/?post_type=product&#038;p=8517"},"modified":"2026-01-27T13:22:33","modified_gmt":"2026-01-27T12:22:33","slug":"eredeti-ibm-lenovo-thinkpad-t60-dual-usb-ports-board-39t5624-kabellel","status":"publish","type":"product","link":"https:\/\/boreait.com\/hu\/termek\/eredeti-ibm-lenovo-thinkpad-t60-dual-usb-ports-board-39t5624-kabellel\/","title":{"rendered":"Eredeti IBM Lenovo ThinkPad T60 Dual USB Ports Board 39T5624 k\u00e1bellel"},"content":{"rendered":"<p>N\u00f6velje IBM Lenovo ThinkPad T60 laptopja csatlakoztathat\u00f3s\u00e1g\u00e1t az eredeti, 39T5624 cikksz\u00e1m\u00fa, kett\u0151s USB-portos k\u00e1rty\u00e1val \u00e9s k\u00e1bellel. A z\u00f6kken\u0151mentes kompatibilit\u00e1sra \u00e9s megb\u00edzhat\u00f3 teljes\u00edtm\u00e9nyre tervezett eredeti cserealkatr\u00e9sz t\u00f6k\u00e9letes a laptop USB-funkci\u00f3inak vissza\u00e1ll\u00edt\u00e1s\u00e1hoz vagy friss\u00edt\u00e9s\u00e9hez.<\/p>\n<p>F\u0151bb jellemz\u0151k:<\/p>\n<p>&#8211; Eredeti IBM Lenovo csere: A kompatibilit\u00e1s \u00e9s a megb\u00edzhat\u00f3s\u00e1g biztos\u00edt\u00e1sa hiteles cserealkatr\u00e9szekkel.<\/p>\n<p>&#8211; Kett\u0151s USB-port: K\u00e9t tov\u00e1bbi USB-portot biztos\u00edt a nagyobb csatlakoz\u00e1si lehet\u0151s\u00e9gekhez.<\/p>\n<p>&#8211; K\u00f6nny\u0171 telep\u00edt\u00e9s: Egyszer\u0171 telep\u00edt\u00e9ssel k\u00f6nnyed\u00e9n friss\u00edtheti laptopj\u00e1t.<\/p>\n<p>&#8211; Megb\u00edzhat\u00f3 teljes\u00edtm\u00e9ny: tart\u00f3ss\u00e1gra \u00e9s egyenletes teljes\u00edtm\u00e9nyre tervezt\u00e9k.<\/p>\n<p>Friss\u00edtse laptopja teljes\u00edtm\u00e9ny\u00e9t:<\/p>\n<p>Tapasztalja meg a tov\u00e1bbfejlesztett csatlakoztathat\u00f3s\u00e1got \u00e9s funkcionalit\u00e1st, ha friss\u00edti laptopj\u00e1t ezzel az eredeti, kett\u0151s USB-portos k\u00e1rty\u00e1val.<\/p>\n<p>Egyszer\u0171 telep\u00edt\u00e9s:<\/p>\n<p>Felhaszn\u00e1l\u00f3bar\u00e1t telep\u00edt\u00e9sre tervezt\u00e9k, \u00edgy k\u00f6nnyed\u00e9n, professzion\u00e1lis seg\u00edts\u00e9g n\u00e9lk\u00fcl jav\u00edthatja laptopja csatlakoztathat\u00f3s\u00e1g\u00e1t.<\/p>\n<p>Min\u0151s\u00e9gbiztos\u00edt\u00e1s:<\/p>\n<p>Biztos lehet benne, hogy egy kiv\u00e1l\u00f3 min\u0151s\u00e9g\u0171, eredeti IBM Lenovo cserealkatr\u00e9szbe fektet be, amelyet a megb\u00edzhat\u00f3s\u00e1g \u00e9s a hossz\u00fa \u00e9lettartam \u00e9rdek\u00e9ben terveztek.<\/p>\n<p>K\u00e9rj\u00fck, vegye figyelembe, hogy b\u00e1r a r\u00e9szletes telep\u00edt\u00e9si utas\u00edt\u00e1sokat nem adjuk meg, nyugodtan forduljon hozz\u00e1nk, ha k\u00e9rd\u00e9se van, vagy seg\u00edts\u00e9gre van sz\u00fcks\u00e9ge. A list\u00e1n szerepl\u0151 val\u00f3di term\u00e9kfot\u00f3k pontosan le\u00edrj\u00e1k, hogy mit fog kapni, t\u00fckr\u00f6zve az \u00e1tl\u00e1that\u00f3s\u00e1g \u00e9s az \u00fcgyfelek el\u00e9gedetts\u00e9ge ir\u00e1nti elk\u00f6telezetts\u00e9g\u00fcnket.<\/p>\n<p>Friss\u00edtse IBM Lenovo ThinkPad T60 laptopj\u00e1t m\u00e9g ma az eredeti Dual USB Ports Board k\u00e1bellel. V\u00e1s\u00e1roljon bizalommal, tudva, hogy laptopja min\u0151s\u00e9gi cserealkatr\u00e9sz\u00e9be fektet be. Ha k\u00e9rd\u00e9se van, vagy tov\u00e1bbi seg\u00edts\u00e9gre van sz\u00fcks\u00e9ge, ne habozzon kapcsolatba l\u00e9pni vel\u00fcnk. Az\u00e9rt vagyunk itt, hogy seg\u00edts\u00fcnk eszk\u00f6ze csatlakoztathat\u00f3s\u00e1g\u00e1nak jav\u00edt\u00e1s\u00e1ban.<\/p>\n","protected":false},"excerpt":{"rendered":"<p>Friss\u00edtse IBM Lenovo ThinkPad T60 k\u00e9sz\u00fcl\u00e9k\u00e9t ezzel az eredeti Dual USB Ports k\u00e1rty\u00e1val \u00e9s k\u00e1bellel. A 39T5624 cikksz\u00e1mmal kompatibilis, ez a k\u00f6nnyen telep\u00edthet\u0151 cserealkatr\u00e9sz megb\u00edzhat\u00f3 teljes\u00edtm\u00e9nyt \u00e9s tov\u00e1bbfejlesztett csatlakoztathat\u00f3s\u00e1got biztos\u00edt. Friss\u00edtse laptopj\u00e1t m\u00e9g ma!<\/p>\n","protected":false},"featured_media":8568,"template":"","meta":[],"product_brand":[],"product_cat":[27],"product_tag":[26],"class_list":{"0":"post-8517","1":"product","2":"type-product","3":"status-publish","4":"has-post-thumbnail","6":"product_cat-motherboards-board-parts","7":"product_tag-lenovo","9":"first","10":"instock","11":"taxable","12":"shipping-taxable","13":"purchasable","14":"product-type-simple"},"_links":{"self":[{"href":"https:\/\/boreait.com\/hu\/wp-json\/wp\/v2\/product\/8517","targetHints":{"allow":["GET"]}}],"collection":[{"href":"https:\/\/boreait.com\/hu\/wp-json\/wp\/v2\/product"}],"about":[{"href":"https:\/\/boreait.com\/hu\/wp-json\/wp\/v2\/types\/product"}],"wp:featuredmedia":[{"embeddable":true,"href":"https:\/\/boreait.com\/hu\/wp-json\/wp\/v2\/media\/8568"}],"wp:attachment":[{"href":"https:\/\/boreait.com\/hu\/wp-json\/wp\/v2\/media?parent=8517"}],"wp:term":[{"taxonomy":"product_brand","embeddable":true,"href":"https:\/\/boreait.com\/hu\/wp-json\/wp\/v2\/product_brand?post=8517"},{"taxonomy":"product_cat","embeddable":true,"href":"https:\/\/boreait.com\/hu\/wp-json\/wp\/v2\/product_cat?post=8517"},{"taxonomy":"product_tag","embeddable":true,"href":"https:\/\/boreait.com\/hu\/wp-json\/wp\/v2\/product_tag?post=8517"}],"curies":[{"name":"wp","href":"https:\/\/api.w.org\/{rel}","templated":true}]}}