{"id":8516,"date":"2025-09-17T12:08:18","date_gmt":"2025-09-17T10:08:18","guid":{"rendered":"https:\/\/boreait.com\/hu\/?post_type=product&#038;p=8516"},"modified":"2026-01-27T13:22:16","modified_gmt":"2026-01-27T12:22:16","slug":"eredeti-ibm-thinkpad-56k-betarcsazos-modem-fru-39t0495","status":"publish","type":"product","link":"https:\/\/boreait.com\/hu\/termek\/eredeti-ibm-thinkpad-56k-betarcsazos-modem-fru-39t0495\/","title":{"rendered":"Eredeti IBM Thinkpad 56K bet\u00e1rcs\u00e1z\u00f3s modem FRU 39T0495"},"content":{"rendered":"<p>N\u00f6velje IBM Thinkpad laptopja csatlakoztathat\u00f3s\u00e1g\u00e1t az eredeti 56K bet\u00e1rcs\u00e1z\u00f3s modemmel, a cikksz\u00e1m FRU 39T0495. Ez a megb\u00edzhat\u00f3s\u00e1gra \u00e9s teljes\u00edtm\u00e9nyre tervezett eredeti cserealkatr\u00e9sz stabil \u00e9s hat\u00e9kony bet\u00e1rcs\u00e1z\u00f3s kapcsolatokat biztos\u00edt.<\/p>\n<p>F\u0151bb jellemz\u0151k:<\/p>\n<p>&#8211; Eredeti IBM csere: A kompatibilit\u00e1s \u00e9s a megb\u00edzhat\u00f3s\u00e1g biztos\u00edt\u00e1sa hiteles cserealkatr\u00e9szekkel.<\/p>\n<p>&#8211; K\u00f6nny\u0171 telep\u00edt\u00e9s: Egyszer\u0171 telep\u00edt\u00e9ssel k\u00f6nnyed\u00e9n friss\u00edtheti eszk\u00f6ze csatlakoztathat\u00f3s\u00e1g\u00e1t.<\/p>\n<p>&#8211; Tov\u00e1bbfejlesztett kapcsolat: \u00c9lvezze a stabil \u00e9s hat\u00e9kony telefonos kapcsolatot ezzel a kiv\u00e1l\u00f3 min\u0151s\u00e9g\u0171 modemmel.<\/p>\n<p>&#8211; Tart\u00f3s konstrukci\u00f3: Tart\u00f3sra tervezve, hossz\u00fa \u00e9lettartamot \u00e9s megb\u00edzhat\u00f3 teljes\u00edtm\u00e9nyt biztos\u00edtva.<\/p>\n<p>Friss\u00edtse IBM Thinkpad laptopj\u00e1t m\u00e9g ma az eredeti 56K bet\u00e1rcs\u00e1z\u00f3s modemmel. V\u00e1s\u00e1roljon bizalommal, tudva, hogy min\u0151s\u00e9gi cserealkatr\u00e9szekbe fektet be k\u00e9sz\u00fcl\u00e9k\u00e9hez. Ha k\u00e9rd\u00e9se van, vagy seg\u00edts\u00e9gre van sz\u00fcks\u00e9ge, ne habozzon kapcsolatba l\u00e9pni vel\u00fcnk. Az\u00e9rt vagyunk itt, hogy seg\u00edts\u00fcnk eszk\u00f6ze funkcionalit\u00e1s\u00e1nak jav\u00edt\u00e1s\u00e1ban.<\/p>\n","protected":false},"excerpt":{"rendered":"<p>Friss\u00edtse IBM Thinkpadj\u00e1t ezzel az eredeti 56K-os telefonos modemmel. K\u00f6nnyen telep\u00edthet\u0151 \u00e9s kompatibilis az FRU 39T0495-tel. Fokozza laptopja csatlakoztathat\u00f3s\u00e1g\u00e1t m\u00e9g ma!<\/p>\n","protected":false},"featured_media":8567,"template":"","meta":[],"product_brand":[],"product_cat":[27],"product_tag":[26],"class_list":{"0":"post-8516","1":"product","2":"type-product","3":"status-publish","4":"has-post-thumbnail","6":"product_cat-motherboards-board-parts","7":"product_tag-lenovo","9":"first","10":"instock","11":"taxable","12":"shipping-taxable","13":"purchasable","14":"product-type-simple"},"_links":{"self":[{"href":"https:\/\/boreait.com\/hu\/wp-json\/wp\/v2\/product\/8516","targetHints":{"allow":["GET"]}}],"collection":[{"href":"https:\/\/boreait.com\/hu\/wp-json\/wp\/v2\/product"}],"about":[{"href":"https:\/\/boreait.com\/hu\/wp-json\/wp\/v2\/types\/product"}],"wp:featuredmedia":[{"embeddable":true,"href":"https:\/\/boreait.com\/hu\/wp-json\/wp\/v2\/media\/8567"}],"wp:attachment":[{"href":"https:\/\/boreait.com\/hu\/wp-json\/wp\/v2\/media?parent=8516"}],"wp:term":[{"taxonomy":"product_brand","embeddable":true,"href":"https:\/\/boreait.com\/hu\/wp-json\/wp\/v2\/product_brand?post=8516"},{"taxonomy":"product_cat","embeddable":true,"href":"https:\/\/boreait.com\/hu\/wp-json\/wp\/v2\/product_cat?post=8516"},{"taxonomy":"product_tag","embeddable":true,"href":"https:\/\/boreait.com\/hu\/wp-json\/wp\/v2\/product_tag?post=8516"}],"curies":[{"name":"wp","href":"https:\/\/api.w.org\/{rel}","templated":true}]}}