{"id":8512,"date":"2025-09-17T12:08:18","date_gmt":"2025-09-17T10:08:18","guid":{"rendered":"https:\/\/boreait.com\/hu\/?post_type=product&#038;p=8512"},"modified":"2025-09-17T12:08:57","modified_gmt":"2025-09-17T10:08:57","slug":"eredeti-41w6350-41w6351-lenovo-alaplap-tartokonzol","status":"publish","type":"product","link":"https:\/\/boreait.com\/hu\/termek\/eredeti-41w6350-41w6351-lenovo-alaplap-tartokonzol\/","title":{"rendered":"Eredeti 41W6350 41W6351 Lenovo alaplap tart\u00f3konzol"},"content":{"rendered":"<p>N\u00f6velje Lenovo rendszer\u00e9nek stabilit\u00e1s\u00e1t \u00e9s \u00e9lettartam\u00e1t az eredeti alaplap tart\u00f3konzollal, a cikksz\u00e1mok 41W6350 \u00e9s 41W6351. Ez a kifejezetten a Lenovo modellekhez tervezett eredeti cserealkatr\u00e9sz biztos\u00edtja az alaplap biztons\u00e1gos t\u00e1mogat\u00e1s\u00e1t.<\/p>\n<p>F\u0151bb jellemz\u0151k:<\/p>\n<p>&#8211; Eredeti Lenovo csere: Biztos\u00edtsa a kompatibilit\u00e1st \u00e9s a megb\u00edzhat\u00f3s\u00e1got az eredeti Lenovo alkatr\u00e9szekkel.<\/p>\n<p>&#8211; K\u00f6nny\u0171 telep\u00edt\u00e9s: Egyszer\u0171 telep\u00edt\u00e9ssel k\u00f6nnyed\u00e9n friss\u00edtheti rendszer\u00e9t.<\/p>\n<p>&#8211; Fokozott stabilit\u00e1s: Biztons\u00e1gosan t\u00e1mogatja az alaplapot, megel\u0151zve a megereszked\u00e9st \u00e9s az esetleges s\u00e9r\u00fcl\u00e9seket.<\/p>\n<p>&#8211; Tart\u00f3s konstrukci\u00f3: Tart\u00f3sra tervezve, hossz\u00fa t\u00e1v\u00fa t\u00e1mogat\u00e1st biztos\u00edtva az alaplapnak.<\/p>\n<p>Friss\u00edtse Lenovo rendszer\u00e9t m\u00e9g ma az eredeti alaplapi tart\u00f3kerettel. V\u00e1s\u00e1roljon bizalommal, tudva, hogy min\u0151s\u00e9gi cserealkatr\u00e9szekbe fektet be k\u00e9sz\u00fcl\u00e9k\u00e9hez. Ha k\u00e9rd\u00e9se van, vagy seg\u00edts\u00e9gre van sz\u00fcks\u00e9ge, ne habozzon kapcsolatba l\u00e9pni vel\u00fcnk. Az\u00e9rt vagyunk itt, hogy seg\u00edts\u00fcnk Lenovo rendszer\u00e9nek karbantart\u00e1s\u00e1ban \u00e9s fejleszt\u00e9s\u00e9ben.<\/p>\n","protected":false},"excerpt":{"rendered":"<p>Gondoskodjon a stabilit\u00e1sr\u00f3l \u00e9s a megb\u00edzhat\u00f3s\u00e1gr\u00f3l ezzel az eredeti Lenovo alaplaptart\u00f3 konzollal (41W6350 41W6351). K\u00f6nnyen telep\u00edthet\u0151, \u00e9s kompatibilis a k\u00fcl\u00f6nb\u00f6z\u0151 Lenovo modellekkel. Biztos\u00edtsa alaplapj\u00e1t magabiztosan m\u00e9g ma!<\/p>\n","protected":false},"featured_media":8557,"template":"","meta":[],"product_brand":[],"product_cat":[16],"product_tag":[26],"class_list":{"0":"post-8512","1":"product","2":"type-product","3":"status-publish","4":"has-post-thumbnail","6":"product_cat-laptop-housing","7":"product_tag-lenovo","9":"first","10":"instock","11":"taxable","12":"shipping-taxable","13":"purchasable","14":"product-type-simple"},"_links":{"self":[{"href":"https:\/\/boreait.com\/hu\/wp-json\/wp\/v2\/product\/8512","targetHints":{"allow":["GET"]}}],"collection":[{"href":"https:\/\/boreait.com\/hu\/wp-json\/wp\/v2\/product"}],"about":[{"href":"https:\/\/boreait.com\/hu\/wp-json\/wp\/v2\/types\/product"}],"wp:featuredmedia":[{"embeddable":true,"href":"https:\/\/boreait.com\/hu\/wp-json\/wp\/v2\/media\/8557"}],"wp:attachment":[{"href":"https:\/\/boreait.com\/hu\/wp-json\/wp\/v2\/media?parent=8512"}],"wp:term":[{"taxonomy":"product_brand","embeddable":true,"href":"https:\/\/boreait.com\/hu\/wp-json\/wp\/v2\/product_brand?post=8512"},{"taxonomy":"product_cat","embeddable":true,"href":"https:\/\/boreait.com\/hu\/wp-json\/wp\/v2\/product_cat?post=8512"},{"taxonomy":"product_tag","embeddable":true,"href":"https:\/\/boreait.com\/hu\/wp-json\/wp\/v2\/product_tag?post=8512"}],"curies":[{"name":"wp","href":"https:\/\/api.w.org\/{rel}","templated":true}]}}