{"id":849,"date":"2025-09-17T09:45:14","date_gmt":"2025-09-17T07:45:14","guid":{"rendered":"https:\/\/boreait.com\/hu\/?post_type=product&#038;p=849"},"modified":"2025-09-17T09:46:08","modified_gmt":"2025-09-17T07:46:08","slug":"hasznalt-eredeti-hp-pavilion-zbook-15-mikrofonmodul-cy100008300","status":"publish","type":"product","link":"https:\/\/boreait.com\/hu\/termek\/hasznalt-eredeti-hp-pavilion-zbook-15-mikrofonmodul-cy100008300\/","title":{"rendered":"Haszn\u00e1lt eredeti HP Pavilion Zbook 15 mikrofonmodul CY100008300"},"content":{"rendered":"<p>A haszn\u00e1lt eredeti HP Pavilion Zbook 15 mikrofonmodul CY100008300 egy megb\u00edzhat\u00f3 \u00e9s nagy teljes\u00edtm\u00e9ny\u0171 mikrofon, amelyet a Pavilion Zbook 15 hang\u00e9lm\u00e9ny\u00e9nek fokoz\u00e1s\u00e1ra terveztek. Ak\u00e1r hangfelv\u00e9telt k\u00e9sz\u00edt, ak\u00e1r videokonferenci\u00e1n vesz r\u00e9szt, ak\u00e1r hangutas\u00edt\u00e1sokat haszn\u00e1l, ez a mikrofonmodul tiszta \u00e9s pontos hangr\u00f6gz\u00edt\u00e9st biztos\u00edt.<\/p>\n<p>Ez az eredeti HP mikrofonmodul kompatibilis a Pavilion Zbook 15-tel, z\u00f6kken\u0151mentes integr\u00e1ci\u00f3t \u00e9s optim\u00e1lis teljes\u00edtm\u00e9nyt biztos\u00edtva. \u00dagy tervezt\u00e9k, hogy t\u00f6k\u00e9letesen illeszkedjen a laptop h\u00e1z\u00e1ba, \u00e1ramvonalas \u00e9s integr\u00e1lt megjelen\u00e9st biztos\u00edtva.<\/p>\n<p>A haszn\u00e1lt eredeti HP Pavilion Zbook 15 CY100008300 mikrofonmodullal jobb hangmin\u0151s\u00e9get \u00e9lvezhet hangfelv\u00e9telei \u00e9s kommunik\u00e1ci\u00f3ja sor\u00e1n. Tiszt\u00e1n \u00e9s pontosan r\u00f6gz\u00edti a hangot, \u00edgy ide\u00e1lis professzion\u00e1lis haszn\u00e1latra, multim\u00e9di\u00e1s k\u00e9sz\u00edt\u00e9sre \u00e9s online egy\u00fcttm\u0171k\u00f6d\u00e9sre.<\/p>\n<p>Megjegyz\u00e9s: A telep\u00edt\u00e9s el\u0151tt gy\u0151z\u0151dj\u00f6n meg arr\u00f3l, hogy laptopja ki van kapcsolva, \u00e9s le van v\u00e1lasztva az \u00e1ramforr\u00e1sr\u00f3l. Ha nem ismeri a laptop hardver\u00e9nek telep\u00edt\u00e9s\u00e9t, javasoljuk, hogy forduljon szakemberhez, vagy olvassa el a gy\u00e1rt\u00f3 utas\u00edt\u00e1sait.<\/p>\n","protected":false},"excerpt":{"rendered":"<p>N\u00f6velje hangr\u00f6gz\u00edt\u00e9si \u00e9s kommunik\u00e1ci\u00f3s k\u00e9pess\u00e9geit a haszn\u00e1lt eredeti HP Pavilion Zbook 15 mikrofonmodullal, CY100008300. Ezt az eredeti HP mikrofonmodult kifejezetten a Pavilion Zbook 15-h\u00f6z tervezt\u00e9k, tiszta \u00e9s kiv\u00e1l\u00f3 min\u0151s\u00e9g\u0171 hangteljes\u00edtm\u00e9nyt biztos\u00edtva.<\/p>\n","protected":false},"featured_media":903,"template":"","meta":[],"product_brand":[],"product_cat":[27],"product_tag":[25],"class_list":{"0":"post-849","1":"product","2":"type-product","3":"status-publish","4":"has-post-thumbnail","6":"product_cat-motherboards-board-parts","7":"product_tag-hp","9":"first","10":"instock","11":"taxable","12":"shipping-taxable","13":"purchasable","14":"product-type-simple"},"_links":{"self":[{"href":"https:\/\/boreait.com\/hu\/wp-json\/wp\/v2\/product\/849","targetHints":{"allow":["GET"]}}],"collection":[{"href":"https:\/\/boreait.com\/hu\/wp-json\/wp\/v2\/product"}],"about":[{"href":"https:\/\/boreait.com\/hu\/wp-json\/wp\/v2\/types\/product"}],"wp:featuredmedia":[{"embeddable":true,"href":"https:\/\/boreait.com\/hu\/wp-json\/wp\/v2\/media\/903"}],"wp:attachment":[{"href":"https:\/\/boreait.com\/hu\/wp-json\/wp\/v2\/media?parent=849"}],"wp:term":[{"taxonomy":"product_brand","embeddable":true,"href":"https:\/\/boreait.com\/hu\/wp-json\/wp\/v2\/product_brand?post=849"},{"taxonomy":"product_cat","embeddable":true,"href":"https:\/\/boreait.com\/hu\/wp-json\/wp\/v2\/product_cat?post=849"},{"taxonomy":"product_tag","embeddable":true,"href":"https:\/\/boreait.com\/hu\/wp-json\/wp\/v2\/product_tag?post=849"}],"curies":[{"name":"wp","href":"https:\/\/api.w.org\/{rel}","templated":true}]}}