{"id":8488,"date":"2025-09-17T12:07:53","date_gmt":"2025-09-17T10:07:53","guid":{"rendered":"https:\/\/boreait.com\/hu\/?post_type=product&#038;p=8488"},"modified":"2025-09-17T12:08:53","modified_gmt":"2025-09-17T10:08:53","slug":"eredeti-lenovo-thinkpad-t430s-kijelzokeret-elolap-0a86539-screen-surround","status":"publish","type":"product","link":"https:\/\/boreait.com\/hu\/termek\/eredeti-lenovo-thinkpad-t430s-kijelzokeret-elolap-0a86539-screen-surround\/","title":{"rendered":"Eredeti Lenovo ThinkPad T430s kijelz\u0151keret el\u0151lap 0a86539 Screen Surround"},"content":{"rendered":"<p>Emelje fel Lenovo ThinkPad T430s laptopja megjelen\u00e9s\u00e9t \u00e9s tart\u00f3ss\u00e1g\u00e1t az eredeti Display Frame Bezel Screen Surround seg\u00edts\u00e9g\u00e9vel. Ez a prec\u00edzen \u00e9s megb\u00edzhat\u00f3an megalkotott hiteles cserealkatr\u00e9sz t\u00f6k\u00e9letes illeszked\u00e9st \u00e9s z\u00f6kken\u0151mentes integr\u00e1ci\u00f3t biztos\u00edt a k\u00e9sz\u00fcl\u00e9kkel. PN: 0a86539<\/p>\n<p>F\u0151bb jellemz\u0151k:<\/p>\n<p>&#8211; Eredeti Lenovo csere: A kompatibilit\u00e1s \u00e9s a megb\u00edzhat\u00f3s\u00e1g biztos\u00edt\u00e1sa hiteles cserealkatr\u00e9szekkel.<\/p>\n<p>&#8211; K\u00f6nny\u0171 telep\u00edt\u00e9s: Egyszer\u0171 telep\u00edt\u00e9ssel k\u00f6nnyed\u00e9n jav\u00edthatja laptopja eszt\u00e9tikai megjelen\u00e9s\u00e9t.<\/p>\n<p>&#8211; Tov\u00e1bbfejlesztett megjelen\u00e9s: Alak\u00edtsa \u00e1t Lenovo ThinkPad T430s megjelen\u00e9s\u00e9t ezzel az eleg\u00e1ns kijelz\u0151kerettel.<\/p>\n<p>&#8211; Tart\u00f3s konstrukci\u00f3: Ezzel az er\u0151s k\u00e9perny\u0151kerettel v\u00e9di a k\u00e9perny\u0151 ter\u00fclet\u00e9t a port\u00f3l, t\u00f6rmel\u00e9kt\u0151l \u00e9s az esetleges s\u00e9r\u00fcl\u00e9sekt\u0151l.<\/p>\n<p>Friss\u00edtse Lenovo ThinkPad T430s laptopj\u00e1t m\u00e9g ma az eredeti Display Frame Bezel Screen Surround seg\u00edts\u00e9g\u00e9vel. V\u00e1s\u00e1roljon bizalommal, tudva, hogy min\u0151s\u00e9gi cserealkatr\u00e9szekbe fektet be k\u00e9sz\u00fcl\u00e9k\u00e9hez. Ha k\u00e9rd\u00e9se van, vagy seg\u00edts\u00e9gre van sz\u00fcks\u00e9ge, ne habozzon kapcsolatba l\u00e9pni vel\u00fcnk. Az\u00e9rt vagyunk itt, hogy seg\u00edts\u00fcnk eszk\u00f6ze eszt\u00e9tik\u00e1j\u00e1nak \u00e9s funkcionalit\u00e1s\u00e1nak jav\u00edt\u00e1s\u00e1ban.<\/p>\n","protected":false},"excerpt":{"rendered":"<p>N\u00f6velje Lenovo ThinkPad T430s megjelen\u00e9s\u00e9t ezzel az eredeti Display Frame Bezel Screen Surround hangz\u00e1ssal. K\u00f6nnyen telep\u00edthet\u0151 \u00e9s kompatibilis a k\u00e9sz\u00fcl\u00e9kkel. Friss\u00edtse laptopja eszt\u00e9tik\u00e1j\u00e1t m\u00e9g ma!<\/p>\n","protected":false},"featured_media":8554,"template":"","meta":[],"product_brand":[],"product_cat":[16],"product_tag":[26],"class_list":{"0":"post-8488","1":"product","2":"type-product","3":"status-publish","4":"has-post-thumbnail","6":"product_cat-laptop-housing","7":"product_tag-lenovo","9":"first","10":"instock","11":"taxable","12":"shipping-taxable","13":"purchasable","14":"product-type-simple"},"_links":{"self":[{"href":"https:\/\/boreait.com\/hu\/wp-json\/wp\/v2\/product\/8488","targetHints":{"allow":["GET"]}}],"collection":[{"href":"https:\/\/boreait.com\/hu\/wp-json\/wp\/v2\/product"}],"about":[{"href":"https:\/\/boreait.com\/hu\/wp-json\/wp\/v2\/types\/product"}],"wp:featuredmedia":[{"embeddable":true,"href":"https:\/\/boreait.com\/hu\/wp-json\/wp\/v2\/media\/8554"}],"wp:attachment":[{"href":"https:\/\/boreait.com\/hu\/wp-json\/wp\/v2\/media?parent=8488"}],"wp:term":[{"taxonomy":"product_brand","embeddable":true,"href":"https:\/\/boreait.com\/hu\/wp-json\/wp\/v2\/product_brand?post=8488"},{"taxonomy":"product_cat","embeddable":true,"href":"https:\/\/boreait.com\/hu\/wp-json\/wp\/v2\/product_cat?post=8488"},{"taxonomy":"product_tag","embeddable":true,"href":"https:\/\/boreait.com\/hu\/wp-json\/wp\/v2\/product_tag?post=8488"}],"curies":[{"name":"wp","href":"https:\/\/api.w.org\/{rel}","templated":true}]}}