{"id":8487,"date":"2025-09-17T12:07:53","date_gmt":"2025-09-17T10:07:53","guid":{"rendered":"https:\/\/boreait.com\/hu\/?post_type=product&#038;p=8487"},"modified":"2025-09-17T12:08:44","modified_gmt":"2025-09-17T10:08:44","slug":"eredeti-lenovo-thinkpad-t430s-also-alaphaz-hazburkolat-60-4qz01-002-hasznalt","status":"publish","type":"product","link":"https:\/\/boreait.com\/hu\/termek\/eredeti-lenovo-thinkpad-t430s-also-alaphaz-hazburkolat-60-4qz01-002-hasznalt\/","title":{"rendered":"Eredeti Lenovo Thinkpad T430S als\u00f3 alaph\u00e1z h\u00e1zburkolat 60.4QZ01.002 haszn\u00e1lt"},"content":{"rendered":"<p>N\u00f6velje Lenovo ThinkPad T430S laptopja v\u00e9delm\u00e9t \u00e9s tart\u00f3ss\u00e1g\u00e1t az eredeti als\u00f3 alaph\u00e1z h\u00e1zburkolattal, cikksz\u00e1m: 60.4QZ01.002. A kompatibilit\u00e1sra \u00e9s megb\u00edzhat\u00f3s\u00e1gra kialak\u00edtott haszn\u00e1lt burkolat szoros illeszked\u00e9st \u00e9s megb\u00edzhat\u00f3 teljes\u00edtm\u00e9nyt biztos\u00edt.<\/p>\n<p>F\u0151bb jellemz\u0151k:<\/p>\n<p>&#8211; Eredeti Lenovo alkatr\u00e9sz: A kompatibilit\u00e1s \u00e9s a megb\u00edzhat\u00f3s\u00e1g biztos\u00edt\u00e1sa hiteles cserefed\u00e9llel.<\/p>\n<p>&#8211; Haszn\u00e1lt \u00e1llapot: megfizethet\u0151 lehet\u0151s\u00e9get k\u00edn\u00e1l laptopja friss\u00edt\u00e9s\u00e9hez \u00e9s v\u00e9delm\u00e9hez.<\/p>\n<p>&#8211; K\u00f6nny\u0171 telep\u00edt\u00e9s: Egyszer\u0171 telep\u00edt\u00e9ssel k\u00f6nnyed\u00e9n friss\u00edtheti laptopja v\u00e9delm\u00e9t.<\/p>\n<p>&#8211; Tart\u00f3s konstrukci\u00f3: \u00fagy k\u00e9sz\u00fclt, hogy ellen\u00e1lljon a mindennapi haszn\u00e1latnak, \u00edgy biztos\u00edtva a hossz\u00fa \u00e9lettartamot \u00e9s a megb\u00edzhat\u00f3s\u00e1got.<\/p>\n<p>Friss\u00edtse Lenovo ThinkPad T430S laptopj\u00e1t m\u00e9g ma az eredeti als\u00f3 alaph\u00e1z h\u00e1zburkolattal. V\u00e1s\u00e1roljon bizalommal, tudva, hogy min\u0151s\u00e9gi cserealkatr\u00e9szekbe fektet be k\u00e9sz\u00fcl\u00e9k\u00e9hez. Ha k\u00e9rd\u00e9se van, vagy seg\u00edts\u00e9gre van sz\u00fcks\u00e9ge, ne habozzon kapcsolatba l\u00e9pni vel\u00fcnk. Az\u00e9rt vagyunk itt, hogy seg\u00edts\u00fcnk laptopja v\u00e9delm\u00e9nek \u00e9s funkcionalit\u00e1s\u00e1nak fokoz\u00e1s\u00e1ban.<\/p>\n","protected":false},"excerpt":{"rendered":"<p>Friss\u00edtse Lenovo ThinkPad T430S k\u00e9sz\u00fcl\u00e9k\u00e9t ezzel az eredeti als\u00f3 alaph\u00e1z burkolattal. A 60.4QZ01.002 cikksz\u00e1mmal kompatibilis haszn\u00e1lt burkolat v\u00e9delmet \u00e9s tart\u00f3ss\u00e1got biztos\u00edt laptopj\u00e1nak.<\/p>\n","protected":false},"featured_media":8541,"template":"","meta":[],"product_brand":[],"product_cat":[16],"product_tag":[26],"class_list":{"0":"post-8487","1":"product","2":"type-product","3":"status-publish","4":"has-post-thumbnail","6":"product_cat-laptop-housing","7":"product_tag-lenovo","9":"first","10":"instock","11":"taxable","12":"shipping-taxable","13":"purchasable","14":"product-type-simple"},"_links":{"self":[{"href":"https:\/\/boreait.com\/hu\/wp-json\/wp\/v2\/product\/8487","targetHints":{"allow":["GET"]}}],"collection":[{"href":"https:\/\/boreait.com\/hu\/wp-json\/wp\/v2\/product"}],"about":[{"href":"https:\/\/boreait.com\/hu\/wp-json\/wp\/v2\/types\/product"}],"wp:featuredmedia":[{"embeddable":true,"href":"https:\/\/boreait.com\/hu\/wp-json\/wp\/v2\/media\/8541"}],"wp:attachment":[{"href":"https:\/\/boreait.com\/hu\/wp-json\/wp\/v2\/media?parent=8487"}],"wp:term":[{"taxonomy":"product_brand","embeddable":true,"href":"https:\/\/boreait.com\/hu\/wp-json\/wp\/v2\/product_brand?post=8487"},{"taxonomy":"product_cat","embeddable":true,"href":"https:\/\/boreait.com\/hu\/wp-json\/wp\/v2\/product_cat?post=8487"},{"taxonomy":"product_tag","embeddable":true,"href":"https:\/\/boreait.com\/hu\/wp-json\/wp\/v2\/product_tag?post=8487"}],"curies":[{"name":"wp","href":"https:\/\/api.w.org\/{rel}","templated":true}]}}