{"id":8486,"date":"2025-09-17T12:07:53","date_gmt":"2025-09-17T10:07:53","guid":{"rendered":"https:\/\/boreait.com\/hu\/?post_type=product&#038;p=8486"},"modified":"2025-09-17T12:08:39","modified_gmt":"2025-09-17T10:08:39","slug":"eredeti-lenovo-thinkpad-t430s-kijelzotok-fedel-lcd-kepernyo-felso-fedel-fedel","status":"publish","type":"product","link":"https:\/\/boreait.com\/hu\/termek\/eredeti-lenovo-thinkpad-t430s-kijelzotok-fedel-lcd-kepernyo-felso-fedel-fedel\/","title":{"rendered":"Eredeti Lenovo ThinkPad T430s kijelz\u0151tok fed\u00e9l LCD k\u00e9perny\u0151 fels\u0151 fed\u00e9l fed\u00e9l"},"content":{"rendered":"<p>Fokozza Lenovo ThinkPad T430s laptopja megjelen\u00e9s\u00e9t \u00e9s tart\u00f3ss\u00e1g\u00e1t az eredeti kijelz\u0151tok fedeles LCD k\u00e9perny\u0151 fels\u0151 fed\u00e9l bor\u00edt\u00f3j\u00e1val. Ez a prec\u00edz \u00e9s megb\u00edzhat\u00f3 cserealkatr\u00e9sz optim\u00e1lis teljes\u00edtm\u00e9nyt \u00e9s egyszer\u0171 telep\u00edt\u00e9st biztos\u00edt.<\/p>\n<p>F\u0151bb jellemz\u0151k:<\/p>\n<p>&#8211; Eredeti Lenovo csere: A kompatibilit\u00e1s \u00e9s a megb\u00edzhat\u00f3s\u00e1g biztos\u00edt\u00e1sa hiteles cserealkatr\u00e9szekkel.<\/p>\n<p>&#8211; K\u00f6nny\u0171 telep\u00edt\u00e9s: Egyszer\u0171 telep\u00edt\u00e9ssel k\u00f6nnyed\u00e9n friss\u00edtheti laptopja megjelen\u00e9s\u00e9t.<\/p>\n<p>&#8211; Fokozott v\u00e9delem: V\u00e9dje meg laptopja kijelz\u0151j\u00e9t ezzel a tart\u00f3s \u00e9s robusztus fed\u00e9llel.<\/p>\n<p>&#8211; Kompatibilit\u00e1s: Kompatibilis a k\u00fcl\u00f6nb\u00f6z\u0151 Lenovo ThinkPad T430s modellekkel a sokoldal\u00fa felhaszn\u00e1l\u00e1s \u00e9rdek\u00e9ben.<\/p>\n<p>Friss\u00edtse Lenovo ThinkPad T430s laptopj\u00e1t m\u00e9g ma az eredeti kijelz\u0151tok fedeles LCD k\u00e9perny\u0151 fels\u0151 fedel\u00e9vel. V\u00e1s\u00e1roljon bizalommal, tudva, hogy min\u0151s\u00e9gi cserealkatr\u00e9szekbe fektet be k\u00e9sz\u00fcl\u00e9k\u00e9hez. Ha k\u00e9rd\u00e9se van, vagy seg\u00edts\u00e9gre van sz\u00fcks\u00e9ge, ne habozzon kapcsolatba l\u00e9pni vel\u00fcnk. Az\u00e9rt vagyunk itt, hogy seg\u00edts\u00fcnk laptopja megjelen\u00e9s\u00e9nek \u00e9s funkcionalit\u00e1s\u00e1nak jav\u00edt\u00e1s\u00e1ban.<\/p>\n","protected":false},"excerpt":{"rendered":"<p>Friss\u00edtse Lenovo ThinkPad T430s k\u00e9sz\u00fcl\u00e9k\u00e9t ezzel az eredeti kijelz\u0151tok fedeles LCD k\u00e9perny\u0151 fels\u0151 fed\u00e9llel. K\u00f6nnyen telep\u00edthet\u0151 \u00e9s kompatibilis a k\u00fcl\u00f6nb\u00f6z\u0151 modellekkel. N\u00f6velje laptopja megjelen\u00e9s\u00e9t \u00e9s v\u00e9dje meg a kijelz\u0151j\u00e9t m\u00e9g ma!<\/p>\n","protected":false},"featured_media":8539,"template":"","meta":[],"product_brand":[],"product_cat":[16],"product_tag":[26],"class_list":{"0":"post-8486","1":"product","2":"type-product","3":"status-publish","4":"has-post-thumbnail","6":"product_cat-laptop-housing","7":"product_tag-lenovo","9":"first","10":"instock","11":"taxable","12":"shipping-taxable","13":"purchasable","14":"product-type-simple"},"_links":{"self":[{"href":"https:\/\/boreait.com\/hu\/wp-json\/wp\/v2\/product\/8486","targetHints":{"allow":["GET"]}}],"collection":[{"href":"https:\/\/boreait.com\/hu\/wp-json\/wp\/v2\/product"}],"about":[{"href":"https:\/\/boreait.com\/hu\/wp-json\/wp\/v2\/types\/product"}],"wp:featuredmedia":[{"embeddable":true,"href":"https:\/\/boreait.com\/hu\/wp-json\/wp\/v2\/media\/8539"}],"wp:attachment":[{"href":"https:\/\/boreait.com\/hu\/wp-json\/wp\/v2\/media?parent=8486"}],"wp:term":[{"taxonomy":"product_brand","embeddable":true,"href":"https:\/\/boreait.com\/hu\/wp-json\/wp\/v2\/product_brand?post=8486"},{"taxonomy":"product_cat","embeddable":true,"href":"https:\/\/boreait.com\/hu\/wp-json\/wp\/v2\/product_cat?post=8486"},{"taxonomy":"product_tag","embeddable":true,"href":"https:\/\/boreait.com\/hu\/wp-json\/wp\/v2\/product_tag?post=8486"}],"curies":[{"name":"wp","href":"https:\/\/api.w.org\/{rel}","templated":true}]}}