{"id":8483,"date":"2025-09-17T12:07:53","date_gmt":"2025-09-17T10:07:53","guid":{"rendered":"https:\/\/boreait.com\/hu\/?post_type=product&#038;p=8483"},"modified":"2026-01-27T13:21:30","modified_gmt":"2026-01-27T12:21:30","slug":"13n1-7ea0811-eredeti-asus-heatsink-chromebook-flip-c434t","status":"publish","type":"product","link":"https:\/\/boreait.com\/hu\/termek\/13n1-7ea0811-eredeti-asus-heatsink-chromebook-flip-c434t\/","title":{"rendered":"13N1-7EA0811 EREDETI ASUS HEATSINK CHROMEBOOK FLIP C434T"},"content":{"rendered":"<p>N\u00f6velje ASUS Chromebook Flip C434T h\u0171t\u00e9si hat\u00e9konys\u00e1g\u00e1t az eredeti, 13N1-7EA0811 cikksz\u00e1m\u00fa h\u0171t\u0151bord\u00e1val. A tart\u00f3ss\u00e1g \u00e9s a kompatibilit\u00e1s \u00e9rdek\u00e9ben ez az eredeti cserealkatr\u00e9sz optim\u00e1lis h\u0151elvezet\u00e9st \u00e9s egyszer\u0171 telep\u00edt\u00e9st biztos\u00edt.<\/p>\n<p>F\u0151bb jellemz\u0151k:<\/p>\n<p>&#8211; Eredeti ASUS csere: A kompatibilit\u00e1s \u00e9s a megb\u00edzhat\u00f3s\u00e1g biztos\u00edt\u00e1sa hiteles cserealkatr\u00e9szekkel.<\/p>\n<p>&#8211; Fokozott h\u0171t\u00e9s: Az optim\u00e1lis m\u0171k\u00f6d\u00e9si h\u0151m\u00e9rs\u00e9klet fenntart\u00e1s\u00e1val jav\u00edthatja eszk\u00f6ze teljes\u00edtm\u00e9ny\u00e9t.<\/p>\n<p>&#8211; K\u00f6nny\u0171 telep\u00edt\u00e9s: Egyszer\u0171 telep\u00edt\u00e9ssel k\u00f6nnyed\u00e9n friss\u00edtheti eszk\u00f6ze h\u0171t\u0151rendszer\u00e9t.<\/p>\n<p>&#8211; Tart\u00f3s konstrukci\u00f3: \u00fagy k\u00e9sz\u00fclt, hogy ellen\u00e1lljon a haszn\u00e1latnak, biztos\u00edtva a hossz\u00fa \u00e9lettartamot \u00e9s a megb\u00edzhat\u00f3s\u00e1got.<\/p>\n<p>Friss\u00edtse ASUS Chromebook Flip C434T k\u00e9sz\u00fcl\u00e9k\u00e9t m\u00e9g ma az eredeti h\u0171t\u0151bord\u00e1val. V\u00e1s\u00e1roljon bizalommal, tudva, hogy min\u0151s\u00e9gi cserealkatr\u00e9szekbe fektet be k\u00e9sz\u00fcl\u00e9k\u00e9hez. Ha k\u00e9rd\u00e9se van, vagy seg\u00edts\u00e9gre van sz\u00fcks\u00e9ge, ne habozzon kapcsolatba l\u00e9pni vel\u00fcnk. Az\u00e9rt vagyunk itt, hogy seg\u00edts\u00fcnk eszk\u00f6ze teljes\u00edtm\u00e9ny\u00e9nek jav\u00edt\u00e1s\u00e1ban.<\/p>\n","protected":false},"excerpt":{"rendered":"<p>Friss\u00edtse ASUS Chromebook Flip C434T h\u0171t\u0151rendszer\u00e9t ezzel az eredeti h\u0171t\u0151bord\u00e1val. Optim\u00e1lis h\u0151elvezet\u00e9sre \u00e9s a 13N1-7EA0811 cikksz\u00e1mmal val\u00f3 kompatibilit\u00e1sra tervezve. Jav\u00edtsa eszk\u00f6ze teljes\u00edtm\u00e9ny\u00e9t m\u00e9g ma!<\/p>\n","protected":false},"featured_media":8535,"template":"","meta":[],"product_brand":[],"product_cat":[33],"product_tag":[30],"class_list":{"0":"post-8483","1":"product","2":"type-product","3":"status-publish","4":"has-post-thumbnail","6":"product_cat-cpu-fans-heatsinks","7":"product_tag-asus","9":"first","10":"instock","11":"taxable","12":"shipping-taxable","13":"purchasable","14":"product-type-simple"},"_links":{"self":[{"href":"https:\/\/boreait.com\/hu\/wp-json\/wp\/v2\/product\/8483","targetHints":{"allow":["GET"]}}],"collection":[{"href":"https:\/\/boreait.com\/hu\/wp-json\/wp\/v2\/product"}],"about":[{"href":"https:\/\/boreait.com\/hu\/wp-json\/wp\/v2\/types\/product"}],"wp:featuredmedia":[{"embeddable":true,"href":"https:\/\/boreait.com\/hu\/wp-json\/wp\/v2\/media\/8535"}],"wp:attachment":[{"href":"https:\/\/boreait.com\/hu\/wp-json\/wp\/v2\/media?parent=8483"}],"wp:term":[{"taxonomy":"product_brand","embeddable":true,"href":"https:\/\/boreait.com\/hu\/wp-json\/wp\/v2\/product_brand?post=8483"},{"taxonomy":"product_cat","embeddable":true,"href":"https:\/\/boreait.com\/hu\/wp-json\/wp\/v2\/product_cat?post=8483"},{"taxonomy":"product_tag","embeddable":true,"href":"https:\/\/boreait.com\/hu\/wp-json\/wp\/v2\/product_tag?post=8483"}],"curies":[{"name":"wp","href":"https:\/\/api.w.org\/{rel}","templated":true}]}}