{"id":8482,"date":"2025-09-17T12:07:53","date_gmt":"2025-09-17T10:07:53","guid":{"rendered":"https:\/\/boreait.com\/hu\/?post_type=product&#038;p=8482"},"modified":"2025-09-17T12:08:28","modified_gmt":"2025-09-17T10:08:28","slug":"eredeti-asus-chromebook-c434t-c434ta-erintokepernyos-digitalizalo-erintotabla-kabellel","status":"publish","type":"product","link":"https:\/\/boreait.com\/hu\/termek\/eredeti-asus-chromebook-c434t-c434ta-erintokepernyos-digitalizalo-erintotabla-kabellel\/","title":{"rendered":"Eredeti Asus Chromebook C434T C434TA \u00e9rint\u0151k\u00e9perny\u0151s digitaliz\u00e1l\u00f3 \u00e9rint\u0151t\u00e1bla k\u00e1bellel"},"content":{"rendered":"<p>N\u00f6velje Asus Chromebook C434T C434TA \u00e9rint\u0151k\u00e9perny\u0151s \u00e9lm\u00e9ny\u00e9t az eredeti Touchscreen Digitalizer Touch Board seg\u00edts\u00e9g\u00e9vel. A pontoss\u00e1g \u00e9s a kompatibilit\u00e1s szem el\u0151tt tart\u00e1s\u00e1val k\u00e9sz\u00fclt, ez az eredeti cserealkatr\u00e9sz z\u00f6kken\u0151mentes integr\u00e1ci\u00f3t \u00e9s megb\u00edzhat\u00f3 teljes\u00edtm\u00e9nyt biztos\u00edt.<\/p>\n<p>F\u0151bb jellemz\u0151k:<\/p>\n<p>&#8211; Eredeti Asus csere: A kompatibilit\u00e1s \u00e9s a megb\u00edzhat\u00f3s\u00e1g biztos\u00edt\u00e1sa hiteles cserealkatr\u00e9szekkel.<\/p>\n<p>&#8211; K\u00f6nny\u0171 telep\u00edt\u00e9s: Egyszer\u0171 telep\u00edt\u00e9ssel k\u00f6nnyed\u00e9n friss\u00edtheti Chromebookja \u00e9rint\u0151k\u00e9perny\u0151j\u00e9t.<\/p>\n<p>&#8211; Tov\u00e1bbfejlesztett \u00e9rint\u0151k\u00e9perny\u0151 funkcionalit\u00e1s: \u00c9lvezze az \u00e9rint\u0151k\u00e9perny\u0151 jobb v\u00e1laszk\u00e9szs\u00e9g\u00e9t \u00e9s pontoss\u00e1g\u00e1t a jobb felhaszn\u00e1l\u00f3i \u00e9lm\u00e9ny \u00e9rdek\u00e9ben.<\/p>\n<p>&#8211; Tart\u00f3s konstrukci\u00f3: \u00fagy k\u00e9sz\u00fclt, hogy ellen\u00e1lljon a mindennapi haszn\u00e1latnak, \u00edgy biztos\u00edtva a hossz\u00fa \u00e9lettartamot \u00e9s a megb\u00edzhat\u00f3s\u00e1got.<\/p>\n<p>Friss\u00edtse Asus Chromebook C434T C434TA k\u00e9sz\u00fcl\u00e9k\u00e9t m\u00e9g ma az eredeti \u00e9rint\u0151k\u00e9perny\u0151s digitaliz\u00e1l\u00f3 \u00e9rint\u0151k\u00e1rty\u00e1val. V\u00e1s\u00e1roljon bizalommal, tudva, hogy min\u0151s\u00e9gi cserealkatr\u00e9szekbe fektet be k\u00e9sz\u00fcl\u00e9k\u00e9hez. Ha k\u00e9rd\u00e9se van, vagy seg\u00edts\u00e9gre van sz\u00fcks\u00e9ge, ne habozzon kapcsolatba l\u00e9pni vel\u00fcnk. Az\u00e9rt vagyunk itt, hogy seg\u00edts\u00fcnk Chromebookja \u00e9rint\u0151k\u00e9perny\u0151-funkci\u00f3inak fejleszt\u00e9s\u00e9ben.<\/p>\n","protected":false},"excerpt":{"rendered":"<p>Fokozza Asus Chromebook C434T C434TA \u00e9rint\u0151k\u00e9perny\u0151s funkci\u00f3it ezzel az eredeti \u00e9rint\u0151k\u00e9perny\u0151s digitaliz\u00e1l\u00f3 \u00e9rint\u0151k\u00e1rty\u00e1val. K\u00f6nnyen telep\u00edthet\u0151 \u00e9s kompatibilis a k\u00e9sz\u00fcl\u00e9kkel. Friss\u00edtse Chromebookja \u00e9rint\u0151k\u00e9perny\u0151s \u00e9lm\u00e9ny\u00e9t m\u00e9g ma!<\/p>\n","protected":false},"featured_media":8534,"template":"","meta":[],"product_brand":[],"product_cat":[27],"product_tag":[30],"class_list":{"0":"post-8482","1":"product","2":"type-product","3":"status-publish","4":"has-post-thumbnail","6":"product_cat-motherboards-board-parts","7":"product_tag-asus","9":"first","10":"instock","11":"taxable","12":"shipping-taxable","13":"purchasable","14":"product-type-simple"},"_links":{"self":[{"href":"https:\/\/boreait.com\/hu\/wp-json\/wp\/v2\/product\/8482","targetHints":{"allow":["GET"]}}],"collection":[{"href":"https:\/\/boreait.com\/hu\/wp-json\/wp\/v2\/product"}],"about":[{"href":"https:\/\/boreait.com\/hu\/wp-json\/wp\/v2\/types\/product"}],"wp:featuredmedia":[{"embeddable":true,"href":"https:\/\/boreait.com\/hu\/wp-json\/wp\/v2\/media\/8534"}],"wp:attachment":[{"href":"https:\/\/boreait.com\/hu\/wp-json\/wp\/v2\/media?parent=8482"}],"wp:term":[{"taxonomy":"product_brand","embeddable":true,"href":"https:\/\/boreait.com\/hu\/wp-json\/wp\/v2\/product_brand?post=8482"},{"taxonomy":"product_cat","embeddable":true,"href":"https:\/\/boreait.com\/hu\/wp-json\/wp\/v2\/product_cat?post=8482"},{"taxonomy":"product_tag","embeddable":true,"href":"https:\/\/boreait.com\/hu\/wp-json\/wp\/v2\/product_tag?post=8482"}],"curies":[{"name":"wp","href":"https:\/\/api.w.org\/{rel}","templated":true}]}}