{"id":848,"date":"2025-09-17T09:45:14","date_gmt":"2025-09-17T07:45:14","guid":{"rendered":"https:\/\/boreait.com\/hu\/?post_type=product&#038;p=848"},"modified":"2025-09-17T09:46:06","modified_gmt":"2025-09-17T07:46:06","slug":"724294-3h0-webkamera-kamera-hp-elitebook-840-g1-g2-notebookokhoz-2","status":"publish","type":"product","link":"https:\/\/boreait.com\/hu\/termek\/724294-3h0-webkamera-kamera-hp-elitebook-840-g1-g2-notebookokhoz-2\/","title":{"rendered":"724294-3H0 webkamera kamera HP EliteBook 840 G1, G2 notebookokhoz"},"content":{"rendered":"<p>A Webcam Camera 724294-3H0 egy megb\u00edzhat\u00f3 \u00e9s nagy teljes\u00edtm\u00e9ny\u0171 kameramodul, amelyet kifejezetten a HP EliteBook 840 G1 \u00e9s G2 notebookokhoz terveztek. Ezzel a kamer\u00e1val fokozhatja videokonferencia \u00e9lm\u00e9ny\u00e9t, vide\u00f3kat r\u00f6gz\u00edthet, vagy k\u00e9peket k\u00e9sz\u00edthet tiszta \u00e9s \u00e9les r\u00e9szletekkel.<\/p>\n<p>Ez az eredeti HP kameramodul kompatibilit\u00e1st \u00e9s z\u00f6kken\u0151mentes integr\u00e1ci\u00f3t biztos\u00edt EliteBook 840 G1 vagy G2 notebookj\u00e1val. Kiv\u00e1l\u00f3 k\u00e9p- \u00e9s hangmin\u0151s\u00e9get biztos\u00edt, lehet\u0151v\u00e9 t\u00e9ve a hat\u00e9kony kommunik\u00e1ci\u00f3t videokonferenci\u00e1k sor\u00e1n vagy professzion\u00e1lis megjelen\u00e9s\u0171 vide\u00f3k k\u00e9sz\u00edt\u00e9s\u00e9t.<\/p>\n<p>A 724294-3H0 webkamera k\u00f6nnyen telep\u00edthet\u0151 \u00e9s haszn\u00e1lhat\u00f3. Egyszer\u0171en csatlakoztassa az EliteBook notebook kijel\u00f6lt csatlakoz\u00f3j\u00e1hoz, \u00e9s m\u00e1ris haszn\u00e1latra k\u00e9sz. A kameramodult \u00fagy tervezt\u00e9k, hogy t\u00f6k\u00e9letesen illeszkedjen a notebook el\u0151lapj\u00e1ba, \u00edgy tiszta \u00e9s integr\u00e1lt megjelen\u00e9st biztos\u00edt.<\/p>\n<p>Ak\u00e1r egy profi, aki t\u00e1volr\u00f3l szeretne kapcsolatot teremteni az \u00fcgyfelekkel, vagy egy di\u00e1k, aki online \u00f3r\u00e1kon vesz r\u00e9szt, a 724294-3H0 webkamera kamera n\u00e9lk\u00fcl\u00f6zhetetlen tartoz\u00e9ka HP EliteBook 840 G1 vagy G2 notebookj\u00e1hoz. \u00c9lvezze a tiszta video- \u00e9s audiokommunik\u00e1ci\u00f3t, r\u00f6gz\u00edtsen vide\u00f3kat, vagy \u00f6r\u00f6k\u00edtse meg eml\u00e9keit k\u00f6nnyed\u00e9n \u00e9s magabiztosan.<\/p>\n<p>Megjegyz\u00e9s: A telep\u00edt\u00e9s el\u0151tt gy\u0151z\u0151dj\u00f6n meg arr\u00f3l, hogy a notebook ki van kapcsolva, \u00e9s le van v\u00e1lasztva minden \u00e1ramforr\u00e1sr\u00f3l. Ha nem ismeri a laptop hardver\u00e9nek telep\u00edt\u00e9s\u00e9t, javasoljuk, hogy forduljon szakemberhez, vagy olvassa el a gy\u00e1rt\u00f3 utas\u00edt\u00e1sait.<\/p>\n","protected":false},"excerpt":{"rendered":"<p>Friss\u00edtse HP EliteBook 840 G1 vagy G2 notebookj\u00e1t a 724294-3H0 webkamer\u00e1val. Ez az eredeti HP kameramodul kiv\u00e1l\u00f3 min\u0151s\u00e9g\u0171 vide\u00f3t \u00e9s hangot biztos\u00edt a videokonferencia- \u00e9s felv\u00e9teli ig\u00e9nyekhez.<\/p>\n","protected":false},"featured_media":902,"template":"","meta":[],"product_brand":[],"product_cat":[23],"product_tag":[25],"class_list":{"0":"post-848","1":"product","2":"type-product","3":"status-publish","4":"has-post-thumbnail","6":"product_cat-laptop-camera","7":"product_tag-hp","9":"first","10":"instock","11":"taxable","12":"shipping-taxable","13":"purchasable","14":"product-type-simple"},"_links":{"self":[{"href":"https:\/\/boreait.com\/hu\/wp-json\/wp\/v2\/product\/848","targetHints":{"allow":["GET"]}}],"collection":[{"href":"https:\/\/boreait.com\/hu\/wp-json\/wp\/v2\/product"}],"about":[{"href":"https:\/\/boreait.com\/hu\/wp-json\/wp\/v2\/types\/product"}],"wp:featuredmedia":[{"embeddable":true,"href":"https:\/\/boreait.com\/hu\/wp-json\/wp\/v2\/media\/902"}],"wp:attachment":[{"href":"https:\/\/boreait.com\/hu\/wp-json\/wp\/v2\/media?parent=848"}],"wp:term":[{"taxonomy":"product_brand","embeddable":true,"href":"https:\/\/boreait.com\/hu\/wp-json\/wp\/v2\/product_brand?post=848"},{"taxonomy":"product_cat","embeddable":true,"href":"https:\/\/boreait.com\/hu\/wp-json\/wp\/v2\/product_cat?post=848"},{"taxonomy":"product_tag","embeddable":true,"href":"https:\/\/boreait.com\/hu\/wp-json\/wp\/v2\/product_tag?post=848"}],"curies":[{"name":"wp","href":"https:\/\/api.w.org\/{rel}","templated":true}]}}