{"id":8479,"date":"2025-09-17T12:07:53","date_gmt":"2025-09-17T10:07:53","guid":{"rendered":"https:\/\/boreait.com\/hu\/?post_type=product&#038;p=8479"},"modified":"2025-09-17T12:08:23","modified_gmt":"2025-09-17T10:08:23","slug":"eredeti-asus-chromebook-flip-c434ta-laptop-alaplap-m3-8100y-8gb-64gb","status":"publish","type":"product","link":"https:\/\/boreait.com\/hu\/termek\/eredeti-asus-chromebook-flip-c434ta-laptop-alaplap-m3-8100y-8gb-64gb\/","title":{"rendered":"EREDETI ASUS Chromebook Flip C434TA laptop alaplap M3-8100Y \/ 8gb \/ 64gb"},"content":{"rendered":"<p><strong>TELJESEN TESZTELVE!<\/strong><\/p>\n<p>N\u00f6velje ASUS Chromebook Flip C434TA teljes\u00edtm\u00e9ny\u00e9t az eredeti laptop alaplappal. Ez a z\u00f6kken\u0151mentes kompatibilit\u00e1sra \u00e9s megb\u00edzhat\u00f3s\u00e1gra tervezett eredeti cserealkatr\u00e9sz optim\u00e1lis teljes\u00edtm\u00e9nyt biztos\u00edt k\u00e9sz\u00fcl\u00e9ke sz\u00e1m\u00e1ra.<\/p>\n<p>M\u0171szaki adatok:<\/p>\n<ul>\n<li><span data-sheets-root=\"1\" data-sheets-value=\"{&quot;1&quot;:2,&quot;2&quot;:&quot;M3-8100Y&quot;}\" data-sheets-userformat=\"{&quot;2&quot;:13185,&quot;3&quot;:{&quot;1&quot;:0},&quot;10&quot;:2,&#038; quot;11&quot;:0,&quot;12&quot;:0,&quot;15&quot;:&quot;Calibri,&quot;16&quot;:11}\">M3-8100Y processzor<\/span><\/li>\n<li>8 GB RAM<\/li>\n<li>64 GB-os lemez<\/li>\n<\/ul>\n<p>F\u0151bb jellemz\u0151k:<\/p>\n<p>&#8211; Eredeti ASUS csere: A kompatibilit\u00e1s \u00e9s a megb\u00edzhat\u00f3s\u00e1g biztos\u00edt\u00e1sa hiteles cserealkatr\u00e9szekkel.<\/p>\n<p>&#8211; K\u00f6nny\u0171 telep\u00edt\u00e9s: Egyszer\u0171 telep\u00edt\u00e9ssel k\u00f6nnyed\u00e9n friss\u00edtheti eszk\u00f6z\u00e9t.<\/p>\n<p>&#8211; Fokozott teljes\u00edtm\u00e9ny: N\u00f6velje Chromebookja funkcionalit\u00e1s\u00e1t \u00e9s sebess\u00e9g\u00e9t ezzel az alaplappal.<\/p>\n<p>&#8211; Kompatibilit\u00e1s: kifejezetten az ASUS Chromebook Flip C434TA-hoz tervezt\u00e9k a t\u00f6k\u00e9letes illeszked\u00e9s \u00e9s a z\u00f6kken\u0151mentes integr\u00e1ci\u00f3 \u00e9rdek\u00e9ben.<\/p>\n<p>&#8211; Min\u0151s\u00e9gbiztos\u00edt\u00e1s: Nyugodjon meg, tudva, hogy val\u00f3di ASUS technol\u00f3gi\u00e1ba fektet be, amelyet szigor\u00fa min\u0151s\u00e9gbiztos\u00edt\u00e1si tesztek t\u00e1mogatnak.<\/p>\n<p>Friss\u00edtse ASUS Chromebook Flip C434TA k\u00e9sz\u00fcl\u00e9k\u00e9t m\u00e9g ma az eredeti laptop alaplappal. V\u00e1s\u00e1roljon bizalommal, tudva, hogy min\u0151s\u00e9gi cserealkatr\u00e9szekbe fektet be k\u00e9sz\u00fcl\u00e9k\u00e9hez. Ha k\u00e9rd\u00e9se van, vagy seg\u00edts\u00e9gre van sz\u00fcks\u00e9ge, ne habozzon kapcsolatba l\u00e9pni vel\u00fcnk. Az\u00e9rt vagyunk itt, hogy seg\u00edts\u00fcnk Chromebookja teljes\u00edtm\u00e9ny\u00e9nek jav\u00edt\u00e1s\u00e1ban.<\/p>\n","protected":false},"excerpt":{"rendered":"<p>Friss\u00edtse ASUS Chromebook Flip C434TA k\u00e9sz\u00fcl\u00e9k\u00e9t ezzel az eredeti laptop alaplappal. K\u00f6nnyen telep\u00edthet\u0151 \u00e9s kompatibilis az eszk\u00f6zzel, ez az alaplap megb\u00edzhat\u00f3 teljes\u00edtm\u00e9nyt biztos\u00edt. B\u0151v\u00edtse Chromebookja funkci\u00f3it m\u00e9g ma!<\/p>\n","protected":false},"featured_media":8531,"template":"","meta":[],"product_brand":[],"product_cat":[27],"product_tag":[30],"class_list":{"0":"post-8479","1":"product","2":"type-product","3":"status-publish","4":"has-post-thumbnail","6":"product_cat-motherboards-board-parts","7":"product_tag-asus","9":"first","10":"instock","11":"taxable","12":"shipping-taxable","13":"purchasable","14":"product-type-simple"},"_links":{"self":[{"href":"https:\/\/boreait.com\/hu\/wp-json\/wp\/v2\/product\/8479","targetHints":{"allow":["GET"]}}],"collection":[{"href":"https:\/\/boreait.com\/hu\/wp-json\/wp\/v2\/product"}],"about":[{"href":"https:\/\/boreait.com\/hu\/wp-json\/wp\/v2\/types\/product"}],"wp:featuredmedia":[{"embeddable":true,"href":"https:\/\/boreait.com\/hu\/wp-json\/wp\/v2\/media\/8531"}],"wp:attachment":[{"href":"https:\/\/boreait.com\/hu\/wp-json\/wp\/v2\/media?parent=8479"}],"wp:term":[{"taxonomy":"product_brand","embeddable":true,"href":"https:\/\/boreait.com\/hu\/wp-json\/wp\/v2\/product_brand?post=8479"},{"taxonomy":"product_cat","embeddable":true,"href":"https:\/\/boreait.com\/hu\/wp-json\/wp\/v2\/product_cat?post=8479"},{"taxonomy":"product_tag","embeddable":true,"href":"https:\/\/boreait.com\/hu\/wp-json\/wp\/v2\/product_tag?post=8479"}],"curies":[{"name":"wp","href":"https:\/\/api.w.org\/{rel}","templated":true}]}}