{"id":8478,"date":"2025-09-17T12:07:52","date_gmt":"2025-09-17T10:07:52","guid":{"rendered":"https:\/\/boreait.com\/hu\/?post_type=product&#038;p=8478"},"modified":"2025-09-17T12:08:22","modified_gmt":"2025-09-17T10:08:22","slug":"asus-chromebook-flip-c434-c434ta-14-huvelykes-csuklotamaszos-billentyuzet-13n1-7ea0a01-eredeti-csere-2","status":"publish","type":"product","link":"https:\/\/boreait.com\/hu\/termek\/asus-chromebook-flip-c434-c434ta-14-huvelykes-csuklotamaszos-billentyuzet-13n1-7ea0a01-eredeti-csere-2\/","title":{"rendered":"ASUS Chromebook Flip C434 C434TA 14 h\u00fcvelykes csukl\u00f3t\u00e1maszos billenty\u0171zet 13N1-7EA0A01 \u2013 Eredeti csere"},"content":{"rendered":"<p>N\u00f6velje g\u00e9pel\u00e9si \u00e9lm\u00e9ny\u00e9t az ASUS Chromebook Flip C434 C434TA 14 h\u00fcvelykes csukl\u00f3t\u00e1maszos billenty\u0171zet\u00e9vel, cikksz\u00e1ma: 13N1-7EA0A01. A kompatibilit\u00e1sra \u00e9s a tart\u00f3ss\u00e1gra tervezett eredeti csere z\u00f6kken\u0151mentes g\u00e9pel\u00e9si \u00e9lm\u00e9nyt \u00e9s megb\u00edzhat\u00f3 v\u00e9delmet biztos\u00edt laptopja sz\u00e1m\u00e1ra. Sv\u00e9d elrendez\u00e9s, teljesen kompatibilis m\u00e1s nyelvekkel.<\/p>\n<p><strong>F\u0151bb jellemz\u0151k:<\/strong><\/p>\n<p><strong>Eredeti ASUS csere:<\/strong> Ez a csukl\u00f3t\u00e1masz-billenty\u0171zet egy hiteles ASUS-alkatr\u00e9sz, amely biztos\u00edtja a Chromebook Flip C434 C434TA kompatibilit\u00e1s\u00e1t \u00e9s optim\u00e1lis teljes\u00edtm\u00e9ny\u00e9t.<\/p>\n<p><strong>K\u00e9nyelmes g\u00e9pel\u00e9s:<\/strong> szabv\u00e1nyos elrendez\u00e9s\u00e9vel \u00e9s tapinthat\u00f3 billenty\u0171ivel ez a billenty\u0171zet k\u00e9nyelmes \u00e9s \u00e9rz\u00e9keny g\u00e9pel\u00e9st tesz lehet\u0151v\u00e9 hossz\u00fa \u00f3r\u00e1kon \u00e1t.<\/p>\n<p><strong>Tov\u00e1bbfejlesztett v\u00e9delem:<\/strong> v\u00e9dje meg laptopja bels\u0151 alkatr\u00e9szeit ezzel a tart\u00f3s csukl\u00f3t\u00e1maszos billenty\u0171zettel, amely megv\u00e9d a port\u00f3l, a ki\u00f6ml\u00e9sekt\u0151l \u00e9s m\u00e1s vesz\u00e9lyekt\u0151l.<\/p>\n<p><strong>Egyszer\u0171 telep\u00edt\u00e9s:<\/strong> Felhaszn\u00e1l\u00f3bar\u00e1t kialak\u00edt\u00e1s\u00e1nak k\u00f6sz\u00f6nhet\u0151en a csukl\u00f3t\u00e1maszos billenty\u0171zet cser\u00e9je gyors \u00e9s egyszer\u0171, \u00edgy k\u00f6nnyed\u00e9n visszat\u00e9rhet a g\u00e9pel\u00e9shez.<\/p>\n<p>Magabiztosan friss\u00edtse ASUS Chromebook Flip C434 C434TA k\u00e9sz\u00fcl\u00e9k\u00e9t \u2013 rendelje meg eredeti csukl\u00f3t\u00e1maszos billenty\u0171zet\u00e9t m\u00e9g ma a Siggm\u00f3t\u00f3l. Val\u00f3di fot\u00f3kat adunk a pontos billenty\u0171zetr\u0151l, amelyet kap, \u00e9s a min\u0151s\u00e9g ir\u00e1nti elk\u00f6telezetts\u00e9g\u00fcnk biztos\u00edtja, hogy minden v\u00e1s\u00e1rl\u00e1skor el\u00e9gedett legyen.<\/p>\n<p><strong>Megjegyz\u00e9s:<\/strong> B\u00e1r nem adunk r\u00e9szletes telep\u00edt\u00e9si utas\u00edt\u00e1sokat, \u00fcgyf\u00e9lszolg\u00e1lati csapatunk k\u00e9szs\u00e9ggel \u00e1ll rendelkez\u00e9s\u00e9re, hogy seg\u00edtsen b\u00e1rmilyen k\u00e9rd\u00e9se vagy agg\u00e1lya eset\u00e9n. B\u00edzzon a Siggm\u00f3ban az eredeti ASUS laptop alkatr\u00e9szek\u00e9rt, \u00e9s fokozza a g\u00e9pel\u00e9si \u00e9lm\u00e9nyt Chromebook Flip C434 C434TA k\u00e9sz\u00fcl\u00e9k\u00e9vel.<\/p>\n","protected":false},"excerpt":{"rendered":"<p>Cser\u00e9lje ki ASUS Chromebook Flip C434 C434TA 14 h\u00fcvelykes csukl\u00f3t\u00e1maszos billenty\u0171zet\u00e9t erre az eredeti cser\u00e9re. A kompatibilit\u00e1s \u00e9s a tart\u00f3ss\u00e1g jegy\u00e9ben ez a csukl\u00f3t\u00e1maszos billenty\u0171zet z\u00f6kken\u0151mentes g\u00e9pel\u00e9st \u00e9s v\u00e9delmet biztos\u00edt laptopja sz\u00e1m\u00e1ra. B\u00edzzon a Siggm\u00f3ban a min\u0151s\u00e9gi laptop-alkatr\u00e9szek\u00e9rt.<\/p>\n","protected":false},"featured_media":8530,"template":"","meta":[],"product_brand":[],"product_cat":[16],"product_tag":[30],"class_list":{"0":"post-8478","1":"product","2":"type-product","3":"status-publish","4":"has-post-thumbnail","6":"product_cat-laptop-housing","7":"product_tag-asus","9":"first","10":"instock","11":"taxable","12":"shipping-taxable","13":"purchasable","14":"product-type-simple"},"_links":{"self":[{"href":"https:\/\/boreait.com\/hu\/wp-json\/wp\/v2\/product\/8478","targetHints":{"allow":["GET"]}}],"collection":[{"href":"https:\/\/boreait.com\/hu\/wp-json\/wp\/v2\/product"}],"about":[{"href":"https:\/\/boreait.com\/hu\/wp-json\/wp\/v2\/types\/product"}],"wp:featuredmedia":[{"embeddable":true,"href":"https:\/\/boreait.com\/hu\/wp-json\/wp\/v2\/media\/8530"}],"wp:attachment":[{"href":"https:\/\/boreait.com\/hu\/wp-json\/wp\/v2\/media?parent=8478"}],"wp:term":[{"taxonomy":"product_brand","embeddable":true,"href":"https:\/\/boreait.com\/hu\/wp-json\/wp\/v2\/product_brand?post=8478"},{"taxonomy":"product_cat","embeddable":true,"href":"https:\/\/boreait.com\/hu\/wp-json\/wp\/v2\/product_cat?post=8478"},{"taxonomy":"product_tag","embeddable":true,"href":"https:\/\/boreait.com\/hu\/wp-json\/wp\/v2\/product_tag?post=8478"}],"curies":[{"name":"wp","href":"https:\/\/api.w.org\/{rel}","templated":true}]}}