{"id":8460,"date":"2025-09-17T12:07:31","date_gmt":"2025-09-17T10:07:31","guid":{"rendered":"https:\/\/boreait.com\/hu\/?post_type=product&#038;p=8460"},"modified":"2025-09-17T12:08:16","modified_gmt":"2025-09-17T10:08:16","slug":"eredeti-asus-chromebook-flip-c434ta-laptop-felso-burkolat-13n1-7ea0421-13n1-7ea0431","status":"publish","type":"product","link":"https:\/\/boreait.com\/hu\/termek\/eredeti-asus-chromebook-flip-c434ta-laptop-felso-burkolat-13n1-7ea0421-13n1-7ea0431\/","title":{"rendered":"EREDETI ASUS Chromebook Flip C434TA laptop fels\u0151 burkolat 13N1-7EA0421 13N1-7EA0431"},"content":{"rendered":"<p>Friss\u00edtse ASUS Chromebook Flip C434TA megjelen\u00e9s\u00e9t \u00e9s v\u00e9delm\u00e9t az eredeti Laptop Top Cover seg\u00edts\u00e9g\u00e9vel. A pontoss\u00e1gra \u00e9s tart\u00f3ss\u00e1gra kialak\u00edtott hiteles cserealkatr\u00e9sz megb\u00edzhat\u00f3 teljes\u00edtm\u00e9nyt \u00e9s egyszer\u0171 telep\u00edt\u00e9st biztos\u00edt. Kompatibilis cikksz\u00e1mok: 13N1-7EA0421 &amp; 13N1-7EA0431<\/p>\n<p>F\u0151bb jellemz\u0151k:<\/p>\n<p>&#8211; Eredeti ASUS csere: A kompatibilit\u00e1s \u00e9s a megb\u00edzhat\u00f3s\u00e1g biztos\u00edt\u00e1sa hiteles cserealkatr\u00e9szekkel.<\/p>\n<p>&#8211; K\u00f6nny\u0171 telep\u00edt\u00e9s: Egyszer\u0171 telep\u00edt\u00e9ssel k\u00f6nnyed\u00e9n friss\u00edtheti laptopja megjelen\u00e9s\u00e9t.<\/p>\n<p>&#8211; Tov\u00e1bbfejlesztett megjelen\u00e9s: Alak\u00edtsa \u00e1t ASUS Chromebook Flip C434TA megjelen\u00e9s\u00e9t ezzel az eleg\u00e1ns fels\u0151 bor\u00edt\u00e1ssal.<\/p>\n<p>&#8211; Tov\u00e1bbi v\u00e9delem: Ezzel az er\u0151s fels\u0151 bor\u00edt\u00e1ssal \u00f3vja meg k\u00e9sz\u00fcl\u00e9k\u00e9t a karcol\u00e1sokt\u00f3l \u00e9s s\u00e9r\u00fcl\u00e9sekt\u0151l.<\/p>\n<p>Friss\u00edtse ASUS Chromebook Flip C434TA laptopj\u00e1t m\u00e9g ma az eredeti Laptop Top Cover seg\u00edts\u00e9g\u00e9vel. V\u00e1s\u00e1roljon bizalommal, tudva, hogy min\u0151s\u00e9gi cserealkatr\u00e9szekbe fektet be k\u00e9sz\u00fcl\u00e9k\u00e9hez. Ha k\u00e9rd\u00e9se van, vagy seg\u00edts\u00e9gre van sz\u00fcks\u00e9ge, ne habozzon kapcsolatba l\u00e9pni vel\u00fcnk. Az\u00e9rt vagyunk itt, hogy seg\u00edts\u00fcnk jav\u00edtani eszk\u00f6ze eszt\u00e9tik\u00e1j\u00e1t.<\/p>\n","protected":false},"excerpt":{"rendered":"<p>N\u00f6velje ASUS Chromebook Flip C434TA megjelen\u00e9s\u00e9t ezzel az eredeti laptop fels\u0151 bor\u00edt\u00e1ssal. K\u00f6nnyen telep\u00edthet\u0151 \u00e9s kompatibilis a k\u00e9sz\u00fcl\u00e9kkel. Friss\u00edtse laptopja eszt\u00e9tik\u00e1j\u00e1t m\u00e9g ma!<\/p>\n","protected":false},"featured_media":8509,"template":"","meta":[],"product_brand":[],"product_cat":[16],"product_tag":[30],"class_list":{"0":"post-8460","1":"product","2":"type-product","3":"status-publish","4":"has-post-thumbnail","6":"product_cat-laptop-housing","7":"product_tag-asus","9":"first","10":"instock","11":"taxable","12":"shipping-taxable","13":"purchasable","14":"product-type-simple"},"_links":{"self":[{"href":"https:\/\/boreait.com\/hu\/wp-json\/wp\/v2\/product\/8460","targetHints":{"allow":["GET"]}}],"collection":[{"href":"https:\/\/boreait.com\/hu\/wp-json\/wp\/v2\/product"}],"about":[{"href":"https:\/\/boreait.com\/hu\/wp-json\/wp\/v2\/types\/product"}],"wp:featuredmedia":[{"embeddable":true,"href":"https:\/\/boreait.com\/hu\/wp-json\/wp\/v2\/media\/8509"}],"wp:attachment":[{"href":"https:\/\/boreait.com\/hu\/wp-json\/wp\/v2\/media?parent=8460"}],"wp:term":[{"taxonomy":"product_brand","embeddable":true,"href":"https:\/\/boreait.com\/hu\/wp-json\/wp\/v2\/product_brand?post=8460"},{"taxonomy":"product_cat","embeddable":true,"href":"https:\/\/boreait.com\/hu\/wp-json\/wp\/v2\/product_cat?post=8460"},{"taxonomy":"product_tag","embeddable":true,"href":"https:\/\/boreait.com\/hu\/wp-json\/wp\/v2\/product_tag?post=8460"}],"curies":[{"name":"wp","href":"https:\/\/api.w.org\/{rel}","templated":true}]}}