{"id":846,"date":"2025-09-17T09:45:14","date_gmt":"2025-09-17T07:45:14","guid":{"rendered":"https:\/\/boreait.com\/hu\/?post_type=product&#038;p=846"},"modified":"2025-09-17T09:45:58","modified_gmt":"2025-09-17T07:45:58","slug":"egyetlen-billentyu-a-hp-elitebook-x360-1030-g3-g2-us-l10860-001-hpm16a63usj9201-hattervilagitasu-fekete-gombokhoz","status":"publish","type":"product","link":"https:\/\/boreait.com\/hu\/termek\/egyetlen-billentyu-a-hp-elitebook-x360-1030-g3-g2-us-l10860-001-hpm16a63usj9201-hattervilagitasu-fekete-gombokhoz\/","title":{"rendered":"Egyetlen billenty\u0171 a HP EliteBook x360 1030 G3 G2 US L10860-001 HPM16A63USJ9201 h\u00e1tt\u00e9rvil\u00e1g\u00edt\u00e1s\u00fa fekete gombokhoz"},"content":{"rendered":"<p><strong>Egyetlen\u00a0billenty\u0171t fog kapni az adatlap f\u00e9nyk\u00e9p\u00e9n tal\u00e1lhat\u00f3 billenty\u0171zetr\u0151l! Az el\u00e9rhet\u0151 kulcsok a k\u00e9pen l\u00e1that\u00f3k!<\/strong><\/p>\n<p>Maximaliz\u00e1lja laptopja funkcionalit\u00e1s\u00e1t a HP EliteBook x360 1030 G3 G2 kiv\u00e1l\u00f3 min\u0151s\u00e9g\u0171 egykulcsos cser\u00e9j\u00e9vel. \u00dagy tervezt\u00e9k, hogy t\u00f6k\u00e9letesen illeszkedjen az EliteBook x360 billenty\u0171zethez, ezt az egygombos cser\u00e9t kifejezetten az L10860-001 HPM16A63USJ9201 t\u00edpussz\u00e1mokhoz tervezt\u00e9k. A h\u00e1tt\u00e9rvil\u00e1g\u00edt\u00e1s\u00fa fekete billenty\u0171k nem csak eleg\u00e1ns \u00e9s modern eszt\u00e9tikai megjelen\u00e9st biztos\u00edtanak, hanem jav\u00edtj\u00e1k a l\u00e1that\u00f3s\u00e1got gyenge f\u00e9nyviszonyok mellett vagy \u00e9jszakai haszn\u00e1lat sor\u00e1n is.<\/p>\n<p>Cserekulcsunkat a HP EliteBook-felhaszn\u00e1l\u00f3k \u00e1ltal megszokott magas min\u0151s\u00e9gi k\u00f6vetelm\u00e9nyeknek megfelel\u0151en k\u00e9sz\u00edtett\u00fck. Ide\u00e1lis illeszked\u00e9st biztos\u00edt megl\u00e9v\u0151 billenty\u0171zet\u00e9hez, \u00fajszer\u0171 megjelen\u00e9st \u00e9s \u00e9rzetet adva. Robusztus kialak\u00edt\u00e1sa hossz\u00fa \u00e9lettartamot biztos\u00edt, \u00edgy fenntarthat\u00f3 \u00e9s k\u00f6lts\u00e9ghat\u00e9kony megold\u00e1st k\u00edn\u00e1l az egyes kulcsok s\u00e9r\u00fcl\u00e9s\u00e9re vagy elveszt\u00e9s\u00e9re.<\/p>\n<p>Ezt a billenty\u0171t az Egyes\u00fclt \u00c1llamok billenty\u0171zetkioszt\u00e1s\u00e1nak figyelembev\u00e9tel\u00e9vel tervezt\u00e9k, igazodva a HP billenty\u0171zetekhez kapcsol\u00f3d\u00f3 saj\u00e1tos tapint\u00e1si tapint\u00e1shoz \u00e9s billenty\u0171le\u00fct\u00e9si m\u00e9lys\u00e9ghez. Hihetetlen\u00fcl egyszer\u0171en telep\u00edthet\u0151, \u00edgy a r\u00e9gi vagy s\u00e9r\u00fclt kulcsokat szakember seg\u00edts\u00e9ge n\u00e9lk\u00fcl is kicser\u00e9lheti.<\/p>\n<p>Az elad\u00f3 fontos inform\u00e1ci\u00f3kat k\u00f6z\u00f6l, amelyeket figyelembe kell venni a cserekulcsk\u00e9szlet megv\u00e1s\u00e1rl\u00e1sa el\u0151tt, bele\u00e9rtve a klipek vari\u00e1ci\u00f3it a billenty\u0171zet gy\u00e1rt\u00f3j\u00e1t\u00f3l f\u00fcgg\u0151en. Javasoljuk, hogy a vev\u0151 n\u00e9zze meg a mell\u00e9kelt k\u00e9peket, hogy megbizonyosodjon arr\u00f3l, hogy a cserebillenty\u0171k\u00f6n l\u00e9v\u0151 kapcsok megegyeznek a billenty\u0171zet\u00e9n l\u00e9v\u0151kkel. Ha tov\u00e1bbi pontos\u00edt\u00e1sra vagy a kulcs k\u00e9p\u00e9re van sz\u00fcks\u00e9g, a vev\u0151 a \u201ek\u00e9rdezze meg az elad\u00f3t\u201d linken kereszt\u00fcl kapcsolatba l\u00e9phet az elad\u00f3val, \u00e9s 24 \u00f3r\u00e1n bel\u00fcl v\u00e1laszt kap.<\/p>\n<p>A vev\u0151 egy m\u0171anyag kapcsos billenty\u0171zetbillenty\u0171t \u00e9s egy gumipoharat kap a billenty\u0171 alatt. Az elad\u00f3 azonban hangs\u00falyozza a kompatibilit\u00e1s ellen\u0151rz\u00e9s\u00e9nek fontoss\u00e1g\u00e1t a v\u00e1s\u00e1rl\u00e1s el\u0151tt, mivel az azonos laptopmodell vagy billenty\u0171zet cikksz\u00e1m nem garant\u00e1lja a cserebillenty\u0171k m\u0171k\u00f6d\u00e9s\u00e9t. A vev\u0151t utas\u00edtj\u00e1k, hogy hasonl\u00edtsa \u00f6ssze a megl\u00e9v\u0151 kulcs\u00e1n l\u00e9v\u0151 klipet a megadott k\u00e9pekkel, \u00e9s ha bizonytalan, k\u00fcldj\u00f6n egy k\u00e9pet az elad\u00f3nak \u00e9rt\u00e9kel\u00e9sre.<\/p>\n<p>A cserekulcsok megv\u00e1s\u00e1rl\u00e1s\u00e1hoz a vev\u0151nek t\u00e1j\u00e9koztatnia kell az elad\u00f3t, hogy melyik kulcsot k\u00edv\u00e1nja megv\u00e1s\u00e1rolni. Az el\u00e9rhet\u0151 kulcsok list\u00e1ja a list\u00e1ban tal\u00e1lhat\u00f3. A vev\u0151 vagy megjegyz\u00e9st \u00edrhat az elad\u00f3nak a fizet\u00e9s sor\u00e1n, vagy kapcsolatba l\u00e9phet az elad\u00f3val a fizet\u00e9s ut\u00e1n az eBay v\u00e1s\u00e1rl\u00e1si el\u0151zm\u00e9nyeinek oldal\u00e1n. Javasoljuk, hogy a v\u00e1s\u00e1rl\u00f3 jelezze, hogy balra vagy jobbra v\u00e1lt\u00f3, vez\u00e9rl\u0151 vagy alt billenty\u0171t v\u00e1s\u00e1rol-e, illetve, ha sz\u00e1mbillenty\u0171ket v\u00e1s\u00e1rol, fels\u0151 billenty\u0171ket vagy sz\u00e1mbillenty\u0171zeteket. Ha a vev\u0151 nem t\u00e1j\u00e9koztatja az elad\u00f3t, hogy melyik kulcsot szeretn\u00e9 megv\u00e1s\u00e1rolni, a megrendel\u00e9s nem ker\u00fcl feldolgoz\u00e1sra.<\/p>\n<p>Elrendez\u00e9s: USA \/ USA<\/p>\n<p>Jelenleg az \u00f6sszes kulcs k\u00e9szleten van, ahogy az a list\u00e1n szerepl\u0151 k\u00e9pen is l\u00e1that\u00f3, bele\u00e9rtve:<\/p>\n<p>esc f1 f2 f3 f4 f5 f6 f8 f9 f10 f11 f12 &#8222;g\u00f6rget\u00e9s&#8221; &#8222;sz\u00fcnet&#8221; &#8222;besz\u00far\u00e1s&#8221; &#8222;t\u00f6rl\u00e9s&#8221;<\/p>\n<p>tilde 2 3 4 5 6 7 8 9 0 &#8211; = backspace &#8222;otthon&#8221;<\/p>\n<p>tab w e r y i o p [ ]  &#8222;oldal fel&#8221;<\/p>\n<p>caps lock s f j l\u00a0 &#8222;bel\u00e9p\u00e9s&#8221; &#8222;oldal lefel\u00e9&#8221;<\/p>\n<p>balra eltol\u00e1s z x c . \/ &#8222;jobbra eltol\u00e1s&#8221; &#8222;v\u00e9ge&#8221;<\/p>\n<p>&#8222;fn&#8221; &#8222;windows&#8221; &#8222;bal alt&#8221; &#8222;jobb oldali alt&#8221; &#8222;men\u00fc&#8221; &#8222;jobb vez\u00e9rl\u0151&#8221;<\/p>\n<p>&#8222;jobbra&#8221;<\/p>\n","protected":false},"excerpt":{"rendered":"<p>N\u00f6velje HP EliteBook x360 1030 G3 G2 \u00e9lm\u00e9ny\u00e9t pr\u00e9mium egykulcsos cserealkatr\u00e9sz\u00fcnkkel, az L10860-001 HPM16A63USJ9201 t\u00edpussal, amely eleg\u00e1ns fekete fel\u00fclettel \u00e9s h\u00e1tt\u00e9rvil\u00e1g\u00edt\u00e1ssal rendelkezik a z\u00f6kken\u0151mentes illeszked\u00e9s \u00e9s a kiv\u00e1l\u00f3 l\u00e1that\u00f3s\u00e1g \u00e9rdek\u00e9ben.<\/p>\n","protected":false},"featured_media":888,"template":"","meta":[],"product_brand":[],"product_cat":[24],"product_tag":[25],"class_list":{"0":"post-846","1":"product","2":"type-product","3":"status-publish","4":"has-post-thumbnail","6":"product_cat-individual-keyboard-keys","7":"product_tag-hp","9":"first","10":"instock","11":"taxable","12":"shipping-taxable","13":"purchasable","14":"product-type-simple"},"_links":{"self":[{"href":"https:\/\/boreait.com\/hu\/wp-json\/wp\/v2\/product\/846","targetHints":{"allow":["GET"]}}],"collection":[{"href":"https:\/\/boreait.com\/hu\/wp-json\/wp\/v2\/product"}],"about":[{"href":"https:\/\/boreait.com\/hu\/wp-json\/wp\/v2\/types\/product"}],"wp:featuredmedia":[{"embeddable":true,"href":"https:\/\/boreait.com\/hu\/wp-json\/wp\/v2\/media\/888"}],"wp:attachment":[{"href":"https:\/\/boreait.com\/hu\/wp-json\/wp\/v2\/media?parent=846"}],"wp:term":[{"taxonomy":"product_brand","embeddable":true,"href":"https:\/\/boreait.com\/hu\/wp-json\/wp\/v2\/product_brand?post=846"},{"taxonomy":"product_cat","embeddable":true,"href":"https:\/\/boreait.com\/hu\/wp-json\/wp\/v2\/product_cat?post=846"},{"taxonomy":"product_tag","embeddable":true,"href":"https:\/\/boreait.com\/hu\/wp-json\/wp\/v2\/product_tag?post=846"}],"curies":[{"name":"wp","href":"https:\/\/api.w.org\/{rel}","templated":true}]}}