{"id":8459,"date":"2025-09-17T12:07:30","date_gmt":"2025-09-17T10:07:30","guid":{"rendered":"https:\/\/boreait.com\/hu\/?post_type=product&#038;p=8459"},"modified":"2026-01-27T13:21:14","modified_gmt":"2026-01-27T12:21:14","slug":"dell-latitude-14-7404-kepernyo-felso-sarka-gumi-laptop-alkatreszeinek-csereje-6","status":"publish","type":"product","link":"https:\/\/boreait.com\/hu\/termek\/dell-latitude-14-7404-kepernyo-felso-sarka-gumi-laptop-alkatreszeinek-csereje-6\/","title":{"rendered":"DELL LATITUDE 14 7404 k\u00e9perny\u0151 fels\u0151 sarka gumi \u2013 Laptop alkatr\u00e9szeinek cser\u00e9je"},"content":{"rendered":"<p>Fels\u0151 sark\u00fa gumicser\u00e9re van sz\u00fcks\u00e9ge DELL LATITUDE 14 7404 laptop k\u00e9perny\u0151j\u00e9hez? Ne keressen tov\u00e1bb! Fels\u0151 sarki gumicsere a t\u00f6k\u00e9letes megold\u00e1s arra, hogy laptopj\u00e1t \u00fajra cs\u00facsform\u00e1ba hozza.<\/p>\n<p>Ezt a cserealkatr\u00e9szt kifejezetten a DELL LATITUDE 14 7404 laptopokhoz tervezt\u00e9k, \u00edgy biztos\u00edtva a t\u00f6k\u00e9letes illeszked\u00e9st. Tart\u00f3s anyagokb\u00f3l k\u00e9sz\u00fclt, \u00edgy kiv\u00e1l\u00f3 v\u00e9delmet ny\u00fajt laptopja k\u00e9perny\u0151j\u00e9nek fels\u0151 sarkai sz\u00e1m\u00e1ra.<\/p>\n<p>Mi\u00e9rt v\u00e1lassza a DELL LATITUDE 14 7404 k\u00e9perny\u0151 fels\u0151 sark\u00e1nak gumicser\u00e9j\u00e9t?<\/p>\n<ul>\n<li><strong>T\u00f6k\u00e9letes illeszked\u00e9s:<\/strong> \u00dagy tervezt\u00e9k, hogy pontosan illeszkedjen DELL LATITUDE 14 7404 laptopj\u00e1hoz, \u00edgy biztos\u00edtva a z\u00f6kken\u0151mentes cser\u00e9t.<\/li>\n<li><strong>Min\u0151s\u00e9gbiztos\u00edt\u00e1s:<\/strong> Kiv\u00e1l\u00f3 min\u0151s\u00e9g\u0171 anyagokb\u00f3l k\u00e9sz\u00fclt a tart\u00f3ss\u00e1g \u00e9s a hossz\u00fa \u00e9lettartam \u00e9rdek\u00e9ben.<\/li>\n<li><strong>K\u00f6nny\u0171 csere:<\/strong> probl\u00e9mamentes telep\u00edt\u00e9sre tervezt\u00e9k; nem kell profi technikust fogadni.<\/li>\n<li><strong>Sz\u00e1ll\u00edt\u00e1s az eg\u00e9sz vil\u00e1gon:<\/strong> Vil\u00e1gszerte k\u00edn\u00e1lunk sz\u00e1ll\u00edt\u00e1st, ami k\u00e9nyelmess\u00e9 teszi az \u00fcgyfelek sz\u00e1m\u00e1ra Eur\u00f3p\u00e1ban \u00e9s azon t\u00fal.<\/li>\n<li><strong>Val\u00f3di term\u00e9kfot\u00f3k:<\/strong> Az adatlapon szerepl\u0151 fot\u00f3k a kapott term\u00e9k val\u00f3di k\u00e9pei, \u00e1tl\u00e1that\u00f3s\u00e1got \u00e9s magabiztoss\u00e1got biztos\u00edtva a v\u00e1s\u00e1rl\u00e1shoz.<\/li>\n<\/ul>\n<p>Helyezze vissza DELL LATITUDE 14 7404 laptopja k\u00e9perny\u0151j\u00e9nek eszt\u00e9tik\u00e1j\u00e1t \u00e9s funkcionalit\u00e1s\u00e1t a fels\u0151 sark\u00fa gumicsere seg\u00edts\u00e9g\u00e9vel. Kattintson a &#8222;Kos\u00e1rba&#8221; gombra, \u00e9s k\u00fcldje el k\u00f6zvetlen\u00fcl a k\u00edv\u00e1nt helyre. Ha b\u00e1rmilyen k\u00e9rd\u00e9se van, vagy tov\u00e1bbi seg\u00edts\u00e9gre van sz\u00fcks\u00e9ge, nyugodtan \u00edrjon nek\u00fcnk. Az \u00d6n el\u00e9gedetts\u00e9ge sz\u00e1munkra a legfontosabb!<\/p>\n","protected":false},"excerpt":{"rendered":"<p>Cser\u00e9lni szeretn\u00e9 DELL LATITUDE 14 7404 laptopja k\u00e9perny\u0151j\u00e9nek fels\u0151 sark\u00e1nak gumij\u00e1t? Ezzel a kiv\u00e1l\u00f3 min\u0151s\u00e9g\u0171 cserealkatr\u00e9szrel biztos\u00edtjuk \u00d6nnek.<\/p>\n","protected":false},"featured_media":8508,"template":"","meta":[],"product_brand":[],"product_cat":[16],"product_tag":[17],"class_list":{"0":"post-8459","1":"product","2":"type-product","3":"status-publish","4":"has-post-thumbnail","6":"product_cat-laptop-housing","7":"product_tag-dell","9":"first","10":"instock","11":"taxable","12":"shipping-taxable","13":"purchasable","14":"product-type-simple"},"_links":{"self":[{"href":"https:\/\/boreait.com\/hu\/wp-json\/wp\/v2\/product\/8459","targetHints":{"allow":["GET"]}}],"collection":[{"href":"https:\/\/boreait.com\/hu\/wp-json\/wp\/v2\/product"}],"about":[{"href":"https:\/\/boreait.com\/hu\/wp-json\/wp\/v2\/types\/product"}],"wp:featuredmedia":[{"embeddable":true,"href":"https:\/\/boreait.com\/hu\/wp-json\/wp\/v2\/media\/8508"}],"wp:attachment":[{"href":"https:\/\/boreait.com\/hu\/wp-json\/wp\/v2\/media?parent=8459"}],"wp:term":[{"taxonomy":"product_brand","embeddable":true,"href":"https:\/\/boreait.com\/hu\/wp-json\/wp\/v2\/product_brand?post=8459"},{"taxonomy":"product_cat","embeddable":true,"href":"https:\/\/boreait.com\/hu\/wp-json\/wp\/v2\/product_cat?post=8459"},{"taxonomy":"product_tag","embeddable":true,"href":"https:\/\/boreait.com\/hu\/wp-json\/wp\/v2\/product_tag?post=8459"}],"curies":[{"name":"wp","href":"https:\/\/api.w.org\/{rel}","templated":true}]}}